{"id":714,"date":"2024-03-06T18:59:59","date_gmt":"2024-03-06T15:59:59","guid":{"rendered":"https:\/\/lykiaworlddivingcentre.com\/about-us\/"},"modified":"2024-03-12T10:52:00","modified_gmt":"2024-03-12T07:52:00","slug":"about-us","status":"publish","type":"page","link":"https:\/\/lykiaworlddivingcentre.com\/tr\/about-us\/","title":{"rendered":"Hakk\u0131m\u0131zda"},"content":{"rendered":"\n\t<section class=\"section\" id=\"section_1192536388\">\n\t\t<div class=\"section-bg fill\" >\n\t\t\t\t\t\t\t\t\t\n\t\t\t\n\n\t\t<\/div>\n\n\t\t\n\n\t\t<div class=\"section-content relative\">\n\t\t\t\n  <div id=\"page-header-389720255\" class=\"page-header-wrapper\">\n  <div class=\"page-title dark featured-title\">\n\n        <div class=\"page-title-bg\">\n      <div class=\"title-bg fill bg-fill\"\n        data-parallax-container=\".page-title\"\n        data-parallax-background\n        data-parallax=\"-\">\n      <\/div>\n      <div class=\"title-overlay fill\"><\/div>\n    <\/div>\n    \n    <div class=\"page-title-inner container align-center flex-row medium-flex-wrap\" >\n              <div class=\"title-wrapper flex-col text-left medium-text-center\">\n          <h1 class=\"entry-title mb-0\">\n            Hakk\u0131m\u0131zda          <\/h1>\n        <\/div>\n                    <div class=\"title-content flex-col flex-right text-right medium-text-center\">\n        <div class=\"title-breadcrumbs pb-half pt-half\"><nav class=\"woocommerce-breadcrumb breadcrumbs uppercase\" aria-label=\"Breadcrumb\">Ana Sayfa<\/nav><\/div>      <\/div>\n    <\/div>\n\n     \n<style>\n#page-header-389720255 .page-title-inner {\n  min-height: 500px;\n}\n#page-header-389720255 .title-bg {\n  background-image: url(https:\/\/lykiaworlddivingcentre.com\/wp-content\/uploads\/2024\/03\/Oludeniz-blue-lagoon-LykiaWorld-diving-centre-office-scaled.jpg);\n  background-position: 50% 50%;\n}\n#page-header-389720255 .title-overlay {\n  background-color: rgba(251, 191, 0, 0.11);\n}\n<\/style>\n  <\/div>\n    <\/div>\n  \n<div class=\"row\"  id=\"row-1596207110\">\n\n\t<div id=\"col-640808567\" class=\"col small-12 large-12\"  >\n\t\t\t\t<div class=\"col-inner\"  >\n\t\t\t\n\t\t\t\n<p style=\"text-align: center;\">1991 y\u0131l\u0131nda Marmaris&#8217;te ba\u015flayan dal\u0131\u015f maceram\u0131z son sekiz y\u0131ld\u0131r Fethiye \u00d6l\u00fcdeniz b\u00f6lgesinde devam etmektedir. Sekt\u00f6re girdi\u011fimiz ilk g\u00fcnden beri dal\u0131\u015fa yeni bir boyut katmak i\u00e7in \u00e7al\u0131\u015ft\u0131k ve bu tutkumuzu halen koruyoruz. Lykia World Diving Center (LWDC), \u00d6l\u00fcdeniz&#8217;de bulunan ve T\u00fcrkiye&#8217;nin en iyi dal\u0131\u015f noktalar\u0131na sahip PADI 5 y\u0131ld\u0131zl\u0131 bir E\u011fitmen Geli\u015ftirme Merkezidir. Yeni ba\u015flayanlar ve kalifiye dalg\u0131\u00e7lar i\u00e7in g\u00fcnl\u00fck dal\u0131\u015f gezileri sunuyoruz. Ayr\u0131ca, ba\u015flang\u0131\u00e7 seviyesinden e\u011fitmen seviyesine kadar t\u00fcm seviyedeki PADI kurslar\u0131n\u0131n yan\u0131 s\u0131ra Uzmanl\u0131k dallar\u0131 da sunuyoruz. E\u011fitmenlerimiz \u0130ngilizce, Almanca, Rus\u00e7a ve T\u00fcrk\u00e7e e\u011fitim vermektedir.<\/p>\n<h2 style=\"text-align: center;\">Neden Lykia World Diving Centre?<\/h2>\n<div class=\"row align-center\"  id=\"row-1841912369\">\n\n\t<div id=\"col-1874240739\" class=\"col medium-8 small-12 large-8\"  >\n\t\t\t\t<div class=\"col-inner text-center\"  >\n\t\t\t\n\t\t\t\n<h3>PADI 5 YILDIZ IDC<\/h3>\n<p>5 Y\u0131ld\u0131z PADI IDC (Instructor Development Centre) E\u011fitmen Yeti\u015ftirme Merkezi olmam\u0131z\u0131n yan\u0131 s\u0131ra b\u00f6lgede sayg\u0131n itibar kazanm\u0131\u015f bir dal\u0131\u015f merkezi olman\u0131n gururunu ta\u015f\u0131maktay\u0131z. T\u00fcrkiye\u2019nin en sayg\u0131n Dal\u0131\u015f merkezleriden birinde e\u015f\u015fiz bir deneyimin tad\u0131n\u0131 \u00e7\u0131karacaks\u0131n\u0131z.<\/p>\n<h3>PADI KURSLARI<\/h3>\n<p>Ba\u015flang\u0131\u00e7 seviyesinden profesyonel seviyeye ve sonras\u0131na uzanan bir yelpazede e\u011fitimlerimizi vermekteyiz. Dal\u0131\u015f hak\u0131nnda gereken her\u015feyi deneyimli Dal\u0131\u015f E\u011fitmenlerimizin rehberli\u011fi e\u015fli\u011finde \u00f6\u011frenme imkan\u0131na sahip olacaks\u0131n\u0131z.<\/p>\n<h3>G\u00dcVENL\u0130K VE K\u00dc\u00c7\u00dcK GURUPLAR<\/h3>\n<p>Misafirlerimizin G\u00fcvenli\u011fi i\u00e7in k\u00fc\u00e7\u00fck guruplar halinde dal\u0131\u015flara konsantre olmaktay\u0131z Dal\u0131\u015flar\u0131n bir \u00e7o\u011funu bire bir e\u011fitmen e\u015fli\u011finde ger\u00e7ekle\u015ftiriyoruz. E\u011flence amac\u0131m\u0131z olmas\u0131na ragmen ilk \u00f6nceli\u011fimiz her zaman G\u00fcvenliktir. Dal\u0131\u015f gruplar\u0131m\u0131z\u0131 m\u00fcmk\u00fcn oldu\u011funca dal\u0131c\u0131lar\u0131n seviyesine g\u00f6re limitli tutmaktay\u0131z. Ekipmanlar d\u00fczenli olarak kontrol edilerek en y\u00fcksek seviyde g\u00fcvenli\u011fniz sa\u011flanmaktad\u0131r.<\/p>\n<h3>AYRICALIKLI H\u0130ZMET<\/h3>\n<p>Misafir memnuniyeti birincil \u00f6nceli\u011fimizdir. . LWDC de ba\u015fka bir dal\u0131c\u0131\u2019dan \u00f6te bir ki\u015filiksiniz. .Dosthane, rahat ve heyecan dolu birisi her zaman sizin yan\u0131n\u0131zda olacakt\u0131r. \u0130htiya\u00e7lar\u0131n\u0131z\u0131 ve sorular\u0131n\u0131z\u0131 cevaplamak i\u00e7in haz\u0131r bir ekibi her zaman yan\u0131n\u0131zda bulacaks\u0131n\u0131z.<\/p>\n<h3>ESNEK VE ZAHMETS\u0130Z<\/h3>\n<p>Esnek ve zahmetsiz dal\u0131\u015f tecr\u00fcbesi sunmaktay\u0131z. Bu sizin Dal\u0131\u015f tatiliniz, dolay\u0131s\u0131 ile \u00f6zel, zahmetsiz, iste\u011finiz do\u011frultusunda size \u00f6zel planlanm\u0131\u015f dal\u0131\u015f\u0131 sunmak bizim tutkumuzdur. Misyonumuz zahmetsiz ve \u00fcst seviye kalitede dal\u0131\u015f deneyimi sunmakt\u0131r. Gayet esnek bir \u015fekilde sizin seyahat planlar\u0131n\u0131za uygun planlama ile hatta farkl\u0131 deneyimler ya\u015fayabilce\u011finiz aktiviteleri dahi sunmaktan zevk al\u0131r\u0131z. Ailenin dalmayan ferttleri i\u00e7in bir \u00e7ok de\u011fi\u015fik aktivite imkan\u0131 sa\u011fl\u0131yarak (L\u00fcks Deniz Oyuncaklar\u0131) onlar\u0131nda zamanlar\u0131n\u0131 de\u011ferli k\u0131lmak imkan\u0131 sa\u011flayaca\u011f\u0131z.. Sadece arzular\u0131n\u0131z\u0131 payla\u015f\u0131n, gerisi bizim tutkumuz.<\/p>\n<h3>DEN\u0130ZLER\u0130M\u0130Z\u0130 KORUMAK<\/h3>\n<p>\u00d6nceliklerimizden biride denizlerimizi korumakt\u0131r. LWDC ekibimiz su alt\u0131 d\u00fcnyas\u0131n\u0131 kat\u0131k\u0131da bulunmak ad\u0131na bir\u00e7ok farkl\u0131 projenin par\u00e7as\u0131 olmu\u015ftur ve olmaya devam etmektedir. Dal\u0131\u015f e\u011fitimleri s\u00fcresince \u00e7evre bilincini te\u015fvik etmekte ve tabiata zarar vermeden faaliyetlerimizi y\u00fcr\u00fctmekteyiz.<\/p>\n\t\t<\/div>\n\t\t\t\t\t<\/div>\n\n\t\n<\/div>\n\t\t<\/div>\n\t\t\t\t\n<style>\n#col-640808567 > .col-inner {\n  padding: 40px 0px 0px 0px;\n}\n<\/style>\n\t<\/div>\n\n\t\n<\/div>\n\t\t<\/div>\n\n\t\t\n<style>\n#section_1192536388 {\n  padding-top: 0px;\n  padding-bottom: 0px;\n}\n<\/style>\n\t<\/section>\n\t\n","protected":false},"excerpt":{"rendered":"","protected":false},"author":1,"featured_media":0,"parent":0,"menu_order":0,"comment_status":"closed","ping_status":"closed","template":"page-blank.php","meta":{"footnotes":""},"class_list":["post-714","page","type-page","status-publish","hentry"],"yoast_head":"<!-- This site is optimized with the Yoast SEO Premium plugin v22.1 (Yoast SEO v27.0) - https:\/\/yoast.com\/product\/yoast-seo-premium-wordpress\/ -->\n<title>Hakk\u0131m\u0131zda - Lykia World Dal\u0131\u015f Merkezi | PADI 5 Y\u0131ld\u0131z IDC | \u00d6l\u00fcdeniz - Fethiye<\/title>\n<meta name=\"robots\" content=\"index, follow, max-snippet:-1, max-image-preview:large, max-video-preview:-1\" \/>\n<link rel=\"canonical\" href=\"https:\/\/lykiaworlddivingcentre.com\/about-us\/\" \/>\n<meta property=\"og:locale\" content=\"tr_TR\" \/>\n<meta property=\"og:type\" content=\"article\" \/>\n<meta property=\"og:title\" content=\"Hakk\u0131m\u0131zda\" \/>\n<meta property=\"og:url\" content=\"https:\/\/lykiaworlddivingcentre.com\/about-us\/\" \/>\n<meta property=\"og:site_name\" content=\"Lykia World Dal\u0131\u015f Merkezi | PADI 5 Y\u0131ld\u0131z IDC | \u00d6l\u00fcdeniz - Fethiye\" \/>\n<meta property=\"article:publisher\" content=\"https:\/\/www.facebook.com\/lykiaworlddivingcentre\" \/>\n<meta property=\"article:modified_time\" content=\"2024-03-12T07:52:00+00:00\" \/>\n<meta property=\"og:image\" content=\"https:\/\/lykiaworlddivingcentre.com\/wp-content\/uploads\/2024\/03\/Oludeniz-blue-lagoon-LykiaWorld-diving-centre-office-scaled.jpg\" \/>\n\t<meta property=\"og:image:width\" content=\"2560\" \/>\n\t<meta property=\"og:image:height\" content=\"917\" \/>\n\t<meta property=\"og:image:type\" content=\"image\/jpeg\" \/>\n<meta name=\"twitter:card\" content=\"summary_large_image\" \/>\n<meta name=\"twitter:label1\" content=\"Tahmini okuma s\u00fcresi\" \/>\n\t<meta name=\"twitter:data1\" content=\"3 dakika\" \/>\n<script type=\"application\/ld+json\" class=\"yoast-schema-graph\">{\"@context\":\"https:\/\/schema.org\",\"@graph\":[{\"@type\":\"WebPage\",\"@id\":\"https:\/\/lykiaworlddivingcentre.com\/about-us\/\",\"url\":\"https:\/\/lykiaworlddivingcentre.com\/about-us\/\",\"name\":\"Hakk\u0131m\u0131zda - Lykia World Dal\u0131\u015f Merkezi | PADI 5 Y\u0131ld\u0131z IDC | \u00d6l\u00fcdeniz - Fethiye\",\"isPartOf\":{\"@id\":\"https:\/\/lykiaworlddivingcentre.com\/tr\/#website\"},\"datePublished\":\"2024-03-06T15:59:59+00:00\",\"dateModified\":\"2024-03-12T07:52:00+00:00\",\"breadcrumb\":{\"@id\":\"https:\/\/lykiaworlddivingcentre.com\/about-us\/#breadcrumb\"},\"inLanguage\":\"tr\",\"potentialAction\":[{\"@type\":\"ReadAction\",\"target\":[\"https:\/\/lykiaworlddivingcentre.com\/about-us\/\"]}]},{\"@type\":\"BreadcrumbList\",\"@id\":\"https:\/\/lykiaworlddivingcentre.com\/about-us\/#breadcrumb\",\"itemListElement\":[{\"@type\":\"ListItem\",\"position\":1,\"name\":\"Home\",\"item\":\"https:\/\/lykiaworlddivingcentre.com\/\"},{\"@type\":\"ListItem\",\"position\":2,\"name\":\"Hakk\u0131m\u0131zda\"}]},{\"@type\":\"WebSite\",\"@id\":\"https:\/\/lykiaworlddivingcentre.com\/tr\/#website\",\"url\":\"https:\/\/lykiaworlddivingcentre.com\/tr\/\",\"name\":\"Lykia World Diving Centre | PADI 5 Star IDC | \u00d6l\u00fcdeniz - Fethiye\",\"description\":\"\",\"publisher\":{\"@id\":\"https:\/\/lykiaworlddivingcentre.com\/tr\/#organization\"},\"alternateName\":\"Lykia World Diving Centre\",\"potentialAction\":[{\"@type\":\"SearchAction\",\"target\":{\"@type\":\"EntryPoint\",\"urlTemplate\":\"https:\/\/lykiaworlddivingcentre.com\/tr\/?s={search_term_string}\"},\"query-input\":{\"@type\":\"PropertyValueSpecification\",\"valueRequired\":true,\"valueName\":\"search_term_string\"}}],\"inLanguage\":\"tr\"},{\"@type\":\"Organization\",\"@id\":\"https:\/\/lykiaworlddivingcentre.com\/tr\/#organization\",\"name\":\"Lykia World Dal\u0131\u015f Merkezi | PADI 5 Y\u0131ld\u0131z IDC | \u00d6l\u00fcdeniz - Fethiye\",\"url\":\"https:\/\/lykiaworlddivingcentre.com\/tr\/\",\"logo\":{\"@type\":\"ImageObject\",\"inLanguage\":\"tr\",\"@id\":\"https:\/\/lykiaworlddivingcentre.com\/tr\/#\/schema\/logo\/image\/\",\"url\":\"https:\/\/lykiaworlddivingcentre.com\/wp-content\/uploads\/2023\/11\/LWDC-YATAY-Logo-idc-w600.png\",\"contentUrl\":\"https:\/\/lykiaworlddivingcentre.com\/wp-content\/uploads\/2023\/11\/LWDC-YATAY-Logo-idc-w600.png\",\"width\":600,\"height\":320,\"caption\":\"Lykia World Dal\u0131\u015f Merkezi | PADI 5 Y\u0131ld\u0131z IDC | \u00d6l\u00fcdeniz - Fethiye\"},\"image\":{\"@id\":\"https:\/\/lykiaworlddivingcentre.com\/tr\/#\/schema\/logo\/image\/\"},\"sameAs\":[\"https:\/\/www.facebook.com\/lykiaworlddivingcentre\",\"https:\/\/www.instagram.com\/lykiaworld_diving_centre\/\"],\"description\":\"Our diving adventure, which started in Marmaris in 1991, has been continuing in Fethiye \u00d6l\u00fcdeniz region for the last eight years. Since the first day we entered the sector, we have strived to add a new dimension to diving and we still maintain this passion.Lykia World Diving Centre (LWDC) is a PADI 5 star Instructor Development Centre located in Oludeniz with the best dive sites in the area right at our doorstep.\",\"email\":\"info@lykiaworlddivingcentre.com\",\"telephone\":\"+90 534 388 6261\",\"legalName\":\"AquaLykia Inc.\"}]}<\/script>\n<!-- \/ Yoast SEO Premium plugin. -->","yoast_head_json":{"title":"Hakk\u0131m\u0131zda - Lykia World Dal\u0131\u015f Merkezi | PADI 5 Y\u0131ld\u0131z IDC | \u00d6l\u00fcdeniz - Fethiye","robots":{"index":"index","follow":"follow","max-snippet":"max-snippet:-1","max-image-preview":"max-image-preview:large","max-video-preview":"max-video-preview:-1"},"canonical":"https:\/\/lykiaworlddivingcentre.com\/about-us\/","og_locale":"tr_TR","og_type":"article","og_title":"Hakk\u0131m\u0131zda","og_url":"https:\/\/lykiaworlddivingcentre.com\/about-us\/","og_site_name":"Lykia World Dal\u0131\u015f Merkezi | PADI 5 Y\u0131ld\u0131z IDC | \u00d6l\u00fcdeniz - Fethiye","article_publisher":"https:\/\/www.facebook.com\/lykiaworlddivingcentre","article_modified_time":"2024-03-12T07:52:00+00:00","og_image":[{"width":2560,"height":917,"url":"https:\/\/lykiaworlddivingcentre.com\/wp-content\/uploads\/2024\/03\/Oludeniz-blue-lagoon-LykiaWorld-diving-centre-office-scaled.jpg","type":"image\/jpeg"}],"twitter_card":"summary_large_image","twitter_misc":{"Tahmini okuma s\u00fcresi":"3 dakika"},"schema":{"@context":"https:\/\/schema.org","@graph":[{"@type":"WebPage","@id":"https:\/\/lykiaworlddivingcentre.com\/about-us\/","url":"https:\/\/lykiaworlddivingcentre.com\/about-us\/","name":"Hakk\u0131m\u0131zda - Lykia World Dal\u0131\u015f Merkezi | PADI 5 Y\u0131ld\u0131z IDC | \u00d6l\u00fcdeniz - Fethiye","isPartOf":{"@id":"https:\/\/lykiaworlddivingcentre.com\/tr\/#website"},"datePublished":"2024-03-06T15:59:59+00:00","dateModified":"2024-03-12T07:52:00+00:00","breadcrumb":{"@id":"https:\/\/lykiaworlddivingcentre.com\/about-us\/#breadcrumb"},"inLanguage":"tr","potentialAction":[{"@type":"ReadAction","target":["https:\/\/lykiaworlddivingcentre.com\/about-us\/"]}]},{"@type":"BreadcrumbList","@id":"https:\/\/lykiaworlddivingcentre.com\/about-us\/#breadcrumb","itemListElement":[{"@type":"ListItem","position":1,"name":"Home","item":"https:\/\/lykiaworlddivingcentre.com\/"},{"@type":"ListItem","position":2,"name":"Hakk\u0131m\u0131zda"}]},{"@type":"WebSite","@id":"https:\/\/lykiaworlddivingcentre.com\/tr\/#website","url":"https:\/\/lykiaworlddivingcentre.com\/tr\/","name":"Lykia World Diving Centre | PADI 5 Star IDC | \u00d6l\u00fcdeniz - Fethiye","description":"","publisher":{"@id":"https:\/\/lykiaworlddivingcentre.com\/tr\/#organization"},"alternateName":"Lykia World Diving Centre","potentialAction":[{"@type":"SearchAction","target":{"@type":"EntryPoint","urlTemplate":"https:\/\/lykiaworlddivingcentre.com\/tr\/?s={search_term_string}"},"query-input":{"@type":"PropertyValueSpecification","valueRequired":true,"valueName":"search_term_string"}}],"inLanguage":"tr"},{"@type":"Organization","@id":"https:\/\/lykiaworlddivingcentre.com\/tr\/#organization","name":"Lykia World Dal\u0131\u015f Merkezi | PADI 5 Y\u0131ld\u0131z IDC | \u00d6l\u00fcdeniz - Fethiye","url":"https:\/\/lykiaworlddivingcentre.com\/tr\/","logo":{"@type":"ImageObject","inLanguage":"tr","@id":"https:\/\/lykiaworlddivingcentre.com\/tr\/#\/schema\/logo\/image\/","url":"https:\/\/lykiaworlddivingcentre.com\/wp-content\/uploads\/2023\/11\/LWDC-YATAY-Logo-idc-w600.png","contentUrl":"https:\/\/lykiaworlddivingcentre.com\/wp-content\/uploads\/2023\/11\/LWDC-YATAY-Logo-idc-w600.png","width":600,"height":320,"caption":"Lykia World Dal\u0131\u015f Merkezi | PADI 5 Y\u0131ld\u0131z IDC | \u00d6l\u00fcdeniz - Fethiye"},"image":{"@id":"https:\/\/lykiaworlddivingcentre.com\/tr\/#\/schema\/logo\/image\/"},"sameAs":["https:\/\/www.facebook.com\/lykiaworlddivingcentre","https:\/\/www.instagram.com\/lykiaworld_diving_centre\/"],"description":"Our diving adventure, which started in Marmaris in 1991, has been continuing in Fethiye \u00d6l\u00fcdeniz region for the last eight years. Since the first day we entered the sector, we have strived to add a new dimension to diving and we still maintain this passion.Lykia World Diving Centre (LWDC) is a PADI 5 star Instructor Development Centre located in Oludeniz with the best dive sites in the area right at our doorstep.","email":"info@lykiaworlddivingcentre.com","telephone":"+90 534 388 6261","legalName":"AquaLykia Inc."}]}},"_links":{"self":[{"href":"https:\/\/lykiaworlddivingcentre.com\/tr\/wp-json\/wp\/v2\/pages\/714","targetHints":{"allow":["GET"]}}],"collection":[{"href":"https:\/\/lykiaworlddivingcentre.com\/tr\/wp-json\/wp\/v2\/pages"}],"about":[{"href":"https:\/\/lykiaworlddivingcentre.com\/tr\/wp-json\/wp\/v2\/types\/page"}],"author":[{"embeddable":true,"href":"https:\/\/lykiaworlddivingcentre.com\/tr\/wp-json\/wp\/v2\/users\/1"}],"replies":[{"embeddable":true,"href":"https:\/\/lykiaworlddivingcentre.com\/tr\/wp-json\/wp\/v2\/comments?post=714"}],"version-history":[{"count":0,"href":"https:\/\/lykiaworlddivingcentre.com\/tr\/wp-json\/wp\/v2\/pages\/714\/revisions"}],"wp:attachment":[{"href":"https:\/\/lykiaworlddivingcentre.com\/tr\/wp-json\/wp\/v2\/media?parent=714"}],"curies":[{"name":"wp","href":"https:\/\/api.w.org\/{rel}","templated":true}]}}