{"id":717,"date":"2023-12-19T12:35:24","date_gmt":"2023-12-19T09:35:24","guid":{"rendered":"https:\/\/lykiaworlddivingcentre.com\/refund_returns\/"},"modified":"2024-03-12T19:25:08","modified_gmt":"2024-03-12T16:25:08","slug":"refund_returns","status":"publish","type":"page","link":"https:\/\/lykiaworlddivingcentre.com\/tr\/refund_returns\/","title":{"rendered":"Hizmet S\u00f6zle\u015fmesi &#038; \u0130ptal ve iade ko\u015fullar\u0131"},"content":{"rendered":"\n\t<section class=\"section\" id=\"section_1254955593\">\n\t\t<div class=\"section-bg fill\" >\n\t\t\t\t\t\t\t\t\t\n\t\t\t\n\n\t\t<\/div>\n\n\t\t\n\n\t\t<div class=\"section-content relative\">\n\t\t\t\n<div class=\"row align-center\"  id=\"row-68557474\">\n\n\t<div id=\"col-561160099\" class=\"col medium-9 small-12 large-9\"  >\n\t\t\t\t<div class=\"col-inner\"  >\n\t\t\t\n\t\t\t\n<h1>\u0130ptal &amp; \u0130ade Politikas\u0131<\/h1>\n<p><strong>\u0130PTAL \u0130ADE HAKKI<\/strong><\/p>\n<p>\u0130\u015f bu s\u00f6zle\u015fme AQUALYKIA Turizm A.\u015e. (bundan sonra Aqualykia olarak an\u0131lacakt\u0131r) ticari \u00fcnvan\u0131 ile faaliyet g\u00f6steren, aktivite hizmet s\u00f6zle\u015fmesidir ve her iki taraf\u0131nda haklar\u0131n\u0131 garanti alt\u0131na almay\u0131 ama\u00e7lar. Bu s\u00f6zle\u015fme Aqualykia ile dal\u0131\u015f hizmeti sat\u0131n alan ki\u015fi (bundan sonra kat\u0131l\u0131mc\u0131 olarak an\u0131lacakt\u0131r) aras\u0131nda yap\u0131lm\u0131\u015ft\u0131r.<\/p>\n<p><strong>\u0130PTAL &amp; \u0130ADE<\/strong><\/p>\n<p>Herhangi bir nedenle iptal ve iadelerde ki\u015filer ge\u00e7erli olan iptal nedenini belgeli ve yaz\u0131l\u0131 olarak Aqualykia\u2019ya bildirmek durumundad\u0131r (kendisinin ya da 1.derece akrabas\u0131n\u0131n ba\u015f\u0131na gelebilecek \u00f6l\u00fcm, yaralanma, kaza, aktivite ve tatili icra edemeyece\u011fine dair sa\u011fl\u0131k durumlar\u0131 hamilelik ve benzeri. Ki\u015filerin e\u011fitim hayat\u0131n\u0131 etkileyen s\u0131nav tarih de\u011fi\u015fiklikleri ve benzeri durumlar) Bu durumda iptalin aktivite ba\u015flang\u0131\u00e7 tarihinden 30 g\u00fcn \u00f6ncesine kadar yaz\u0131l\u0131 olarak bildirilmesi kayd\u0131yla zorunlu vergi, har\u00e7 ve benzeri yasal y\u00fck\u00fcml\u00fcl\u00fcklerden do\u011fan masraflar, banka komisyonlar\u0131 vb. hari\u00e7 olmak \u00fczere, herhangi bir kesinti yap\u0131lmaks\u0131z\u0131n \u00f6denen bedel t\u00fcketiciye aynen iade edilir. 30 g\u00fcn ve sonras\u0131nda bildirilen iptal taleplerinde paket aktivite toplam bedeli \u00fczerinden y\u00fczde 50 oran\u0131nda kesinti uygulanarak iade i\u015flemi yap\u0131l\u0131r. Aktivite ba\u015flang\u0131\u00e7 tarihine 7 g\u00fcn kala iptal durumunda iade i\u015flemi yap\u0131lmaz. \u0130adeler \u00f6demeyi yapan ki\u015fi hesab\u0131na yap\u0131l\u0131r. (t\u00fcm bu istekler yaz\u0131l\u0131 olarak rezervasyon yapan ki\u015fi taraf\u0131ndan bildirilmelidir.) \u0130ptal durumunda ki\u015filer isterlerse tarih de\u011fi\u015fikli\u011fi devir ve i\u00e7eride sakl\u0131 tutma hakk\u0131n\u0131 da kullanabilir.<\/p>\n<p><strong>AKT\u0130V\u0130TE H\u0130ZMET S\u00d6ZLE\u015eMES\u0130<\/strong><\/p>\n<p>Aqualykia sat\u0131n alm\u0131\u015f oldu\u011funuz hizmete istinaden, herhangi bir sebeple kat\u0131l\u0131mc\u0131 olamayaca\u011f\u0131n\u0131z durumlarda ki\u015filere s\u0131ras\u0131 ile a\u015fa\u011f\u0131da belirtilen haklar\u0131 temin eder.<\/p>\n<p><strong>1-Bir ba\u015fkas\u0131na devretme hakk\u0131:<\/strong><br \/>Sat\u0131n alm\u0131\u015f oldu\u011funuz hizmeti sizin \u015fartlar\u0131n\u0131za uygun bir ba\u015fka ki\u015fiye devredebilirsiniz. (De\u011fi\u015fiklikler rezervasyon yapan ki\u015fi taraf\u0131ndan yaz\u0131l\u0131 olarak bildirilmelidir.) Son 7 g\u00fcn bildirim s\u00fcresi a\u015f\u0131lmam\u0131\u015f olmas\u0131 gerekmektedir. *Bir Ba\u015fkas\u0131na Devir Hakk\u0131 Sadece 1 Kez Uygulan\u0131r.<\/p>\n<p><strong>2-\u00d6demi\u015f oldu\u011funuz \u00fccreti i\u00e7eride sakl\u0131 tutma hakk\u0131:<\/strong><br \/>Sat\u0131n alm\u0131\u015f oldu\u011funuz hizmetinize istinaden yapm\u0131\u015f oldu\u011funuz \u00f6deme bedelini \u00f6deme yapt\u0131\u011f\u0131n\u0131z y\u0131l i\u00e7erisinde Aqualykia hizmetlerinden herhangi birinde kullanabilirsiniz. (Rezervasyon yapan ki\u015fi, de\u011fi\u015fikli\u011fi yaz\u0131l\u0131 olarak mail yoluyla bildirmelidir.) Bildirim s\u00fcresi son 7 g\u00fcn a\u015fmadan yaz\u0131l\u0131 olarak bildirmek gerekmektedir.<\/p>\n<p><strong>3-Tarih de\u011fi\u015fiklik hakk\u0131:<\/strong><br \/>Sat\u0131n alm\u0131\u015f oldu\u011funuz hizmetin tarihinde de\u011fi\u015fiklik yapabilirsiniz. Ki\u015finin tarih de\u011fi\u015fikli\u011fi yapmas\u0131 durumunda de\u011fi\u015fiklik yap\u0131lan iki d\u00f6nem aras\u0131ndaki fiyat fark\u0131 ki\u015finin rezervasyon yapm\u0131\u015f oldu\u011fu tarihteki fiyatlar baz al\u0131narak yap\u0131l\u0131r. E\u011fer de\u011fi\u015fiklik yap\u0131lmak istenen tarihte kontenjan dolmu\u015f ise Aqualykia ekibi bo\u015f olan kontenjanlar hakk\u0131nda ki\u015fileri bilgilendireceklerdir. (t\u00fcm bu istekler rezervasyon yapan ki\u015fi taraf\u0131ndan yaz\u0131l\u0131 olarak \u201ce-posta yoluyla\u201d bildirilmelidir.) *Tarih De\u011fi\u015fiklik Hakk\u0131 Sadece 1 Kez Uygulan\u0131r. Son 7 g\u00fcn bildirim s\u00fcresi a\u015f\u0131lmam\u0131\u015f olmas\u0131 gerekmektedir.<\/p>\n<p><strong>4-<\/strong>\u00a0Herhangi bir sebeple ya da ola\u011fan\u00fcst\u00fc haller dahilinde Aqualykia hizmeti yerine getirmeyecek olursa kat\u0131l\u0131mc\u0131lar\u0131n \u00f6demi\u015f olduklar\u0131 \u00fccretleri ilan edilen tarihte eksiksiz \u00f6demeyi kabul ve taahh\u00fct eder.<\/p>\n<p>YUKARIDA BAHS\u0130 GE\u00c7EN T\u00dcM AYRINTILAR aktivite hizmet s\u00f6zle\u015fmesi niteli\u011findedir. Aktiviteyi sat\u0131n alan kat\u0131l\u0131mc\u0131 hizmet s\u00f6zle\u015fmesini, iptal ve iade ko\u015fullar\u0131n\u0131 okudu\u011funu anlad\u0131\u011f\u0131n\u0131 ve kabul etti\u011fini taahh\u00fct eder.<\/p>\n<p>Aqualykia Turizm A.\u015e.<\/p>\n<p>Ticaret sicil no:\u00a010860<br \/>Mersis No: 0070036418000001<br \/>Adres: Faralya Mahallesi, K\u0131drak Sokak, No:6 \u2013 Fethiye \/ Mu\u011fla<br \/>Bize Ula\u015f\u0131n:\u00a0<a href=\"mailto:info@lykiaworlddivingcentre.com\">info@lykiaworlddivingcentre.com<\/a><\/p>\n\t\t<\/div>\n\t\t\t\t\t<\/div>\n\n\t\n<\/div>\n\t\t<\/div>\n\n\t\t\n<style>\n#section_1254955593 {\n  padding-top: 30px;\n  padding-bottom: 30px;\n}\n<\/style>\n\t<\/section>\n\t\n","protected":false},"excerpt":{"rendered":"","protected":false},"author":1,"featured_media":0,"parent":0,"menu_order":0,"comment_status":"closed","ping_status":"closed","template":"","meta":{"footnotes":""},"class_list":["post-717","page","type-page","status-publish","hentry"],"yoast_head":"<!-- This site is optimized with the Yoast SEO Premium plugin v22.1 (Yoast SEO v27.0) - https:\/\/yoast.com\/product\/yoast-seo-premium-wordpress\/ -->\n<title>Hizmet S\u00f6zle\u015fmesi &amp; \u0130ptal ve iade ko\u015fullar\u0131 - Lykia World Dal\u0131\u015f Merkezi | PADI 5 Y\u0131ld\u0131z IDC | \u00d6l\u00fcdeniz - Fethiye<\/title>\n<meta name=\"robots\" content=\"index, follow, max-snippet:-1, max-image-preview:large, max-video-preview:-1\" \/>\n<link rel=\"canonical\" href=\"https:\/\/lykiaworlddivingcentre.com\/tr\/refund_returns\/\" \/>\n<meta property=\"og:locale\" content=\"tr_TR\" \/>\n<meta property=\"og:type\" content=\"article\" \/>\n<meta property=\"og:title\" content=\"Hizmet S\u00f6zle\u015fmesi &amp; \u0130ptal ve iade ko\u015fullar\u0131\" \/>\n<meta property=\"og:url\" content=\"https:\/\/lykiaworlddivingcentre.com\/tr\/refund_returns\/\" \/>\n<meta property=\"og:site_name\" content=\"Lykia World Dal\u0131\u015f Merkezi | PADI 5 Y\u0131ld\u0131z IDC | \u00d6l\u00fcdeniz - Fethiye\" \/>\n<meta property=\"article:publisher\" content=\"https:\/\/www.facebook.com\/lykiaworlddivingcentre\" \/>\n<meta property=\"article:modified_time\" content=\"2024-03-12T16:25:08+00:00\" \/>\n<meta property=\"og:image\" content=\"https:\/\/lykiaworlddivingcentre.com\/wp-content\/uploads\/2024\/03\/Oludeniz-blue-lagoon-LykiaWorld-diving-centre-office-scaled.jpg\" \/>\n\t<meta property=\"og:image:width\" content=\"2560\" \/>\n\t<meta property=\"og:image:height\" content=\"917\" \/>\n\t<meta property=\"og:image:type\" content=\"image\/jpeg\" \/>\n<meta name=\"twitter:card\" content=\"summary_large_image\" \/>\n<meta name=\"twitter:label1\" content=\"Tahmini okuma s\u00fcresi\" \/>\n\t<meta name=\"twitter:data1\" content=\"3 dakika\" \/>\n<script type=\"application\/ld+json\" class=\"yoast-schema-graph\">{\"@context\":\"https:\/\/schema.org\",\"@graph\":[{\"@type\":\"WebPage\",\"@id\":\"https:\/\/lykiaworlddivingcentre.com\/tr\/refund_returns\/\",\"url\":\"https:\/\/lykiaworlddivingcentre.com\/tr\/refund_returns\/\",\"name\":\"Hizmet S\u00f6zle\u015fmesi & \u0130ptal ve iade ko\u015fullar\u0131 - Lykia World Dal\u0131\u015f Merkezi | PADI 5 Y\u0131ld\u0131z IDC | \u00d6l\u00fcdeniz - Fethiye\",\"isPartOf\":{\"@id\":\"https:\/\/lykiaworlddivingcentre.com\/tr\/#website\"},\"datePublished\":\"2023-12-19T09:35:24+00:00\",\"dateModified\":\"2024-03-12T16:25:08+00:00\",\"breadcrumb\":{\"@id\":\"https:\/\/lykiaworlddivingcentre.com\/tr\/refund_returns\/#breadcrumb\"},\"inLanguage\":\"tr\",\"potentialAction\":[{\"@type\":\"ReadAction\",\"target\":[\"https:\/\/lykiaworlddivingcentre.com\/tr\/refund_returns\/\"]}]},{\"@type\":\"BreadcrumbList\",\"@id\":\"https:\/\/lykiaworlddivingcentre.com\/tr\/refund_returns\/#breadcrumb\",\"itemListElement\":[{\"@type\":\"ListItem\",\"position\":1,\"name\":\"Home\",\"item\":\"https:\/\/lykiaworlddivingcentre.com\/\"},{\"@type\":\"ListItem\",\"position\":2,\"name\":\"Hizmet S\u00f6zle\u015fmesi &#038; \u0130ptal ve iade ko\u015fullar\u0131\"}]},{\"@type\":\"WebSite\",\"@id\":\"https:\/\/lykiaworlddivingcentre.com\/tr\/#website\",\"url\":\"https:\/\/lykiaworlddivingcentre.com\/tr\/\",\"name\":\"Lykia World Diving Centre | PADI 5 Star IDC | \u00d6l\u00fcdeniz - Fethiye\",\"description\":\"\",\"publisher\":{\"@id\":\"https:\/\/lykiaworlddivingcentre.com\/tr\/#organization\"},\"alternateName\":\"Lykia World Diving Centre\",\"potentialAction\":[{\"@type\":\"SearchAction\",\"target\":{\"@type\":\"EntryPoint\",\"urlTemplate\":\"https:\/\/lykiaworlddivingcentre.com\/tr\/?s={search_term_string}\"},\"query-input\":{\"@type\":\"PropertyValueSpecification\",\"valueRequired\":true,\"valueName\":\"search_term_string\"}}],\"inLanguage\":\"tr\"},{\"@type\":\"Organization\",\"@id\":\"https:\/\/lykiaworlddivingcentre.com\/tr\/#organization\",\"name\":\"Lykia World Dal\u0131\u015f Merkezi | PADI 5 Y\u0131ld\u0131z IDC | \u00d6l\u00fcdeniz - Fethiye\",\"url\":\"https:\/\/lykiaworlddivingcentre.com\/tr\/\",\"logo\":{\"@type\":\"ImageObject\",\"inLanguage\":\"tr\",\"@id\":\"https:\/\/lykiaworlddivingcentre.com\/tr\/#\/schema\/logo\/image\/\",\"url\":\"https:\/\/lykiaworlddivingcentre.com\/wp-content\/uploads\/2023\/11\/LWDC-YATAY-Logo-idc-w600.png\",\"contentUrl\":\"https:\/\/lykiaworlddivingcentre.com\/wp-content\/uploads\/2023\/11\/LWDC-YATAY-Logo-idc-w600.png\",\"width\":600,\"height\":320,\"caption\":\"Lykia World Dal\u0131\u015f Merkezi | PADI 5 Y\u0131ld\u0131z IDC | \u00d6l\u00fcdeniz - Fethiye\"},\"image\":{\"@id\":\"https:\/\/lykiaworlddivingcentre.com\/tr\/#\/schema\/logo\/image\/\"},\"sameAs\":[\"https:\/\/www.facebook.com\/lykiaworlddivingcentre\",\"https:\/\/www.instagram.com\/lykiaworld_diving_centre\/\"],\"description\":\"Our diving adventure, which started in Marmaris in 1991, has been continuing in Fethiye \u00d6l\u00fcdeniz region for the last eight years. Since the first day we entered the sector, we have strived to add a new dimension to diving and we still maintain this passion.Lykia World Diving Centre (LWDC) is a PADI 5 star Instructor Development Centre located in Oludeniz with the best dive sites in the area right at our doorstep.\",\"email\":\"info@lykiaworlddivingcentre.com\",\"telephone\":\"+90 534 388 6261\",\"legalName\":\"AquaLykia Inc.\"}]}<\/script>\n<!-- \/ Yoast SEO Premium plugin. -->","yoast_head_json":{"title":"Hizmet S\u00f6zle\u015fmesi & \u0130ptal ve iade ko\u015fullar\u0131 - Lykia World Dal\u0131\u015f Merkezi | PADI 5 Y\u0131ld\u0131z IDC | \u00d6l\u00fcdeniz - Fethiye","robots":{"index":"index","follow":"follow","max-snippet":"max-snippet:-1","max-image-preview":"max-image-preview:large","max-video-preview":"max-video-preview:-1"},"canonical":"https:\/\/lykiaworlddivingcentre.com\/tr\/refund_returns\/","og_locale":"tr_TR","og_type":"article","og_title":"Hizmet S\u00f6zle\u015fmesi & \u0130ptal ve iade ko\u015fullar\u0131","og_url":"https:\/\/lykiaworlddivingcentre.com\/tr\/refund_returns\/","og_site_name":"Lykia World Dal\u0131\u015f Merkezi | PADI 5 Y\u0131ld\u0131z IDC | \u00d6l\u00fcdeniz - Fethiye","article_publisher":"https:\/\/www.facebook.com\/lykiaworlddivingcentre","article_modified_time":"2024-03-12T16:25:08+00:00","og_image":[{"width":2560,"height":917,"url":"https:\/\/lykiaworlddivingcentre.com\/wp-content\/uploads\/2024\/03\/Oludeniz-blue-lagoon-LykiaWorld-diving-centre-office-scaled.jpg","type":"image\/jpeg"}],"twitter_card":"summary_large_image","twitter_misc":{"Tahmini okuma s\u00fcresi":"3 dakika"},"schema":{"@context":"https:\/\/schema.org","@graph":[{"@type":"WebPage","@id":"https:\/\/lykiaworlddivingcentre.com\/tr\/refund_returns\/","url":"https:\/\/lykiaworlddivingcentre.com\/tr\/refund_returns\/","name":"Hizmet S\u00f6zle\u015fmesi & \u0130ptal ve iade ko\u015fullar\u0131 - Lykia World Dal\u0131\u015f Merkezi | PADI 5 Y\u0131ld\u0131z IDC | \u00d6l\u00fcdeniz - Fethiye","isPartOf":{"@id":"https:\/\/lykiaworlddivingcentre.com\/tr\/#website"},"datePublished":"2023-12-19T09:35:24+00:00","dateModified":"2024-03-12T16:25:08+00:00","breadcrumb":{"@id":"https:\/\/lykiaworlddivingcentre.com\/tr\/refund_returns\/#breadcrumb"},"inLanguage":"tr","potentialAction":[{"@type":"ReadAction","target":["https:\/\/lykiaworlddivingcentre.com\/tr\/refund_returns\/"]}]},{"@type":"BreadcrumbList","@id":"https:\/\/lykiaworlddivingcentre.com\/tr\/refund_returns\/#breadcrumb","itemListElement":[{"@type":"ListItem","position":1,"name":"Home","item":"https:\/\/lykiaworlddivingcentre.com\/"},{"@type":"ListItem","position":2,"name":"Hizmet S\u00f6zle\u015fmesi &#038; \u0130ptal ve iade ko\u015fullar\u0131"}]},{"@type":"WebSite","@id":"https:\/\/lykiaworlddivingcentre.com\/tr\/#website","url":"https:\/\/lykiaworlddivingcentre.com\/tr\/","name":"Lykia World Diving Centre | PADI 5 Star IDC | \u00d6l\u00fcdeniz - Fethiye","description":"","publisher":{"@id":"https:\/\/lykiaworlddivingcentre.com\/tr\/#organization"},"alternateName":"Lykia World Diving Centre","potentialAction":[{"@type":"SearchAction","target":{"@type":"EntryPoint","urlTemplate":"https:\/\/lykiaworlddivingcentre.com\/tr\/?s={search_term_string}"},"query-input":{"@type":"PropertyValueSpecification","valueRequired":true,"valueName":"search_term_string"}}],"inLanguage":"tr"},{"@type":"Organization","@id":"https:\/\/lykiaworlddivingcentre.com\/tr\/#organization","name":"Lykia World Dal\u0131\u015f Merkezi | PADI 5 Y\u0131ld\u0131z IDC | \u00d6l\u00fcdeniz - Fethiye","url":"https:\/\/lykiaworlddivingcentre.com\/tr\/","logo":{"@type":"ImageObject","inLanguage":"tr","@id":"https:\/\/lykiaworlddivingcentre.com\/tr\/#\/schema\/logo\/image\/","url":"https:\/\/lykiaworlddivingcentre.com\/wp-content\/uploads\/2023\/11\/LWDC-YATAY-Logo-idc-w600.png","contentUrl":"https:\/\/lykiaworlddivingcentre.com\/wp-content\/uploads\/2023\/11\/LWDC-YATAY-Logo-idc-w600.png","width":600,"height":320,"caption":"Lykia World Dal\u0131\u015f Merkezi | PADI 5 Y\u0131ld\u0131z IDC | \u00d6l\u00fcdeniz - Fethiye"},"image":{"@id":"https:\/\/lykiaworlddivingcentre.com\/tr\/#\/schema\/logo\/image\/"},"sameAs":["https:\/\/www.facebook.com\/lykiaworlddivingcentre","https:\/\/www.instagram.com\/lykiaworld_diving_centre\/"],"description":"Our diving adventure, which started in Marmaris in 1991, has been continuing in Fethiye \u00d6l\u00fcdeniz region for the last eight years. Since the first day we entered the sector, we have strived to add a new dimension to diving and we still maintain this passion.Lykia World Diving Centre (LWDC) is a PADI 5 star Instructor Development Centre located in Oludeniz with the best dive sites in the area right at our doorstep.","email":"info@lykiaworlddivingcentre.com","telephone":"+90 534 388 6261","legalName":"AquaLykia Inc."}]}},"_links":{"self":[{"href":"https:\/\/lykiaworlddivingcentre.com\/tr\/wp-json\/wp\/v2\/pages\/717","targetHints":{"allow":["GET"]}}],"collection":[{"href":"https:\/\/lykiaworlddivingcentre.com\/tr\/wp-json\/wp\/v2\/pages"}],"about":[{"href":"https:\/\/lykiaworlddivingcentre.com\/tr\/wp-json\/wp\/v2\/types\/page"}],"author":[{"embeddable":true,"href":"https:\/\/lykiaworlddivingcentre.com\/tr\/wp-json\/wp\/v2\/users\/1"}],"replies":[{"embeddable":true,"href":"https:\/\/lykiaworlddivingcentre.com\/tr\/wp-json\/wp\/v2\/comments?post=717"}],"version-history":[{"count":0,"href":"https:\/\/lykiaworlddivingcentre.com\/tr\/wp-json\/wp\/v2\/pages\/717\/revisions"}],"wp:attachment":[{"href":"https:\/\/lykiaworlddivingcentre.com\/tr\/wp-json\/wp\/v2\/media?parent=717"}],"curies":[{"name":"wp","href":"https:\/\/api.w.org\/{rel}","templated":true}]}}