{"id":636,"date":"2023-12-09T17:18:01","date_gmt":"2023-12-09T14:18:01","guid":{"rendered":"https:\/\/lykiaworlddivingcentre.com\/product\/deep-diver\/"},"modified":"2026-02-28T13:15:11","modified_gmt":"2026-02-28T10:15:11","slug":"derin-dalis","status":"publish","type":"product","link":"https:\/\/lykiaworlddivingcentre.com\/tr\/product\/derin-dalis\/","title":{"rendered":"Derin Dal\u0131\u015f E\u011fitimi"},"content":{"rendered":"<h2>Derin Dal\u0131\u015fa Nas\u0131l Ba\u015flan\u0131r<\/h2>\n<p>18 metrenin\/60 fitin alt\u0131na dald\u0131\u011f\u0131n\u0131zda \u00f6zel g\u00fcvenlik hususlar\u0131 vard\u0131r. S\u0131n\u0131rlar\u0131n\u0131z\u0131 geni\u015fletmeye haz\u0131rsan\u0131z, PADI E\u011fitmenimiz maksimum 40 metre\/130 fit derinlikle s\u0131n\u0131rl\u0131 kalmak \u00fczere su alt\u0131n\u0131n derinliklerini g\u00fcvenli bir \u015fekilde ke\u015ffetme yolunda sizi geli\u015ftirecektir.<\/p>\n","protected":false},"excerpt":{"rendered":"<h2>S\u00fcre: 2s &#8211; Min. Ya\u015f: 18<\/h2>\n<h4>Neden bu kursu almal\u0131y\u0131m?<\/h4>\n<ul>\n<li>Daha fazla Dal\u0131\u015f tecr\u00fcbesine sahip olmak<\/li>\n<li>Gezegenimizin geri kalan y\u00fczde 70&#8217;ini ke\u015ffedin<\/li>\n<li>Denizlerin korunmas\u0131n\u0131 desteklemek<\/li>\n<li>Bir e\u011fitmenle derin dal\u0131\u015flar yap\u0131n<\/li>\n<li>Sualt\u0131nda daha fazla fazlas\u0131n\u0131 g\u00f6rme imkan\u0131<\/li>\n<li>Maksimum 40m\/130ft derinli\u011fe dal\u0131n<\/li>\n<li>Yeni ve heyecan verici bir tecr\u00fcbe kazan\u0131\u0131n<\/li>\n<li>Bir e\u011fitmenle derin dal\u0131\u015flar yap\u0131n<\/li>\n<\/ul>\n<h4>Nas\u0131l Yap\u0131l\u0131r?<\/h4>\n<ul>\n<li>Kendinden emin ve yetenekli bir dalg\u0131\u00e7 olun<\/li>\n<li>Y\u00fczerli\u011finizi ayarlay\u0131n<\/li>\n<li>Deniz ya\u015fam\u0131na sayg\u0131yla yakla\u015f\u0131n<\/li>\n<li>Dal\u0131\u015f bilgisayar\u0131n\u0131z\u0131 haz\u0131rlay\u0131n<\/li>\n<li>Hava kayna\u011f\u0131n\u0131z\u0131 y\u00f6netin<\/li>\n<li>Ki\u015fisel s\u0131n\u0131rlar\u0131n\u0131z\u0131n fark\u0131na var\u0131n<\/li>\n<li>Bireysel limitlerinizi tan\u0131y\u0131n<\/li>\n<\/ul>\n","protected":false},"featured_media":245,"template":"","meta":[],"product_brand":[],"product_cat":[40,38],"product_tag":[],"class_list":{"0":"post-636","1":"product","2":"type-product","3":"status-publish","4":"has-post-thumbnail","6":"product_cat-egitime-devam","7":"product_cat-tuplu-dalis-kurslari","9":"first","10":"instock","11":"sold-individually","12":"shipping-taxable","13":"product-type-simple"},"yoast_head":"<!-- This site is optimized with the Yoast SEO Premium plugin v22.1 (Yoast SEO v27.0) - https:\/\/yoast.com\/product\/yoast-seo-premium-wordpress\/ -->\n<title>Derin Dal\u0131\u015f E\u011fitimi - Lykia World Dal\u0131\u015f Merkezi | PADI 5 Y\u0131ld\u0131z IDC | \u00d6l\u00fcdeniz - Fethiye<\/title>\n<meta name=\"robots\" content=\"index, follow, max-snippet:-1, max-image-preview:large, max-video-preview:-1\" \/>\n<link rel=\"canonical\" href=\"https:\/\/lykiaworlddivingcentre.com\/product\/deep-diver\/\" \/>\n<meta property=\"og:locale\" content=\"tr_TR\" \/>\n<meta property=\"og:type\" content=\"article\" \/>\n<meta property=\"og:title\" content=\"Derin Dal\u0131\u015f E\u011fitimi\" \/>\n<meta property=\"og:description\" content=\"S\u00fcre: 2s - Min. Ya\u015f: 18 Neden bu kursu almal\u0131y\u0131m?   Daha fazla Dal\u0131\u015f tecr\u00fcbesine sahip olmak  Gezegenimizin geri kalan y\u00fczde 70&#039;ini ke\u015ffedin  Denizlerin korunmas\u0131n\u0131 desteklemek  Bir e\u011fitmenle derin dal\u0131\u015flar yap\u0131n  Sualt\u0131nda daha fazla fazlas\u0131n\u0131 g\u00f6rme imkan\u0131  Maksimum 40m\/130ft derinli\u011fe dal\u0131n  Yeni ve heyecan verici bir tecr\u00fcbe kazan\u0131\u0131n  Bir e\u011fitmenle derin dal\u0131\u015flar yap\u0131n  Nas\u0131l Yap\u0131l\u0131r?   Kendinden emin ve yetenekli bir dalg\u0131\u00e7 olun  Y\u00fczerli\u011finizi ayarlay\u0131n  Deniz ya\u015fam\u0131na sayg\u0131yla yakla\u015f\u0131n  Dal\u0131\u015f bilgisayar\u0131n\u0131z\u0131 haz\u0131rlay\u0131n  Hava kayna\u011f\u0131n\u0131z\u0131 y\u00f6netin  Ki\u015fisel s\u0131n\u0131rlar\u0131n\u0131z\u0131n fark\u0131na var\u0131n  Bireysel limitlerinizi tan\u0131y\u0131n\" \/>\n<meta property=\"og:url\" content=\"https:\/\/lykiaworlddivingcentre.com\/product\/deep-diver\/\" \/>\n<meta property=\"og:site_name\" content=\"Lykia World Dal\u0131\u015f Merkezi | PADI 5 Y\u0131ld\u0131z IDC | \u00d6l\u00fcdeniz - Fethiye\" \/>\n<meta property=\"article:publisher\" content=\"https:\/\/www.facebook.com\/lykiaworlddivingcentre\" \/>\n<meta property=\"article:modified_time\" content=\"2026-02-28T10:15:11+00:00\" \/>\n<meta property=\"og:image\" content=\"https:\/\/lykiaworlddivingcentre.com\/wp-content\/uploads\/2023\/12\/padi-deep-diver-courses-oludeniz-fethiye.jpg\" \/>\n\t<meta property=\"og:image:width\" content=\"1920\" \/>\n\t<meta property=\"og:image:height\" content=\"1080\" \/>\n\t<meta property=\"og:image:type\" content=\"image\/jpeg\" \/>\n<meta name=\"twitter:card\" content=\"summary_large_image\" \/>\n<meta name=\"twitter:label1\" content=\"Fiyat\" \/>\n\t<meta name=\"twitter:data1\" content=\"&euro;263,00\" \/>\n\t<meta name=\"twitter:label2\" content=\"Durumu\" \/>\n\t<meta name=\"twitter:data2\" content=\"Stokta var\" \/>\n<script type=\"application\/ld+json\" class=\"yoast-schema-graph\">{\"@context\":\"https:\/\/schema.org\",\"@graph\":[{\"@type\":\"WebPage\",\"@id\":\"https:\/\/lykiaworlddivingcentre.com\/product\/deep-diver\/\",\"url\":\"https:\/\/lykiaworlddivingcentre.com\/product\/deep-diver\/\",\"name\":\"Derin Dal\u0131\u015f E\u011fitimi - Lykia World Dal\u0131\u015f Merkezi | PADI 5 Y\u0131ld\u0131z IDC | \u00d6l\u00fcdeniz - Fethiye\",\"isPartOf\":{\"@id\":\"https:\/\/lykiaworlddivingcentre.com\/tr\/#website\"},\"primaryImageOfPage\":{\"@id\":\"https:\/\/lykiaworlddivingcentre.com\/product\/deep-diver\/#primaryimage\"},\"image\":{\"@id\":\"https:\/\/lykiaworlddivingcentre.com\/product\/deep-diver\/#primaryimage\"},\"thumbnailUrl\":\"https:\/\/lykiaworlddivingcentre.com\/wp-content\/uploads\/2023\/12\/padi-deep-diver-courses-oludeniz-fethiye.jpg\",\"datePublished\":\"2023-12-09T14:18:01+00:00\",\"dateModified\":\"2026-02-28T10:15:11+00:00\",\"breadcrumb\":{\"@id\":\"https:\/\/lykiaworlddivingcentre.com\/product\/deep-diver\/#breadcrumb\"},\"inLanguage\":\"tr\",\"potentialAction\":[{\"@type\":\"ReadAction\",\"target\":[\"https:\/\/lykiaworlddivingcentre.com\/product\/deep-diver\/\"]}]},{\"@type\":\"ImageObject\",\"inLanguage\":\"tr\",\"@id\":\"https:\/\/lykiaworlddivingcentre.com\/product\/deep-diver\/#primaryimage\",\"url\":\"https:\/\/lykiaworlddivingcentre.com\/wp-content\/uploads\/2023\/12\/padi-deep-diver-courses-oludeniz-fethiye.jpg\",\"contentUrl\":\"https:\/\/lykiaworlddivingcentre.com\/wp-content\/uploads\/2023\/12\/padi-deep-diver-courses-oludeniz-fethiye.jpg\",\"width\":1920,\"height\":1080},{\"@type\":\"BreadcrumbList\",\"@id\":\"https:\/\/lykiaworlddivingcentre.com\/product\/deep-diver\/#breadcrumb\",\"itemListElement\":[{\"@type\":\"ListItem\",\"position\":1,\"name\":\"Home\",\"item\":\"https:\/\/lykiaworlddivingcentre.com\/\"},{\"@type\":\"ListItem\",\"position\":2,\"name\":\"Shop\",\"item\":\"https:\/\/lykiaworlddivingcentre.com\/shop\/\"},{\"@type\":\"ListItem\",\"position\":3,\"name\":\"Derin Dal\u0131\u015f E\u011fitimi\"}]},{\"@type\":\"WebSite\",\"@id\":\"https:\/\/lykiaworlddivingcentre.com\/tr\/#website\",\"url\":\"https:\/\/lykiaworlddivingcentre.com\/tr\/\",\"name\":\"Lykia World Diving Centre | PADI 5 Star IDC | \u00d6l\u00fcdeniz - Fethiye\",\"description\":\"\",\"publisher\":{\"@id\":\"https:\/\/lykiaworlddivingcentre.com\/tr\/#organization\"},\"alternateName\":\"Lykia World Diving Centre\",\"potentialAction\":[{\"@type\":\"SearchAction\",\"target\":{\"@type\":\"EntryPoint\",\"urlTemplate\":\"https:\/\/lykiaworlddivingcentre.com\/tr\/?s={search_term_string}\"},\"query-input\":{\"@type\":\"PropertyValueSpecification\",\"valueRequired\":true,\"valueName\":\"search_term_string\"}}],\"inLanguage\":\"tr\"},{\"@type\":\"Organization\",\"@id\":\"https:\/\/lykiaworlddivingcentre.com\/tr\/#organization\",\"name\":\"Lykia World Dal\u0131\u015f Merkezi | PADI 5 Y\u0131ld\u0131z IDC | \u00d6l\u00fcdeniz - Fethiye\",\"url\":\"https:\/\/lykiaworlddivingcentre.com\/tr\/\",\"logo\":{\"@type\":\"ImageObject\",\"inLanguage\":\"tr\",\"@id\":\"https:\/\/lykiaworlddivingcentre.com\/tr\/#\/schema\/logo\/image\/\",\"url\":\"https:\/\/lykiaworlddivingcentre.com\/wp-content\/uploads\/2023\/11\/LWDC-YATAY-Logo-idc-w600.png\",\"contentUrl\":\"https:\/\/lykiaworlddivingcentre.com\/wp-content\/uploads\/2023\/11\/LWDC-YATAY-Logo-idc-w600.png\",\"width\":600,\"height\":320,\"caption\":\"Lykia World Dal\u0131\u015f Merkezi | PADI 5 Y\u0131ld\u0131z IDC | \u00d6l\u00fcdeniz - Fethiye\"},\"image\":{\"@id\":\"https:\/\/lykiaworlddivingcentre.com\/tr\/#\/schema\/logo\/image\/\"},\"sameAs\":[\"https:\/\/www.facebook.com\/lykiaworlddivingcentre\",\"https:\/\/www.instagram.com\/lykiaworld_diving_centre\/\"],\"description\":\"Our diving adventure, which started in Marmaris in 1991, has been continuing in Fethiye \u00d6l\u00fcdeniz region for the last eight years. Since the first day we entered the sector, we have strived to add a new dimension to diving and we still maintain this passion.Lykia World Diving Centre (LWDC) is a PADI 5 star Instructor Development Centre located in Oludeniz with the best dive sites in the area right at our doorstep.\",\"email\":\"info@lykiaworlddivingcentre.com\",\"telephone\":\"+90 534 388 6261\",\"legalName\":\"AquaLykia Inc.\"}]}<\/script>\n<meta property=\"product:price:amount\" content=\"263.00\" \/>\n<meta property=\"product:price:currency\" content=\"EUR\" \/>\n<meta property=\"og:availability\" content=\"instock\" \/>\n<meta property=\"product:availability\" content=\"instock\" \/>\n<meta property=\"product:condition\" content=\"new\" \/>\n<!-- \/ Yoast SEO Premium plugin. -->","yoast_head_json":{"title":"Derin Dal\u0131\u015f E\u011fitimi - Lykia World Dal\u0131\u015f Merkezi | PADI 5 Y\u0131ld\u0131z IDC | \u00d6l\u00fcdeniz - Fethiye","robots":{"index":"index","follow":"follow","max-snippet":"max-snippet:-1","max-image-preview":"max-image-preview:large","max-video-preview":"max-video-preview:-1"},"canonical":"https:\/\/lykiaworlddivingcentre.com\/product\/deep-diver\/","og_locale":"tr_TR","og_type":"article","og_title":"Derin Dal\u0131\u015f E\u011fitimi","og_description":"S\u00fcre: 2s - Min. Ya\u015f: 18 Neden bu kursu almal\u0131y\u0131m?   Daha fazla Dal\u0131\u015f tecr\u00fcbesine sahip olmak  Gezegenimizin geri kalan y\u00fczde 70'ini ke\u015ffedin  Denizlerin korunmas\u0131n\u0131 desteklemek  Bir e\u011fitmenle derin dal\u0131\u015flar yap\u0131n  Sualt\u0131nda daha fazla fazlas\u0131n\u0131 g\u00f6rme imkan\u0131  Maksimum 40m\/130ft derinli\u011fe dal\u0131n  Yeni ve heyecan verici bir tecr\u00fcbe kazan\u0131\u0131n  Bir e\u011fitmenle derin dal\u0131\u015flar yap\u0131n  Nas\u0131l Yap\u0131l\u0131r?   Kendinden emin ve yetenekli bir dalg\u0131\u00e7 olun  Y\u00fczerli\u011finizi ayarlay\u0131n  Deniz ya\u015fam\u0131na sayg\u0131yla yakla\u015f\u0131n  Dal\u0131\u015f bilgisayar\u0131n\u0131z\u0131 haz\u0131rlay\u0131n  Hava kayna\u011f\u0131n\u0131z\u0131 y\u00f6netin  Ki\u015fisel s\u0131n\u0131rlar\u0131n\u0131z\u0131n fark\u0131na var\u0131n  Bireysel limitlerinizi tan\u0131y\u0131n","og_url":"https:\/\/lykiaworlddivingcentre.com\/product\/deep-diver\/","og_site_name":"Lykia World Dal\u0131\u015f Merkezi | PADI 5 Y\u0131ld\u0131z IDC | \u00d6l\u00fcdeniz - Fethiye","article_publisher":"https:\/\/www.facebook.com\/lykiaworlddivingcentre","article_modified_time":"2026-02-28T10:15:11+00:00","og_image":[{"width":1920,"height":1080,"url":"https:\/\/lykiaworlddivingcentre.com\/wp-content\/uploads\/2023\/12\/padi-deep-diver-courses-oludeniz-fethiye.jpg","type":"image\/jpeg"}],"twitter_card":"summary_large_image","twitter_misc":{"Fiyat":"&euro;263,00","Durumu":"Stokta var"},"schema":{"@context":"https:\/\/schema.org","@graph":[{"@type":"WebPage","@id":"https:\/\/lykiaworlddivingcentre.com\/product\/deep-diver\/","url":"https:\/\/lykiaworlddivingcentre.com\/product\/deep-diver\/","name":"Derin Dal\u0131\u015f E\u011fitimi - Lykia World Dal\u0131\u015f Merkezi | PADI 5 Y\u0131ld\u0131z IDC | \u00d6l\u00fcdeniz - Fethiye","isPartOf":{"@id":"https:\/\/lykiaworlddivingcentre.com\/tr\/#website"},"primaryImageOfPage":{"@id":"https:\/\/lykiaworlddivingcentre.com\/product\/deep-diver\/#primaryimage"},"image":{"@id":"https:\/\/lykiaworlddivingcentre.com\/product\/deep-diver\/#primaryimage"},"thumbnailUrl":"https:\/\/lykiaworlddivingcentre.com\/wp-content\/uploads\/2023\/12\/padi-deep-diver-courses-oludeniz-fethiye.jpg","datePublished":"2023-12-09T14:18:01+00:00","dateModified":"2026-02-28T10:15:11+00:00","breadcrumb":{"@id":"https:\/\/lykiaworlddivingcentre.com\/product\/deep-diver\/#breadcrumb"},"inLanguage":"tr","potentialAction":[{"@type":"ReadAction","target":["https:\/\/lykiaworlddivingcentre.com\/product\/deep-diver\/"]}]},{"@type":"ImageObject","inLanguage":"tr","@id":"https:\/\/lykiaworlddivingcentre.com\/product\/deep-diver\/#primaryimage","url":"https:\/\/lykiaworlddivingcentre.com\/wp-content\/uploads\/2023\/12\/padi-deep-diver-courses-oludeniz-fethiye.jpg","contentUrl":"https:\/\/lykiaworlddivingcentre.com\/wp-content\/uploads\/2023\/12\/padi-deep-diver-courses-oludeniz-fethiye.jpg","width":1920,"height":1080},{"@type":"BreadcrumbList","@id":"https:\/\/lykiaworlddivingcentre.com\/product\/deep-diver\/#breadcrumb","itemListElement":[{"@type":"ListItem","position":1,"name":"Home","item":"https:\/\/lykiaworlddivingcentre.com\/"},{"@type":"ListItem","position":2,"name":"Shop","item":"https:\/\/lykiaworlddivingcentre.com\/shop\/"},{"@type":"ListItem","position":3,"name":"Derin Dal\u0131\u015f E\u011fitimi"}]},{"@type":"WebSite","@id":"https:\/\/lykiaworlddivingcentre.com\/tr\/#website","url":"https:\/\/lykiaworlddivingcentre.com\/tr\/","name":"Lykia World Diving Centre | PADI 5 Star IDC | \u00d6l\u00fcdeniz - Fethiye","description":"","publisher":{"@id":"https:\/\/lykiaworlddivingcentre.com\/tr\/#organization"},"alternateName":"Lykia World Diving Centre","potentialAction":[{"@type":"SearchAction","target":{"@type":"EntryPoint","urlTemplate":"https:\/\/lykiaworlddivingcentre.com\/tr\/?s={search_term_string}"},"query-input":{"@type":"PropertyValueSpecification","valueRequired":true,"valueName":"search_term_string"}}],"inLanguage":"tr"},{"@type":"Organization","@id":"https:\/\/lykiaworlddivingcentre.com\/tr\/#organization","name":"Lykia World Dal\u0131\u015f Merkezi | PADI 5 Y\u0131ld\u0131z IDC | \u00d6l\u00fcdeniz - Fethiye","url":"https:\/\/lykiaworlddivingcentre.com\/tr\/","logo":{"@type":"ImageObject","inLanguage":"tr","@id":"https:\/\/lykiaworlddivingcentre.com\/tr\/#\/schema\/logo\/image\/","url":"https:\/\/lykiaworlddivingcentre.com\/wp-content\/uploads\/2023\/11\/LWDC-YATAY-Logo-idc-w600.png","contentUrl":"https:\/\/lykiaworlddivingcentre.com\/wp-content\/uploads\/2023\/11\/LWDC-YATAY-Logo-idc-w600.png","width":600,"height":320,"caption":"Lykia World Dal\u0131\u015f Merkezi | PADI 5 Y\u0131ld\u0131z IDC | \u00d6l\u00fcdeniz - Fethiye"},"image":{"@id":"https:\/\/lykiaworlddivingcentre.com\/tr\/#\/schema\/logo\/image\/"},"sameAs":["https:\/\/www.facebook.com\/lykiaworlddivingcentre","https:\/\/www.instagram.com\/lykiaworld_diving_centre\/"],"description":"Our diving adventure, which started in Marmaris in 1991, has been continuing in Fethiye \u00d6l\u00fcdeniz region for the last eight years. Since the first day we entered the sector, we have strived to add a new dimension to diving and we still maintain this passion.Lykia World Diving Centre (LWDC) is a PADI 5 star Instructor Development Centre located in Oludeniz with the best dive sites in the area right at our doorstep.","email":"info@lykiaworlddivingcentre.com","telephone":"+90 534 388 6261","legalName":"AquaLykia Inc."}]},"product_price_amount":"263.00","product_price_currency":"EUR","og_availability":"instock","product_availability":"instock","product_condition":"new"},"_links":{"self":[{"href":"https:\/\/lykiaworlddivingcentre.com\/tr\/wp-json\/wp\/v2\/product\/636","targetHints":{"allow":["GET"]}}],"collection":[{"href":"https:\/\/lykiaworlddivingcentre.com\/tr\/wp-json\/wp\/v2\/product"}],"about":[{"href":"https:\/\/lykiaworlddivingcentre.com\/tr\/wp-json\/wp\/v2\/types\/product"}],"wp:featuredmedia":[{"embeddable":true,"href":"https:\/\/lykiaworlddivingcentre.com\/tr\/wp-json\/wp\/v2\/media\/245"}],"wp:attachment":[{"href":"https:\/\/lykiaworlddivingcentre.com\/tr\/wp-json\/wp\/v2\/media?parent=636"}],"wp:term":[{"taxonomy":"product_brand","embeddable":true,"href":"https:\/\/lykiaworlddivingcentre.com\/tr\/wp-json\/wp\/v2\/product_brand?post=636"},{"taxonomy":"product_cat","embeddable":true,"href":"https:\/\/lykiaworlddivingcentre.com\/tr\/wp-json\/wp\/v2\/product_cat?post=636"},{"taxonomy":"product_tag","embeddable":true,"href":"https:\/\/lykiaworlddivingcentre.com\/tr\/wp-json\/wp\/v2\/product_tag?post=636"}],"curies":[{"name":"wp","href":"https:\/\/api.w.org\/{rel}","templated":true}]}}