{"id":640,"date":"2023-12-09T16:42:57","date_gmt":"2023-12-09T13:42:57","guid":{"rendered":"https:\/\/lykiaworlddivingcentre.com\/product\/underwater-photographer\/"},"modified":"2026-02-28T13:18:31","modified_gmt":"2026-02-28T10:18:31","slug":"sualti-fotografciligi","status":"publish","type":"product","link":"https:\/\/lykiaworlddivingcentre.com\/tr\/product\/sualti-fotografciligi\/","title":{"rendered":"Sualt\u0131 Foto\u011fraf\u00e7\u0131l\u0131\u011f\u0131"},"content":{"rendered":"<p>Ba\u015flang\u0131\u00e7 seviyesinde olu\u015facak hatalar\u0131 minumuma indirerek ve profesyonellerden ipu\u00e7lar\u0131 alarak \u00f6\u011frenme s\u00fcrecini k\u0131salt\u0131n. Su alt\u0131 foto\u011fraf\u00e7\u0131l\u0131\u011f\u0131 \u0131\u015f\u0131klar\u0131n\u0131 kullanmay\u0131, gereksiz refleksiyonlar\u0131 \u00f6nlemeyi ve renkleri geli\u015ftirmeyi \u00f6\u011frenin.<\/p>\n<h3>Harika Sualt\u0131 Foto\u011fraflar\u0131 Nas\u0131l \u00c7ekilir?<\/h3>\n<p>Deneme yan\u0131lma yoluyla su alt\u0131 foto\u011fraf\u00e7\u0131l\u0131\u011f\u0131n\u0131 \u00f6\u011frenmek i\u00e7in saatler harcayabilir yada kestirmeden \u00f6\u011frenebilirsiniz. Su alt\u0131nda harika foto\u011fraflar \u00e7ekmek i\u00e7in profesyonel p\u00fcf noktalar\u0131 ve ipu\u00e7lar\u0131n\u0131 GoPro (veya di\u011fer aksiyon kameralar\u0131) ile t\u00fcpl\u00fc dal\u0131\u015f yaparken video \u00e7ekmenin en iyi yolunu \u00f6\u011frenin.<\/p>\n","protected":false},"excerpt":{"rendered":"<h2>S\u00fcre: 4s \/ 2 Dal\u0131\u015f &#8211; Min. Ya\u015f: 14<\/h2>\n<h4>Neden bu kursu almal\u0131y\u0131m?<\/h4>\n<ul>\n<li>Sualt\u0131nda daha fazla fazlas\u0131n\u0131 g\u00f6rme imkan\u0131<\/li>\n<li>T\u00fcpl\u00fc Dal\u0131\u015f maceralar\u0131n\u0131z\u0131 payla\u015f\u0131n<\/li>\n<li>Aksiyon kameran\u0131z\u0131 su alt\u0131nda kullan\u0131n<\/li>\n<\/ul>\n<h4>Nas\u0131l Yap\u0131l\u0131r?<\/h4>\n<ul>\n<li>Deniz ya\u015fam\u0131n\u0131n foto\u011fraflar\u0131n\u0131 \u00e7ekin<\/li>\n<li>Foto\u011fraf ekipman\u0131 se\u00e7imi<\/li>\n<li>N\u00f6tr y\u00fczerlik kazanmak<\/li>\n<\/ul>\n","protected":false},"featured_media":226,"template":"","meta":[],"product_brand":[],"product_cat":[40,38],"product_tag":[],"class_list":{"0":"post-640","1":"product","2":"type-product","3":"status-publish","4":"has-post-thumbnail","6":"product_cat-egitime-devam","7":"product_cat-tuplu-dalis-kurslari","9":"first","10":"instock","11":"sold-individually","12":"shipping-taxable","13":"product-type-simple"},"yoast_head":"<!-- This site is optimized with the Yoast SEO Premium plugin v22.1 (Yoast SEO v27.0) - https:\/\/yoast.com\/product\/yoast-seo-premium-wordpress\/ -->\n<title>Sualt\u0131 Foto\u011fraf\u00e7\u0131l\u0131\u011f\u0131 - Lykia World Dal\u0131\u015f Merkezi | PADI 5 Y\u0131ld\u0131z IDC | \u00d6l\u00fcdeniz - Fethiye<\/title>\n<meta name=\"robots\" content=\"index, follow, max-snippet:-1, max-image-preview:large, max-video-preview:-1\" \/>\n<link rel=\"canonical\" href=\"https:\/\/lykiaworlddivingcentre.com\/product\/underwater-photographer\/\" \/>\n<meta property=\"og:locale\" content=\"tr_TR\" \/>\n<meta property=\"og:type\" content=\"article\" \/>\n<meta property=\"og:title\" content=\"Sualt\u0131 Foto\u011fraf\u00e7\u0131l\u0131\u011f\u0131\" \/>\n<meta property=\"og:description\" content=\"S\u00fcre: 4s \/ 2 Dal\u0131\u015f - Min. Ya\u015f: 14 Neden bu kursu almal\u0131y\u0131m?   Sualt\u0131nda daha fazla fazlas\u0131n\u0131 g\u00f6rme imkan\u0131  T\u00fcpl\u00fc Dal\u0131\u015f maceralar\u0131n\u0131z\u0131 payla\u015f\u0131n  Aksiyon kameran\u0131z\u0131 su alt\u0131nda kullan\u0131n  Nas\u0131l Yap\u0131l\u0131r?   Deniz ya\u015fam\u0131n\u0131n foto\u011fraflar\u0131n\u0131 \u00e7ekin  Foto\u011fraf ekipman\u0131 se\u00e7imi  N\u00f6tr y\u00fczerlik kazanmak\" \/>\n<meta property=\"og:url\" content=\"https:\/\/lykiaworlddivingcentre.com\/product\/underwater-photographer\/\" \/>\n<meta property=\"og:site_name\" content=\"Lykia World Dal\u0131\u015f Merkezi | PADI 5 Y\u0131ld\u0131z IDC | \u00d6l\u00fcdeniz - Fethiye\" \/>\n<meta property=\"article:publisher\" content=\"https:\/\/www.facebook.com\/lykiaworlddivingcentre\" \/>\n<meta property=\"article:modified_time\" content=\"2026-02-28T10:18:31+00:00\" \/>\n<meta property=\"og:image\" content=\"https:\/\/lykiaworlddivingcentre.com\/wp-content\/uploads\/2023\/12\/diver-photographs-sea-turtle-courtesy-sealife.jpg\" \/>\n\t<meta property=\"og:image:width\" content=\"1200\" \/>\n\t<meta property=\"og:image:height\" content=\"630\" \/>\n\t<meta property=\"og:image:type\" content=\"image\/jpeg\" \/>\n<meta name=\"twitter:card\" content=\"summary_large_image\" \/>\n<meta name=\"twitter:label1\" content=\"Fiyat\" \/>\n\t<meta name=\"twitter:data1\" content=\"&euro;164,00\" \/>\n\t<meta name=\"twitter:label2\" content=\"Durumu\" \/>\n\t<meta name=\"twitter:data2\" content=\"Stokta var\" \/>\n<script type=\"application\/ld+json\" class=\"yoast-schema-graph\">{\"@context\":\"https:\/\/schema.org\",\"@graph\":[{\"@type\":\"WebPage\",\"@id\":\"https:\/\/lykiaworlddivingcentre.com\/product\/underwater-photographer\/\",\"url\":\"https:\/\/lykiaworlddivingcentre.com\/product\/underwater-photographer\/\",\"name\":\"Sualt\u0131 Foto\u011fraf\u00e7\u0131l\u0131\u011f\u0131 - Lykia World Dal\u0131\u015f Merkezi | PADI 5 Y\u0131ld\u0131z IDC | \u00d6l\u00fcdeniz - Fethiye\",\"isPartOf\":{\"@id\":\"https:\/\/lykiaworlddivingcentre.com\/tr\/#website\"},\"primaryImageOfPage\":{\"@id\":\"https:\/\/lykiaworlddivingcentre.com\/product\/underwater-photographer\/#primaryimage\"},\"image\":{\"@id\":\"https:\/\/lykiaworlddivingcentre.com\/product\/underwater-photographer\/#primaryimage\"},\"thumbnailUrl\":\"https:\/\/lykiaworlddivingcentre.com\/wp-content\/uploads\/2023\/12\/diver-photographs-sea-turtle-courtesy-sealife.jpg\",\"datePublished\":\"2023-12-09T13:42:57+00:00\",\"dateModified\":\"2026-02-28T10:18:31+00:00\",\"breadcrumb\":{\"@id\":\"https:\/\/lykiaworlddivingcentre.com\/product\/underwater-photographer\/#breadcrumb\"},\"inLanguage\":\"tr\",\"potentialAction\":[{\"@type\":\"ReadAction\",\"target\":[\"https:\/\/lykiaworlddivingcentre.com\/product\/underwater-photographer\/\"]}]},{\"@type\":\"ImageObject\",\"inLanguage\":\"tr\",\"@id\":\"https:\/\/lykiaworlddivingcentre.com\/product\/underwater-photographer\/#primaryimage\",\"url\":\"https:\/\/lykiaworlddivingcentre.com\/wp-content\/uploads\/2023\/12\/diver-photographs-sea-turtle-courtesy-sealife.jpg\",\"contentUrl\":\"https:\/\/lykiaworlddivingcentre.com\/wp-content\/uploads\/2023\/12\/diver-photographs-sea-turtle-courtesy-sealife.jpg\",\"width\":1200,\"height\":630},{\"@type\":\"BreadcrumbList\",\"@id\":\"https:\/\/lykiaworlddivingcentre.com\/product\/underwater-photographer\/#breadcrumb\",\"itemListElement\":[{\"@type\":\"ListItem\",\"position\":1,\"name\":\"Home\",\"item\":\"https:\/\/lykiaworlddivingcentre.com\/\"},{\"@type\":\"ListItem\",\"position\":2,\"name\":\"Shop\",\"item\":\"https:\/\/lykiaworlddivingcentre.com\/shop\/\"},{\"@type\":\"ListItem\",\"position\":3,\"name\":\"Sualt\u0131 Foto\u011fraf\u00e7\u0131l\u0131\u011f\u0131\"}]},{\"@type\":\"WebSite\",\"@id\":\"https:\/\/lykiaworlddivingcentre.com\/tr\/#website\",\"url\":\"https:\/\/lykiaworlddivingcentre.com\/tr\/\",\"name\":\"Lykia World Diving Centre | PADI 5 Star IDC | \u00d6l\u00fcdeniz - Fethiye\",\"description\":\"\",\"publisher\":{\"@id\":\"https:\/\/lykiaworlddivingcentre.com\/tr\/#organization\"},\"alternateName\":\"Lykia World Diving Centre\",\"potentialAction\":[{\"@type\":\"SearchAction\",\"target\":{\"@type\":\"EntryPoint\",\"urlTemplate\":\"https:\/\/lykiaworlddivingcentre.com\/tr\/?s={search_term_string}\"},\"query-input\":{\"@type\":\"PropertyValueSpecification\",\"valueRequired\":true,\"valueName\":\"search_term_string\"}}],\"inLanguage\":\"tr\"},{\"@type\":\"Organization\",\"@id\":\"https:\/\/lykiaworlddivingcentre.com\/tr\/#organization\",\"name\":\"Lykia World Dal\u0131\u015f Merkezi | PADI 5 Y\u0131ld\u0131z IDC | \u00d6l\u00fcdeniz - Fethiye\",\"url\":\"https:\/\/lykiaworlddivingcentre.com\/tr\/\",\"logo\":{\"@type\":\"ImageObject\",\"inLanguage\":\"tr\",\"@id\":\"https:\/\/lykiaworlddivingcentre.com\/tr\/#\/schema\/logo\/image\/\",\"url\":\"https:\/\/lykiaworlddivingcentre.com\/wp-content\/uploads\/2023\/11\/LWDC-YATAY-Logo-idc-w600.png\",\"contentUrl\":\"https:\/\/lykiaworlddivingcentre.com\/wp-content\/uploads\/2023\/11\/LWDC-YATAY-Logo-idc-w600.png\",\"width\":600,\"height\":320,\"caption\":\"Lykia World Dal\u0131\u015f Merkezi | PADI 5 Y\u0131ld\u0131z IDC | \u00d6l\u00fcdeniz - Fethiye\"},\"image\":{\"@id\":\"https:\/\/lykiaworlddivingcentre.com\/tr\/#\/schema\/logo\/image\/\"},\"sameAs\":[\"https:\/\/www.facebook.com\/lykiaworlddivingcentre\",\"https:\/\/www.instagram.com\/lykiaworld_diving_centre\/\"],\"description\":\"Our diving adventure, which started in Marmaris in 1991, has been continuing in Fethiye \u00d6l\u00fcdeniz region for the last eight years. Since the first day we entered the sector, we have strived to add a new dimension to diving and we still maintain this passion.Lykia World Diving Centre (LWDC) is a PADI 5 star Instructor Development Centre located in Oludeniz with the best dive sites in the area right at our doorstep.\",\"email\":\"info@lykiaworlddivingcentre.com\",\"telephone\":\"+90 534 388 6261\",\"legalName\":\"AquaLykia Inc.\"}]}<\/script>\n<meta property=\"product:price:amount\" content=\"164.00\" \/>\n<meta property=\"product:price:currency\" content=\"EUR\" \/>\n<meta property=\"og:availability\" content=\"instock\" \/>\n<meta property=\"product:availability\" content=\"instock\" \/>\n<meta property=\"product:condition\" content=\"new\" \/>\n<!-- \/ Yoast SEO Premium plugin. -->","yoast_head_json":{"title":"Sualt\u0131 Foto\u011fraf\u00e7\u0131l\u0131\u011f\u0131 - Lykia World Dal\u0131\u015f Merkezi | PADI 5 Y\u0131ld\u0131z IDC | \u00d6l\u00fcdeniz - Fethiye","robots":{"index":"index","follow":"follow","max-snippet":"max-snippet:-1","max-image-preview":"max-image-preview:large","max-video-preview":"max-video-preview:-1"},"canonical":"https:\/\/lykiaworlddivingcentre.com\/product\/underwater-photographer\/","og_locale":"tr_TR","og_type":"article","og_title":"Sualt\u0131 Foto\u011fraf\u00e7\u0131l\u0131\u011f\u0131","og_description":"S\u00fcre: 4s \/ 2 Dal\u0131\u015f - Min. Ya\u015f: 14 Neden bu kursu almal\u0131y\u0131m?   Sualt\u0131nda daha fazla fazlas\u0131n\u0131 g\u00f6rme imkan\u0131  T\u00fcpl\u00fc Dal\u0131\u015f maceralar\u0131n\u0131z\u0131 payla\u015f\u0131n  Aksiyon kameran\u0131z\u0131 su alt\u0131nda kullan\u0131n  Nas\u0131l Yap\u0131l\u0131r?   Deniz ya\u015fam\u0131n\u0131n foto\u011fraflar\u0131n\u0131 \u00e7ekin  Foto\u011fraf ekipman\u0131 se\u00e7imi  N\u00f6tr y\u00fczerlik kazanmak","og_url":"https:\/\/lykiaworlddivingcentre.com\/product\/underwater-photographer\/","og_site_name":"Lykia World Dal\u0131\u015f Merkezi | PADI 5 Y\u0131ld\u0131z IDC | \u00d6l\u00fcdeniz - Fethiye","article_publisher":"https:\/\/www.facebook.com\/lykiaworlddivingcentre","article_modified_time":"2026-02-28T10:18:31+00:00","og_image":[{"width":1200,"height":630,"url":"https:\/\/lykiaworlddivingcentre.com\/wp-content\/uploads\/2023\/12\/diver-photographs-sea-turtle-courtesy-sealife.jpg","type":"image\/jpeg"}],"twitter_card":"summary_large_image","twitter_misc":{"Fiyat":"&euro;164,00","Durumu":"Stokta var"},"schema":{"@context":"https:\/\/schema.org","@graph":[{"@type":"WebPage","@id":"https:\/\/lykiaworlddivingcentre.com\/product\/underwater-photographer\/","url":"https:\/\/lykiaworlddivingcentre.com\/product\/underwater-photographer\/","name":"Sualt\u0131 Foto\u011fraf\u00e7\u0131l\u0131\u011f\u0131 - Lykia World Dal\u0131\u015f Merkezi | PADI 5 Y\u0131ld\u0131z IDC | \u00d6l\u00fcdeniz - Fethiye","isPartOf":{"@id":"https:\/\/lykiaworlddivingcentre.com\/tr\/#website"},"primaryImageOfPage":{"@id":"https:\/\/lykiaworlddivingcentre.com\/product\/underwater-photographer\/#primaryimage"},"image":{"@id":"https:\/\/lykiaworlddivingcentre.com\/product\/underwater-photographer\/#primaryimage"},"thumbnailUrl":"https:\/\/lykiaworlddivingcentre.com\/wp-content\/uploads\/2023\/12\/diver-photographs-sea-turtle-courtesy-sealife.jpg","datePublished":"2023-12-09T13:42:57+00:00","dateModified":"2026-02-28T10:18:31+00:00","breadcrumb":{"@id":"https:\/\/lykiaworlddivingcentre.com\/product\/underwater-photographer\/#breadcrumb"},"inLanguage":"tr","potentialAction":[{"@type":"ReadAction","target":["https:\/\/lykiaworlddivingcentre.com\/product\/underwater-photographer\/"]}]},{"@type":"ImageObject","inLanguage":"tr","@id":"https:\/\/lykiaworlddivingcentre.com\/product\/underwater-photographer\/#primaryimage","url":"https:\/\/lykiaworlddivingcentre.com\/wp-content\/uploads\/2023\/12\/diver-photographs-sea-turtle-courtesy-sealife.jpg","contentUrl":"https:\/\/lykiaworlddivingcentre.com\/wp-content\/uploads\/2023\/12\/diver-photographs-sea-turtle-courtesy-sealife.jpg","width":1200,"height":630},{"@type":"BreadcrumbList","@id":"https:\/\/lykiaworlddivingcentre.com\/product\/underwater-photographer\/#breadcrumb","itemListElement":[{"@type":"ListItem","position":1,"name":"Home","item":"https:\/\/lykiaworlddivingcentre.com\/"},{"@type":"ListItem","position":2,"name":"Shop","item":"https:\/\/lykiaworlddivingcentre.com\/shop\/"},{"@type":"ListItem","position":3,"name":"Sualt\u0131 Foto\u011fraf\u00e7\u0131l\u0131\u011f\u0131"}]},{"@type":"WebSite","@id":"https:\/\/lykiaworlddivingcentre.com\/tr\/#website","url":"https:\/\/lykiaworlddivingcentre.com\/tr\/","name":"Lykia World Diving Centre | PADI 5 Star IDC | \u00d6l\u00fcdeniz - Fethiye","description":"","publisher":{"@id":"https:\/\/lykiaworlddivingcentre.com\/tr\/#organization"},"alternateName":"Lykia World Diving Centre","potentialAction":[{"@type":"SearchAction","target":{"@type":"EntryPoint","urlTemplate":"https:\/\/lykiaworlddivingcentre.com\/tr\/?s={search_term_string}"},"query-input":{"@type":"PropertyValueSpecification","valueRequired":true,"valueName":"search_term_string"}}],"inLanguage":"tr"},{"@type":"Organization","@id":"https:\/\/lykiaworlddivingcentre.com\/tr\/#organization","name":"Lykia World Dal\u0131\u015f Merkezi | PADI 5 Y\u0131ld\u0131z IDC | \u00d6l\u00fcdeniz - Fethiye","url":"https:\/\/lykiaworlddivingcentre.com\/tr\/","logo":{"@type":"ImageObject","inLanguage":"tr","@id":"https:\/\/lykiaworlddivingcentre.com\/tr\/#\/schema\/logo\/image\/","url":"https:\/\/lykiaworlddivingcentre.com\/wp-content\/uploads\/2023\/11\/LWDC-YATAY-Logo-idc-w600.png","contentUrl":"https:\/\/lykiaworlddivingcentre.com\/wp-content\/uploads\/2023\/11\/LWDC-YATAY-Logo-idc-w600.png","width":600,"height":320,"caption":"Lykia World Dal\u0131\u015f Merkezi | PADI 5 Y\u0131ld\u0131z IDC | \u00d6l\u00fcdeniz - Fethiye"},"image":{"@id":"https:\/\/lykiaworlddivingcentre.com\/tr\/#\/schema\/logo\/image\/"},"sameAs":["https:\/\/www.facebook.com\/lykiaworlddivingcentre","https:\/\/www.instagram.com\/lykiaworld_diving_centre\/"],"description":"Our diving adventure, which started in Marmaris in 1991, has been continuing in Fethiye \u00d6l\u00fcdeniz region for the last eight years. Since the first day we entered the sector, we have strived to add a new dimension to diving and we still maintain this passion.Lykia World Diving Centre (LWDC) is a PADI 5 star Instructor Development Centre located in Oludeniz with the best dive sites in the area right at our doorstep.","email":"info@lykiaworlddivingcentre.com","telephone":"+90 534 388 6261","legalName":"AquaLykia Inc."}]},"product_price_amount":"164.00","product_price_currency":"EUR","og_availability":"instock","product_availability":"instock","product_condition":"new"},"_links":{"self":[{"href":"https:\/\/lykiaworlddivingcentre.com\/tr\/wp-json\/wp\/v2\/product\/640","targetHints":{"allow":["GET"]}}],"collection":[{"href":"https:\/\/lykiaworlddivingcentre.com\/tr\/wp-json\/wp\/v2\/product"}],"about":[{"href":"https:\/\/lykiaworlddivingcentre.com\/tr\/wp-json\/wp\/v2\/types\/product"}],"wp:featuredmedia":[{"embeddable":true,"href":"https:\/\/lykiaworlddivingcentre.com\/tr\/wp-json\/wp\/v2\/media\/226"}],"wp:attachment":[{"href":"https:\/\/lykiaworlddivingcentre.com\/tr\/wp-json\/wp\/v2\/media?parent=640"}],"wp:term":[{"taxonomy":"product_brand","embeddable":true,"href":"https:\/\/lykiaworlddivingcentre.com\/tr\/wp-json\/wp\/v2\/product_brand?post=640"},{"taxonomy":"product_cat","embeddable":true,"href":"https:\/\/lykiaworlddivingcentre.com\/tr\/wp-json\/wp\/v2\/product_cat?post=640"},{"taxonomy":"product_tag","embeddable":true,"href":"https:\/\/lykiaworlddivingcentre.com\/tr\/wp-json\/wp\/v2\/product_tag?post=640"}],"curies":[{"name":"wp","href":"https:\/\/api.w.org\/{rel}","templated":true}]}}