{"id":642,"date":"2023-12-07T19:41:58","date_gmt":"2023-12-07T16:41:58","guid":{"rendered":"https:\/\/lykiaworlddivingcentre.com\/product\/underwater-videographer\/"},"modified":"2026-02-28T13:15:11","modified_gmt":"2026-02-28T10:15:11","slug":"sualti-kameramanligi","status":"publish","type":"product","link":"https:\/\/lykiaworlddivingcentre.com\/tr\/product\/sualti-kameramanligi\/","title":{"rendered":"Sualt\u0131 Kameraman\u0131 Uzmanl\u0131\u011f\u0131"},"content":{"rendered":"<p>Video, su alt\u0131 d\u00fcnyas\u0131n\u0131n manzaralar\u0131n\u0131, seslerini, hareketlerini ve dinamiklerini payla\u015fman\u0131n en g\u00fczel yoludur. En iyi klipleri elde etmek ve ayr\u0131ca <a href=\"http:\/\/www.scubaearth.com\/?webSyncID=22407473-be92-aca2-c733-0b7d55499385&amp;sessionGUID=da115c54-575c-7e3d-7839-0033e8057418\" target=\"_blank\" rel=\"noopener\">ScubaEarth\u00ae<\/a>\u00a0ve di\u011fer hesaplar arac\u0131l\u0131\u011f\u0131yla arkada\u015flar\u0131n\u0131zla payla\u015fmak \u00fczere t\u00fcpl\u00fc dal\u0131\u015f hikayelerinizi d\u00fczenlemeyi \u00f6\u011frenmek istiyorsan\u0131z, PADI Sualt\u0131 Kameraman\u0131 Uzmanl\u0131k kursu tam size g\u00f6re.<\/p>\n<p>En az 14 ya\u015f\u0131nda bir PADI (Junior) Open Water Diver iseniz, PADI Sualt\u0131 Kameramanl\u0131\u011f\u0131 Uzmanl\u0131k kursuna kay\u0131t olabilirsiniz.<\/p>\n<p><strong>Akademik<\/strong><\/p>\n<p>PADI E\u011fitmeniniz, ister harici ayd\u0131nlatmal\u0131 \u00a8housing\u00a8 li, ister video \u00e7eken su alt\u0131 kameran\u0131z olsun, su alt\u0131 video ekipman\u0131n\u0131z\u0131n nas\u0131l se\u00e7ilece\u011fini, bak\u0131m\u0131n\u0131 ve nas\u0131l koruyaca\u011f\u0131n\u0131z\u0131 izah edecektir. Pozlama, odaklanma, kurgulama ve s\u0131ralama gibi temel konular\u0131 ele alacaks\u0131n\u0131z. Dal\u0131\u015ftan sonra, kurgu s\u00fcrecini ve t\u00fcpl\u00fc dal\u0131\u015f maceralar\u0131n\u0131z\u0131 ger\u00e7ekten yans\u0131tan bir videonun nas\u0131l \u00fcretilece\u011fini \u00f6\u011freneceksiniz.<\/p>\n<p class=\" translation-block\">Kredi almak! Bu PADI Uzmanl\u0131k Dal\u0131c\u0131 kursunun ilk dal\u0131\u015f\u0131, \u0130leri A\u00e7\u0131k Deniz Dal\u0131c\u0131s\u0131 sertifikan\u0131z i\u00e7in bir Macera Dal\u0131\u015f\u0131 olarak kabul edilebilir &#8211; e\u011fitmeninizle kredi i\u00e7in g\u00f6r\u00fc\u015f\u00fcn.<\/p>\n<p><strong>Kullan\u0131lan Lisanlar<\/strong><\/p>\n<p>Kurs veren e\u011fitmenlerimizin E\u011fitim esnas\u0131nda kulland\u0131klar\u0131 di\u011fer lisanlar i\u00e7in l\u00fctfen bizimle temasa ge\u00e7iniz<\/p>\n<p class=\" translation-block\"><strong>Ekipmanlar<\/strong><br \/>\nElbette bir su alt\u0131 video kameras\u0131 kullanacak ve temel t\u00fcpl\u00fc dal\u0131\u015f ekipman\u0131n\u0131za ihtiyac\u0131n\u0131z olacak. Videonuzu d\u00fczenlemek i\u00e7in, genellikle d\u00fczenleme yaz\u0131l\u0131m\u0131 olan bir bilgisayara eri\u015fmeniz gerekir. Yerel olarak dal\u0131\u015f yaparken y\u00fcksek kaliteli su alt\u0131 videosu elde etmek i\u00e7in hangi ilave ekipmanlara ihtiya\u00e7 duyabilece\u011finizi dal\u0131\u015f merkezimizdeki E\u011fitmeninize dan\u0131\u015fabilirsiniz.<\/p>\n<p><strong>Ba\u015flarken<\/strong><\/p>\n<p>Dijital Su Alt\u0131 Foto\u011fraf\u00e7\u0131s\u0131 \u00c7evrimi\u00e7i &#8211; PADI&#8217;nin e-\u00d6\u011frenim se\u00e7ene\u011fi &#8211; videoya ayr\u0131lm\u0131\u015f \u00fc\u00e7\u00fcnc\u00fc b\u00f6l\u00fcm\u00fcnde su alt\u0131 g\u00f6r\u00fcnt\u00fclemenin temellerini kapsar. \u0130lk iki b\u00f6l\u00fcm hareketsiz foto\u011fraf\u00e7\u0131l\u0131\u011fa odaklansa da, bu web tabanl\u0131 e\u011fitim program\u0131, video da dahil olmak \u00fczere harika sualt\u0131 g\u00f6r\u00fcnt\u00fcleme ilkeleri konusunda size rehberlik edecektir. Ba\u011f\u0131ms\u0131z olarak \u00e7evrimi\u00e7i \u00e7al\u0131\u015farak, hem uzmanl\u0131k kurslar\u0131n\u0131 hem de Sualt\u0131 Kamerac\u0131l\u0131\u011f\u0131 ve Dijital Sualt\u0131 Foto\u011fraf\u00e7\u0131l\u0131\u011f\u0131n\u0131 tamamlamaya haz\u0131r olacaks\u0131n\u0131z.<\/p>\n","protected":false},"excerpt":{"rendered":"<h2>S\u00fcre: 4s \/ 2 Dal\u0131\u015f &#8211; Min. Ya\u015f: 14<\/h2>\n<h4>Neden bu kursu almal\u0131y\u0131m?<\/h4>\n<ul>\n<li>Sualt\u0131nda daha fazla fazlas\u0131n\u0131 g\u00f6rme imkan\u0131<\/li>\n<li>T\u00fcpl\u00fc Dal\u0131\u015f maceralar\u0131n\u0131z\u0131 payla\u015f\u0131n<\/li>\n<li>Aksiyon kameran\u0131z\u0131 su alt\u0131nda kullan\u0131n<\/li>\n<\/ul>\n<h4>Nas\u0131l Yap\u0131l\u0131r?<\/h4>\n<ul>\n<li>Deniz ya\u015fam\u0131n\u0131n foto\u011fraflar\u0131n\u0131 \u00e7ekin<\/li>\n<li>Foto\u011fraf ekipman\u0131 se\u00e7imi<\/li>\n<li>N\u00f6tr y\u00fczerlilik kazanmak<\/li>\n<\/ul>\n","protected":false},"featured_media":206,"template":"","meta":[],"product_brand":[],"product_cat":[40,38],"product_tag":[],"class_list":{"0":"post-642","1":"product","2":"type-product","3":"status-publish","4":"has-post-thumbnail","6":"product_cat-egitime-devam","7":"product_cat-tuplu-dalis-kurslari","9":"first","10":"instock","11":"sold-individually","12":"shipping-taxable","13":"product-type-simple"},"yoast_head":"<!-- This site is optimized with the Yoast SEO Premium plugin v22.1 (Yoast SEO v27.0) - https:\/\/yoast.com\/product\/yoast-seo-premium-wordpress\/ -->\n<title>Sualt\u0131 Kameraman\u0131 Uzmanl\u0131\u011f\u0131 - Lykia World Dal\u0131\u015f Merkezi | PADI 5 Y\u0131ld\u0131z IDC | \u00d6l\u00fcdeniz - Fethiye<\/title>\n<meta name=\"robots\" content=\"index, follow, max-snippet:-1, max-image-preview:large, max-video-preview:-1\" \/>\n<link rel=\"canonical\" href=\"https:\/\/lykiaworlddivingcentre.com\/product\/underwater-videographer\/\" \/>\n<meta property=\"og:locale\" content=\"tr_TR\" \/>\n<meta property=\"og:type\" content=\"article\" \/>\n<meta property=\"og:title\" content=\"Sualt\u0131 Kameraman\u0131 Uzmanl\u0131\u011f\u0131\" \/>\n<meta property=\"og:description\" content=\"S\u00fcre: 4s \/ 2 Dal\u0131\u015f - Min. Ya\u015f: 14 Neden bu kursu almal\u0131y\u0131m?   Sualt\u0131nda daha fazla fazlas\u0131n\u0131 g\u00f6rme imkan\u0131  T\u00fcpl\u00fc Dal\u0131\u015f maceralar\u0131n\u0131z\u0131 payla\u015f\u0131n  Aksiyon kameran\u0131z\u0131 su alt\u0131nda kullan\u0131n  Nas\u0131l Yap\u0131l\u0131r?   Deniz ya\u015fam\u0131n\u0131n foto\u011fraflar\u0131n\u0131 \u00e7ekin  Foto\u011fraf ekipman\u0131 se\u00e7imi  N\u00f6tr y\u00fczerlilik kazanmak\" \/>\n<meta property=\"og:url\" content=\"https:\/\/lykiaworlddivingcentre.com\/product\/underwater-videographer\/\" \/>\n<meta property=\"og:site_name\" content=\"Lykia World Dal\u0131\u015f Merkezi | PADI 5 Y\u0131ld\u0131z IDC | \u00d6l\u00fcdeniz - Fethiye\" \/>\n<meta property=\"article:publisher\" content=\"https:\/\/www.facebook.com\/lykiaworlddivingcentre\" \/>\n<meta property=\"article:modified_time\" content=\"2026-02-28T10:15:11+00:00\" \/>\n<meta property=\"og:image\" content=\"https:\/\/lykiaworlddivingcentre.com\/wp-content\/uploads\/2023\/12\/videographic_Diver.jpg\" \/>\n\t<meta property=\"og:image:width\" content=\"2100\" \/>\n\t<meta property=\"og:image:height\" content=\"1380\" \/>\n\t<meta property=\"og:image:type\" content=\"image\/jpeg\" \/>\n<meta name=\"twitter:card\" content=\"summary_large_image\" \/>\n<meta name=\"twitter:label1\" content=\"Fiyat\" \/>\n\t<meta name=\"twitter:data1\" content=\"&euro;164,00\" \/>\n\t<meta name=\"twitter:label2\" content=\"Durumu\" \/>\n\t<meta name=\"twitter:data2\" content=\"Stokta var\" \/>\n<script type=\"application\/ld+json\" class=\"yoast-schema-graph\">{\"@context\":\"https:\/\/schema.org\",\"@graph\":[{\"@type\":\"WebPage\",\"@id\":\"https:\/\/lykiaworlddivingcentre.com\/product\/underwater-videographer\/\",\"url\":\"https:\/\/lykiaworlddivingcentre.com\/product\/underwater-videographer\/\",\"name\":\"Sualt\u0131 Kameraman\u0131 Uzmanl\u0131\u011f\u0131 - Lykia World Dal\u0131\u015f Merkezi | PADI 5 Y\u0131ld\u0131z IDC | \u00d6l\u00fcdeniz - Fethiye\",\"isPartOf\":{\"@id\":\"https:\/\/lykiaworlddivingcentre.com\/tr\/#website\"},\"primaryImageOfPage\":{\"@id\":\"https:\/\/lykiaworlddivingcentre.com\/product\/underwater-videographer\/#primaryimage\"},\"image\":{\"@id\":\"https:\/\/lykiaworlddivingcentre.com\/product\/underwater-videographer\/#primaryimage\"},\"thumbnailUrl\":\"https:\/\/lykiaworlddivingcentre.com\/wp-content\/uploads\/2023\/12\/videographic_Diver.jpg\",\"datePublished\":\"2023-12-07T16:41:58+00:00\",\"dateModified\":\"2026-02-28T10:15:11+00:00\",\"breadcrumb\":{\"@id\":\"https:\/\/lykiaworlddivingcentre.com\/product\/underwater-videographer\/#breadcrumb\"},\"inLanguage\":\"tr\",\"potentialAction\":[{\"@type\":\"ReadAction\",\"target\":[\"https:\/\/lykiaworlddivingcentre.com\/product\/underwater-videographer\/\"]}]},{\"@type\":\"ImageObject\",\"inLanguage\":\"tr\",\"@id\":\"https:\/\/lykiaworlddivingcentre.com\/product\/underwater-videographer\/#primaryimage\",\"url\":\"https:\/\/lykiaworlddivingcentre.com\/wp-content\/uploads\/2023\/12\/videographic_Diver.jpg\",\"contentUrl\":\"https:\/\/lykiaworlddivingcentre.com\/wp-content\/uploads\/2023\/12\/videographic_Diver.jpg\",\"width\":2100,\"height\":1380},{\"@type\":\"BreadcrumbList\",\"@id\":\"https:\/\/lykiaworlddivingcentre.com\/product\/underwater-videographer\/#breadcrumb\",\"itemListElement\":[{\"@type\":\"ListItem\",\"position\":1,\"name\":\"Home\",\"item\":\"https:\/\/lykiaworlddivingcentre.com\/\"},{\"@type\":\"ListItem\",\"position\":2,\"name\":\"Shop\",\"item\":\"https:\/\/lykiaworlddivingcentre.com\/shop\/\"},{\"@type\":\"ListItem\",\"position\":3,\"name\":\"Sualt\u0131 Kameraman\u0131 Uzmanl\u0131\u011f\u0131\"}]},{\"@type\":\"WebSite\",\"@id\":\"https:\/\/lykiaworlddivingcentre.com\/tr\/#website\",\"url\":\"https:\/\/lykiaworlddivingcentre.com\/tr\/\",\"name\":\"Lykia World Diving Centre | PADI 5 Star IDC | \u00d6l\u00fcdeniz - Fethiye\",\"description\":\"\",\"publisher\":{\"@id\":\"https:\/\/lykiaworlddivingcentre.com\/tr\/#organization\"},\"alternateName\":\"Lykia World Diving Centre\",\"potentialAction\":[{\"@type\":\"SearchAction\",\"target\":{\"@type\":\"EntryPoint\",\"urlTemplate\":\"https:\/\/lykiaworlddivingcentre.com\/tr\/?s={search_term_string}\"},\"query-input\":{\"@type\":\"PropertyValueSpecification\",\"valueRequired\":true,\"valueName\":\"search_term_string\"}}],\"inLanguage\":\"tr\"},{\"@type\":\"Organization\",\"@id\":\"https:\/\/lykiaworlddivingcentre.com\/tr\/#organization\",\"name\":\"Lykia World Dal\u0131\u015f Merkezi | PADI 5 Y\u0131ld\u0131z IDC | \u00d6l\u00fcdeniz - Fethiye\",\"url\":\"https:\/\/lykiaworlddivingcentre.com\/tr\/\",\"logo\":{\"@type\":\"ImageObject\",\"inLanguage\":\"tr\",\"@id\":\"https:\/\/lykiaworlddivingcentre.com\/tr\/#\/schema\/logo\/image\/\",\"url\":\"https:\/\/lykiaworlddivingcentre.com\/wp-content\/uploads\/2023\/11\/LWDC-YATAY-Logo-idc-w600.png\",\"contentUrl\":\"https:\/\/lykiaworlddivingcentre.com\/wp-content\/uploads\/2023\/11\/LWDC-YATAY-Logo-idc-w600.png\",\"width\":600,\"height\":320,\"caption\":\"Lykia World Dal\u0131\u015f Merkezi | PADI 5 Y\u0131ld\u0131z IDC | \u00d6l\u00fcdeniz - Fethiye\"},\"image\":{\"@id\":\"https:\/\/lykiaworlddivingcentre.com\/tr\/#\/schema\/logo\/image\/\"},\"sameAs\":[\"https:\/\/www.facebook.com\/lykiaworlddivingcentre\",\"https:\/\/www.instagram.com\/lykiaworld_diving_centre\/\"],\"description\":\"Our diving adventure, which started in Marmaris in 1991, has been continuing in Fethiye \u00d6l\u00fcdeniz region for the last eight years. Since the first day we entered the sector, we have strived to add a new dimension to diving and we still maintain this passion.Lykia World Diving Centre (LWDC) is a PADI 5 star Instructor Development Centre located in Oludeniz with the best dive sites in the area right at our doorstep.\",\"email\":\"info@lykiaworlddivingcentre.com\",\"telephone\":\"+90 534 388 6261\",\"legalName\":\"AquaLykia Inc.\"}]}<\/script>\n<meta property=\"product:price:amount\" content=\"164.00\" \/>\n<meta property=\"product:price:currency\" content=\"EUR\" \/>\n<meta property=\"og:availability\" content=\"instock\" \/>\n<meta property=\"product:availability\" content=\"instock\" \/>\n<meta property=\"product:condition\" content=\"new\" \/>\n<!-- \/ Yoast SEO Premium plugin. -->","yoast_head_json":{"title":"Sualt\u0131 Kameraman\u0131 Uzmanl\u0131\u011f\u0131 - Lykia World Dal\u0131\u015f Merkezi | PADI 5 Y\u0131ld\u0131z IDC | \u00d6l\u00fcdeniz - Fethiye","robots":{"index":"index","follow":"follow","max-snippet":"max-snippet:-1","max-image-preview":"max-image-preview:large","max-video-preview":"max-video-preview:-1"},"canonical":"https:\/\/lykiaworlddivingcentre.com\/product\/underwater-videographer\/","og_locale":"tr_TR","og_type":"article","og_title":"Sualt\u0131 Kameraman\u0131 Uzmanl\u0131\u011f\u0131","og_description":"S\u00fcre: 4s \/ 2 Dal\u0131\u015f - Min. Ya\u015f: 14 Neden bu kursu almal\u0131y\u0131m?   Sualt\u0131nda daha fazla fazlas\u0131n\u0131 g\u00f6rme imkan\u0131  T\u00fcpl\u00fc Dal\u0131\u015f maceralar\u0131n\u0131z\u0131 payla\u015f\u0131n  Aksiyon kameran\u0131z\u0131 su alt\u0131nda kullan\u0131n  Nas\u0131l Yap\u0131l\u0131r?   Deniz ya\u015fam\u0131n\u0131n foto\u011fraflar\u0131n\u0131 \u00e7ekin  Foto\u011fraf ekipman\u0131 se\u00e7imi  N\u00f6tr y\u00fczerlilik kazanmak","og_url":"https:\/\/lykiaworlddivingcentre.com\/product\/underwater-videographer\/","og_site_name":"Lykia World Dal\u0131\u015f Merkezi | PADI 5 Y\u0131ld\u0131z IDC | \u00d6l\u00fcdeniz - Fethiye","article_publisher":"https:\/\/www.facebook.com\/lykiaworlddivingcentre","article_modified_time":"2026-02-28T10:15:11+00:00","og_image":[{"width":2100,"height":1380,"url":"https:\/\/lykiaworlddivingcentre.com\/wp-content\/uploads\/2023\/12\/videographic_Diver.jpg","type":"image\/jpeg"}],"twitter_card":"summary_large_image","twitter_misc":{"Fiyat":"&euro;164,00","Durumu":"Stokta var"},"schema":{"@context":"https:\/\/schema.org","@graph":[{"@type":"WebPage","@id":"https:\/\/lykiaworlddivingcentre.com\/product\/underwater-videographer\/","url":"https:\/\/lykiaworlddivingcentre.com\/product\/underwater-videographer\/","name":"Sualt\u0131 Kameraman\u0131 Uzmanl\u0131\u011f\u0131 - Lykia World Dal\u0131\u015f Merkezi | PADI 5 Y\u0131ld\u0131z IDC | \u00d6l\u00fcdeniz - Fethiye","isPartOf":{"@id":"https:\/\/lykiaworlddivingcentre.com\/tr\/#website"},"primaryImageOfPage":{"@id":"https:\/\/lykiaworlddivingcentre.com\/product\/underwater-videographer\/#primaryimage"},"image":{"@id":"https:\/\/lykiaworlddivingcentre.com\/product\/underwater-videographer\/#primaryimage"},"thumbnailUrl":"https:\/\/lykiaworlddivingcentre.com\/wp-content\/uploads\/2023\/12\/videographic_Diver.jpg","datePublished":"2023-12-07T16:41:58+00:00","dateModified":"2026-02-28T10:15:11+00:00","breadcrumb":{"@id":"https:\/\/lykiaworlddivingcentre.com\/product\/underwater-videographer\/#breadcrumb"},"inLanguage":"tr","potentialAction":[{"@type":"ReadAction","target":["https:\/\/lykiaworlddivingcentre.com\/product\/underwater-videographer\/"]}]},{"@type":"ImageObject","inLanguage":"tr","@id":"https:\/\/lykiaworlddivingcentre.com\/product\/underwater-videographer\/#primaryimage","url":"https:\/\/lykiaworlddivingcentre.com\/wp-content\/uploads\/2023\/12\/videographic_Diver.jpg","contentUrl":"https:\/\/lykiaworlddivingcentre.com\/wp-content\/uploads\/2023\/12\/videographic_Diver.jpg","width":2100,"height":1380},{"@type":"BreadcrumbList","@id":"https:\/\/lykiaworlddivingcentre.com\/product\/underwater-videographer\/#breadcrumb","itemListElement":[{"@type":"ListItem","position":1,"name":"Home","item":"https:\/\/lykiaworlddivingcentre.com\/"},{"@type":"ListItem","position":2,"name":"Shop","item":"https:\/\/lykiaworlddivingcentre.com\/shop\/"},{"@type":"ListItem","position":3,"name":"Sualt\u0131 Kameraman\u0131 Uzmanl\u0131\u011f\u0131"}]},{"@type":"WebSite","@id":"https:\/\/lykiaworlddivingcentre.com\/tr\/#website","url":"https:\/\/lykiaworlddivingcentre.com\/tr\/","name":"Lykia World Diving Centre | PADI 5 Star IDC | \u00d6l\u00fcdeniz - Fethiye","description":"","publisher":{"@id":"https:\/\/lykiaworlddivingcentre.com\/tr\/#organization"},"alternateName":"Lykia World Diving Centre","potentialAction":[{"@type":"SearchAction","target":{"@type":"EntryPoint","urlTemplate":"https:\/\/lykiaworlddivingcentre.com\/tr\/?s={search_term_string}"},"query-input":{"@type":"PropertyValueSpecification","valueRequired":true,"valueName":"search_term_string"}}],"inLanguage":"tr"},{"@type":"Organization","@id":"https:\/\/lykiaworlddivingcentre.com\/tr\/#organization","name":"Lykia World Dal\u0131\u015f Merkezi | PADI 5 Y\u0131ld\u0131z IDC | \u00d6l\u00fcdeniz - Fethiye","url":"https:\/\/lykiaworlddivingcentre.com\/tr\/","logo":{"@type":"ImageObject","inLanguage":"tr","@id":"https:\/\/lykiaworlddivingcentre.com\/tr\/#\/schema\/logo\/image\/","url":"https:\/\/lykiaworlddivingcentre.com\/wp-content\/uploads\/2023\/11\/LWDC-YATAY-Logo-idc-w600.png","contentUrl":"https:\/\/lykiaworlddivingcentre.com\/wp-content\/uploads\/2023\/11\/LWDC-YATAY-Logo-idc-w600.png","width":600,"height":320,"caption":"Lykia World Dal\u0131\u015f Merkezi | PADI 5 Y\u0131ld\u0131z IDC | \u00d6l\u00fcdeniz - Fethiye"},"image":{"@id":"https:\/\/lykiaworlddivingcentre.com\/tr\/#\/schema\/logo\/image\/"},"sameAs":["https:\/\/www.facebook.com\/lykiaworlddivingcentre","https:\/\/www.instagram.com\/lykiaworld_diving_centre\/"],"description":"Our diving adventure, which started in Marmaris in 1991, has been continuing in Fethiye \u00d6l\u00fcdeniz region for the last eight years. Since the first day we entered the sector, we have strived to add a new dimension to diving and we still maintain this passion.Lykia World Diving Centre (LWDC) is a PADI 5 star Instructor Development Centre located in Oludeniz with the best dive sites in the area right at our doorstep.","email":"info@lykiaworlddivingcentre.com","telephone":"+90 534 388 6261","legalName":"AquaLykia Inc."}]},"product_price_amount":"164.00","product_price_currency":"EUR","og_availability":"instock","product_availability":"instock","product_condition":"new"},"_links":{"self":[{"href":"https:\/\/lykiaworlddivingcentre.com\/tr\/wp-json\/wp\/v2\/product\/642","targetHints":{"allow":["GET"]}}],"collection":[{"href":"https:\/\/lykiaworlddivingcentre.com\/tr\/wp-json\/wp\/v2\/product"}],"about":[{"href":"https:\/\/lykiaworlddivingcentre.com\/tr\/wp-json\/wp\/v2\/types\/product"}],"wp:featuredmedia":[{"embeddable":true,"href":"https:\/\/lykiaworlddivingcentre.com\/tr\/wp-json\/wp\/v2\/media\/206"}],"wp:attachment":[{"href":"https:\/\/lykiaworlddivingcentre.com\/tr\/wp-json\/wp\/v2\/media?parent=642"}],"wp:term":[{"taxonomy":"product_brand","embeddable":true,"href":"https:\/\/lykiaworlddivingcentre.com\/tr\/wp-json\/wp\/v2\/product_brand?post=642"},{"taxonomy":"product_cat","embeddable":true,"href":"https:\/\/lykiaworlddivingcentre.com\/tr\/wp-json\/wp\/v2\/product_cat?post=642"},{"taxonomy":"product_tag","embeddable":true,"href":"https:\/\/lykiaworlddivingcentre.com\/tr\/wp-json\/wp\/v2\/product_tag?post=642"}],"curies":[{"name":"wp","href":"https:\/\/api.w.org\/{rel}","templated":true}]}}