{"id":644,"date":"2023-12-07T19:18:30","date_gmt":"2023-12-07T16:18:30","guid":{"rendered":"https:\/\/lykiaworlddivingcentre.com\/product\/night-diver-speciality\/"},"modified":"2026-02-28T13:18:42","modified_gmt":"2026-02-28T10:18:42","slug":"gece-dalis-uzmanligi","status":"publish","type":"product","link":"https:\/\/lykiaworlddivingcentre.com\/tr\/product\/gece-dalis-uzmanligi\/","title":{"rendered":"Gece Dal\u0131\u015f Uzmanl\u0131\u011f\u0131"},"content":{"rendered":"<p>Geceleri dal\u0131\u015f yapma d\u00fc\u015f\u00fcncesi gizemli ama bir o kadar da cezbedici g\u00f6r\u00fcn\u00fcyor. Daha \u00f6nce bir b\u00f6lgede bir\u00e7ok kez t\u00fcpl\u00fc dal\u0131\u015f yapm\u0131\u015f olman\u0131za ra\u011fmen, geceleri yepyeni bir d\u00fcnyan\u0131n i\u00e7ine dal\u0131yor ve dal\u0131\u015f \u0131\u015f\u0131\u011f\u0131n\u0131z\u0131n alt\u0131nda onun canlanmas\u0131n\u0131 izliyorsunuz. G\u00fcne\u015f batt\u0131ktan sonra su alt\u0131nda neler oldu\u011funu merak ediyorsan\u0131z, PADI Gece Dal\u0131\u015f Uzmanl\u0131k kursuna kaydolun.<\/p>\n<p>En az 12 ya\u015f\u0131nda olan PADI (Junior) Open Water Dalg\u0131\u00e7lar\u0131 veya \u00fczeri, Night Diver uzmanl\u0131k kursuna kay\u0131t yapt\u0131rabilir.<\/p>\n","protected":false},"excerpt":{"rendered":"<h2>S\u00fcre: 6h \/ 3 Dal\u0131\u015f &#8211; Min. Ya\u015f: 18<\/h2>\n<h4>Neden bu kursu almal\u0131y\u0131m?<\/h4>\n<ul>\n<li>Daha fazla Dal\u0131\u015f tecr\u00fcbesine sahip olmak<\/li>\n<li>Sualt\u0131nda daha fazla fazlas\u0131n\u0131 g\u00f6rme imkan\u0131<\/li>\n<li>Daha iyi bir dal\u0131\u015f arkada\u015f\u0131 olmak<\/li>\n<li>Navigasyon becerilerinizi geli\u015ftirmek<\/li>\n<li>Karanl\u0131kta kaybolmay\u0131 meydan vermemek<\/li>\n<li>Tan\u0131d\u0131k dal\u0131\u015f yerlerini farkl\u0131 bir \u0131\u015f\u0131kta ke\u015ffedin<\/li>\n<li>Yeni ve heyecan verici bir tecr\u00fcbe kazan\u0131n<\/li>\n<li>\u0130lk gece dal\u0131\u015f\u0131n\u0131z\u0131 bir profesyonel ile yap\u0131n<\/li>\n<li>\u0130nan\u0131lmaz e\u011flenceli bir deneyim ya\u015famak<\/li>\n<\/ul>\n<h4>Nas\u0131l Yap\u0131l\u0131r?<\/h4>\n<ul>\n<li>Geceleri su alt\u0131nda navigasyon<\/li>\n<li>Karanl\u0131kta ini\u015f ve \u00e7\u0131k\u0131\u015flar<\/li>\n<li>Problemleri \u00d6nlemek<\/li>\n<\/ul>\n","protected":false},"featured_media":198,"template":"","meta":[],"product_brand":[],"product_cat":[40,38],"product_tag":[],"class_list":{"0":"post-644","1":"product","2":"type-product","3":"status-publish","4":"has-post-thumbnail","6":"product_cat-egitime-devam","7":"product_cat-tuplu-dalis-kurslari","9":"first","10":"instock","11":"sold-individually","12":"shipping-taxable","13":"product-type-simple"},"yoast_head":"<!-- This site is optimized with the Yoast SEO Premium plugin v22.1 (Yoast SEO v27.0) - https:\/\/yoast.com\/product\/yoast-seo-premium-wordpress\/ -->\n<title>Gece Dal\u0131\u015f Uzmanl\u0131\u011f\u0131 - Lykia World Dal\u0131\u015f Merkezi | PADI 5 Y\u0131ld\u0131z IDC | \u00d6l\u00fcdeniz - Fethiye<\/title>\n<meta name=\"robots\" content=\"index, follow, max-snippet:-1, max-image-preview:large, max-video-preview:-1\" \/>\n<link rel=\"canonical\" href=\"https:\/\/lykiaworlddivingcentre.com\/product\/night-diver-speciality\/\" \/>\n<meta property=\"og:locale\" content=\"tr_TR\" \/>\n<meta property=\"og:type\" content=\"article\" \/>\n<meta property=\"og:title\" content=\"Gece Dal\u0131\u015f Uzmanl\u0131\u011f\u0131\" \/>\n<meta property=\"og:description\" content=\"S\u00fcre: 6h \/ 3 Dal\u0131\u015f - Min. Ya\u015f: 18 Neden bu kursu almal\u0131y\u0131m?   Daha fazla Dal\u0131\u015f tecr\u00fcbesine sahip olmak  Sualt\u0131nda daha fazla fazlas\u0131n\u0131 g\u00f6rme imkan\u0131  Daha iyi bir dal\u0131\u015f arkada\u015f\u0131 olmak  Navigasyon becerilerinizi geli\u015ftirmek  Karanl\u0131kta kaybolmay\u0131 meydan vermemek  Tan\u0131d\u0131k dal\u0131\u015f yerlerini farkl\u0131 bir \u0131\u015f\u0131kta ke\u015ffedin  Yeni ve heyecan verici bir tecr\u00fcbe kazan\u0131n  \u0130lk gece dal\u0131\u015f\u0131n\u0131z\u0131 bir profesyonel ile yap\u0131n  \u0130nan\u0131lmaz e\u011flenceli bir deneyim ya\u015famak  Nas\u0131l Yap\u0131l\u0131r?   Geceleri su alt\u0131nda navigasyon  Karanl\u0131kta ini\u015f ve \u00e7\u0131k\u0131\u015flar  Problemleri \u00d6nlemek\" \/>\n<meta property=\"og:url\" content=\"https:\/\/lykiaworlddivingcentre.com\/product\/night-diver-speciality\/\" \/>\n<meta property=\"og:site_name\" content=\"Lykia World Dal\u0131\u015f Merkezi | PADI 5 Y\u0131ld\u0131z IDC | \u00d6l\u00fcdeniz - Fethiye\" \/>\n<meta property=\"article:publisher\" content=\"https:\/\/www.facebook.com\/lykiaworlddivingcentre\" \/>\n<meta property=\"article:modified_time\" content=\"2026-02-28T10:18:42+00:00\" \/>\n<meta property=\"og:image\" content=\"https:\/\/lykiaworlddivingcentre.com\/wp-content\/uploads\/2023\/12\/night-diver-1.jpg\" \/>\n\t<meta property=\"og:image:width\" content=\"1235\" \/>\n\t<meta property=\"og:image:height\" content=\"695\" \/>\n\t<meta property=\"og:image:type\" content=\"image\/jpeg\" \/>\n<meta name=\"twitter:card\" content=\"summary_large_image\" \/>\n<meta name=\"twitter:label1\" content=\"Fiyat\" \/>\n\t<meta name=\"twitter:data1\" content=\"&euro;274,00\" \/>\n\t<meta name=\"twitter:label2\" content=\"Durumu\" \/>\n\t<meta name=\"twitter:data2\" content=\"Stokta var\" \/>\n<script type=\"application\/ld+json\" class=\"yoast-schema-graph\">{\"@context\":\"https:\/\/schema.org\",\"@graph\":[{\"@type\":\"WebPage\",\"@id\":\"https:\/\/lykiaworlddivingcentre.com\/product\/night-diver-speciality\/\",\"url\":\"https:\/\/lykiaworlddivingcentre.com\/product\/night-diver-speciality\/\",\"name\":\"Gece Dal\u0131\u015f Uzmanl\u0131\u011f\u0131 - Lykia World Dal\u0131\u015f Merkezi | PADI 5 Y\u0131ld\u0131z IDC | \u00d6l\u00fcdeniz - Fethiye\",\"isPartOf\":{\"@id\":\"https:\/\/lykiaworlddivingcentre.com\/tr\/#website\"},\"primaryImageOfPage\":{\"@id\":\"https:\/\/lykiaworlddivingcentre.com\/product\/night-diver-speciality\/#primaryimage\"},\"image\":{\"@id\":\"https:\/\/lykiaworlddivingcentre.com\/product\/night-diver-speciality\/#primaryimage\"},\"thumbnailUrl\":\"https:\/\/lykiaworlddivingcentre.com\/wp-content\/uploads\/2023\/12\/night-diver-1.jpg\",\"datePublished\":\"2023-12-07T16:18:30+00:00\",\"dateModified\":\"2026-02-28T10:18:42+00:00\",\"breadcrumb\":{\"@id\":\"https:\/\/lykiaworlddivingcentre.com\/product\/night-diver-speciality\/#breadcrumb\"},\"inLanguage\":\"tr\",\"potentialAction\":[{\"@type\":\"ReadAction\",\"target\":[\"https:\/\/lykiaworlddivingcentre.com\/product\/night-diver-speciality\/\"]}]},{\"@type\":\"ImageObject\",\"inLanguage\":\"tr\",\"@id\":\"https:\/\/lykiaworlddivingcentre.com\/product\/night-diver-speciality\/#primaryimage\",\"url\":\"https:\/\/lykiaworlddivingcentre.com\/wp-content\/uploads\/2023\/12\/night-diver-1.jpg\",\"contentUrl\":\"https:\/\/lykiaworlddivingcentre.com\/wp-content\/uploads\/2023\/12\/night-diver-1.jpg\",\"width\":1235,\"height\":695},{\"@type\":\"BreadcrumbList\",\"@id\":\"https:\/\/lykiaworlddivingcentre.com\/product\/night-diver-speciality\/#breadcrumb\",\"itemListElement\":[{\"@type\":\"ListItem\",\"position\":1,\"name\":\"Home\",\"item\":\"https:\/\/lykiaworlddivingcentre.com\/\"},{\"@type\":\"ListItem\",\"position\":2,\"name\":\"Shop\",\"item\":\"https:\/\/lykiaworlddivingcentre.com\/shop\/\"},{\"@type\":\"ListItem\",\"position\":3,\"name\":\"Gece Dal\u0131\u015f Uzmanl\u0131\u011f\u0131\"}]},{\"@type\":\"WebSite\",\"@id\":\"https:\/\/lykiaworlddivingcentre.com\/tr\/#website\",\"url\":\"https:\/\/lykiaworlddivingcentre.com\/tr\/\",\"name\":\"Lykia World Diving Centre | PADI 5 Star IDC | \u00d6l\u00fcdeniz - Fethiye\",\"description\":\"\",\"publisher\":{\"@id\":\"https:\/\/lykiaworlddivingcentre.com\/tr\/#organization\"},\"alternateName\":\"Lykia World Diving Centre\",\"potentialAction\":[{\"@type\":\"SearchAction\",\"target\":{\"@type\":\"EntryPoint\",\"urlTemplate\":\"https:\/\/lykiaworlddivingcentre.com\/tr\/?s={search_term_string}\"},\"query-input\":{\"@type\":\"PropertyValueSpecification\",\"valueRequired\":true,\"valueName\":\"search_term_string\"}}],\"inLanguage\":\"tr\"},{\"@type\":\"Organization\",\"@id\":\"https:\/\/lykiaworlddivingcentre.com\/tr\/#organization\",\"name\":\"Lykia World Dal\u0131\u015f Merkezi | PADI 5 Y\u0131ld\u0131z IDC | \u00d6l\u00fcdeniz - Fethiye\",\"url\":\"https:\/\/lykiaworlddivingcentre.com\/tr\/\",\"logo\":{\"@type\":\"ImageObject\",\"inLanguage\":\"tr\",\"@id\":\"https:\/\/lykiaworlddivingcentre.com\/tr\/#\/schema\/logo\/image\/\",\"url\":\"https:\/\/lykiaworlddivingcentre.com\/wp-content\/uploads\/2023\/11\/LWDC-YATAY-Logo-idc-w600.png\",\"contentUrl\":\"https:\/\/lykiaworlddivingcentre.com\/wp-content\/uploads\/2023\/11\/LWDC-YATAY-Logo-idc-w600.png\",\"width\":600,\"height\":320,\"caption\":\"Lykia World Dal\u0131\u015f Merkezi | PADI 5 Y\u0131ld\u0131z IDC | \u00d6l\u00fcdeniz - Fethiye\"},\"image\":{\"@id\":\"https:\/\/lykiaworlddivingcentre.com\/tr\/#\/schema\/logo\/image\/\"},\"sameAs\":[\"https:\/\/www.facebook.com\/lykiaworlddivingcentre\",\"https:\/\/www.instagram.com\/lykiaworld_diving_centre\/\"],\"description\":\"Our diving adventure, which started in Marmaris in 1991, has been continuing in Fethiye \u00d6l\u00fcdeniz region for the last eight years. Since the first day we entered the sector, we have strived to add a new dimension to diving and we still maintain this passion.Lykia World Diving Centre (LWDC) is a PADI 5 star Instructor Development Centre located in Oludeniz with the best dive sites in the area right at our doorstep.\",\"email\":\"info@lykiaworlddivingcentre.com\",\"telephone\":\"+90 534 388 6261\",\"legalName\":\"AquaLykia Inc.\"}]}<\/script>\n<meta property=\"product:price:amount\" content=\"274.00\" \/>\n<meta property=\"product:price:currency\" content=\"EUR\" \/>\n<meta property=\"og:availability\" content=\"instock\" \/>\n<meta property=\"product:availability\" content=\"instock\" \/>\n<meta property=\"product:condition\" content=\"new\" \/>\n<!-- \/ Yoast SEO Premium plugin. -->","yoast_head_json":{"title":"Gece Dal\u0131\u015f Uzmanl\u0131\u011f\u0131 - Lykia World Dal\u0131\u015f Merkezi | PADI 5 Y\u0131ld\u0131z IDC | \u00d6l\u00fcdeniz - Fethiye","robots":{"index":"index","follow":"follow","max-snippet":"max-snippet:-1","max-image-preview":"max-image-preview:large","max-video-preview":"max-video-preview:-1"},"canonical":"https:\/\/lykiaworlddivingcentre.com\/product\/night-diver-speciality\/","og_locale":"tr_TR","og_type":"article","og_title":"Gece Dal\u0131\u015f Uzmanl\u0131\u011f\u0131","og_description":"S\u00fcre: 6h \/ 3 Dal\u0131\u015f - Min. Ya\u015f: 18 Neden bu kursu almal\u0131y\u0131m?   Daha fazla Dal\u0131\u015f tecr\u00fcbesine sahip olmak  Sualt\u0131nda daha fazla fazlas\u0131n\u0131 g\u00f6rme imkan\u0131  Daha iyi bir dal\u0131\u015f arkada\u015f\u0131 olmak  Navigasyon becerilerinizi geli\u015ftirmek  Karanl\u0131kta kaybolmay\u0131 meydan vermemek  Tan\u0131d\u0131k dal\u0131\u015f yerlerini farkl\u0131 bir \u0131\u015f\u0131kta ke\u015ffedin  Yeni ve heyecan verici bir tecr\u00fcbe kazan\u0131n  \u0130lk gece dal\u0131\u015f\u0131n\u0131z\u0131 bir profesyonel ile yap\u0131n  \u0130nan\u0131lmaz e\u011flenceli bir deneyim ya\u015famak  Nas\u0131l Yap\u0131l\u0131r?   Geceleri su alt\u0131nda navigasyon  Karanl\u0131kta ini\u015f ve \u00e7\u0131k\u0131\u015flar  Problemleri \u00d6nlemek","og_url":"https:\/\/lykiaworlddivingcentre.com\/product\/night-diver-speciality\/","og_site_name":"Lykia World Dal\u0131\u015f Merkezi | PADI 5 Y\u0131ld\u0131z IDC | \u00d6l\u00fcdeniz - Fethiye","article_publisher":"https:\/\/www.facebook.com\/lykiaworlddivingcentre","article_modified_time":"2026-02-28T10:18:42+00:00","og_image":[{"width":1235,"height":695,"url":"https:\/\/lykiaworlddivingcentre.com\/wp-content\/uploads\/2023\/12\/night-diver-1.jpg","type":"image\/jpeg"}],"twitter_card":"summary_large_image","twitter_misc":{"Fiyat":"&euro;274,00","Durumu":"Stokta var"},"schema":{"@context":"https:\/\/schema.org","@graph":[{"@type":"WebPage","@id":"https:\/\/lykiaworlddivingcentre.com\/product\/night-diver-speciality\/","url":"https:\/\/lykiaworlddivingcentre.com\/product\/night-diver-speciality\/","name":"Gece Dal\u0131\u015f Uzmanl\u0131\u011f\u0131 - Lykia World Dal\u0131\u015f Merkezi | PADI 5 Y\u0131ld\u0131z IDC | \u00d6l\u00fcdeniz - Fethiye","isPartOf":{"@id":"https:\/\/lykiaworlddivingcentre.com\/tr\/#website"},"primaryImageOfPage":{"@id":"https:\/\/lykiaworlddivingcentre.com\/product\/night-diver-speciality\/#primaryimage"},"image":{"@id":"https:\/\/lykiaworlddivingcentre.com\/product\/night-diver-speciality\/#primaryimage"},"thumbnailUrl":"https:\/\/lykiaworlddivingcentre.com\/wp-content\/uploads\/2023\/12\/night-diver-1.jpg","datePublished":"2023-12-07T16:18:30+00:00","dateModified":"2026-02-28T10:18:42+00:00","breadcrumb":{"@id":"https:\/\/lykiaworlddivingcentre.com\/product\/night-diver-speciality\/#breadcrumb"},"inLanguage":"tr","potentialAction":[{"@type":"ReadAction","target":["https:\/\/lykiaworlddivingcentre.com\/product\/night-diver-speciality\/"]}]},{"@type":"ImageObject","inLanguage":"tr","@id":"https:\/\/lykiaworlddivingcentre.com\/product\/night-diver-speciality\/#primaryimage","url":"https:\/\/lykiaworlddivingcentre.com\/wp-content\/uploads\/2023\/12\/night-diver-1.jpg","contentUrl":"https:\/\/lykiaworlddivingcentre.com\/wp-content\/uploads\/2023\/12\/night-diver-1.jpg","width":1235,"height":695},{"@type":"BreadcrumbList","@id":"https:\/\/lykiaworlddivingcentre.com\/product\/night-diver-speciality\/#breadcrumb","itemListElement":[{"@type":"ListItem","position":1,"name":"Home","item":"https:\/\/lykiaworlddivingcentre.com\/"},{"@type":"ListItem","position":2,"name":"Shop","item":"https:\/\/lykiaworlddivingcentre.com\/shop\/"},{"@type":"ListItem","position":3,"name":"Gece Dal\u0131\u015f Uzmanl\u0131\u011f\u0131"}]},{"@type":"WebSite","@id":"https:\/\/lykiaworlddivingcentre.com\/tr\/#website","url":"https:\/\/lykiaworlddivingcentre.com\/tr\/","name":"Lykia World Diving Centre | PADI 5 Star IDC | \u00d6l\u00fcdeniz - Fethiye","description":"","publisher":{"@id":"https:\/\/lykiaworlddivingcentre.com\/tr\/#organization"},"alternateName":"Lykia World Diving Centre","potentialAction":[{"@type":"SearchAction","target":{"@type":"EntryPoint","urlTemplate":"https:\/\/lykiaworlddivingcentre.com\/tr\/?s={search_term_string}"},"query-input":{"@type":"PropertyValueSpecification","valueRequired":true,"valueName":"search_term_string"}}],"inLanguage":"tr"},{"@type":"Organization","@id":"https:\/\/lykiaworlddivingcentre.com\/tr\/#organization","name":"Lykia World Dal\u0131\u015f Merkezi | PADI 5 Y\u0131ld\u0131z IDC | \u00d6l\u00fcdeniz - Fethiye","url":"https:\/\/lykiaworlddivingcentre.com\/tr\/","logo":{"@type":"ImageObject","inLanguage":"tr","@id":"https:\/\/lykiaworlddivingcentre.com\/tr\/#\/schema\/logo\/image\/","url":"https:\/\/lykiaworlddivingcentre.com\/wp-content\/uploads\/2023\/11\/LWDC-YATAY-Logo-idc-w600.png","contentUrl":"https:\/\/lykiaworlddivingcentre.com\/wp-content\/uploads\/2023\/11\/LWDC-YATAY-Logo-idc-w600.png","width":600,"height":320,"caption":"Lykia World Dal\u0131\u015f Merkezi | PADI 5 Y\u0131ld\u0131z IDC | \u00d6l\u00fcdeniz - Fethiye"},"image":{"@id":"https:\/\/lykiaworlddivingcentre.com\/tr\/#\/schema\/logo\/image\/"},"sameAs":["https:\/\/www.facebook.com\/lykiaworlddivingcentre","https:\/\/www.instagram.com\/lykiaworld_diving_centre\/"],"description":"Our diving adventure, which started in Marmaris in 1991, has been continuing in Fethiye \u00d6l\u00fcdeniz region for the last eight years. Since the first day we entered the sector, we have strived to add a new dimension to diving and we still maintain this passion.Lykia World Diving Centre (LWDC) is a PADI 5 star Instructor Development Centre located in Oludeniz with the best dive sites in the area right at our doorstep.","email":"info@lykiaworlddivingcentre.com","telephone":"+90 534 388 6261","legalName":"AquaLykia Inc."}]},"product_price_amount":"274.00","product_price_currency":"EUR","og_availability":"instock","product_availability":"instock","product_condition":"new"},"_links":{"self":[{"href":"https:\/\/lykiaworlddivingcentre.com\/tr\/wp-json\/wp\/v2\/product\/644","targetHints":{"allow":["GET"]}}],"collection":[{"href":"https:\/\/lykiaworlddivingcentre.com\/tr\/wp-json\/wp\/v2\/product"}],"about":[{"href":"https:\/\/lykiaworlddivingcentre.com\/tr\/wp-json\/wp\/v2\/types\/product"}],"wp:featuredmedia":[{"embeddable":true,"href":"https:\/\/lykiaworlddivingcentre.com\/tr\/wp-json\/wp\/v2\/media\/198"}],"wp:attachment":[{"href":"https:\/\/lykiaworlddivingcentre.com\/tr\/wp-json\/wp\/v2\/media?parent=644"}],"wp:term":[{"taxonomy":"product_brand","embeddable":true,"href":"https:\/\/lykiaworlddivingcentre.com\/tr\/wp-json\/wp\/v2\/product_brand?post=644"},{"taxonomy":"product_cat","embeddable":true,"href":"https:\/\/lykiaworlddivingcentre.com\/tr\/wp-json\/wp\/v2\/product_cat?post=644"},{"taxonomy":"product_tag","embeddable":true,"href":"https:\/\/lykiaworlddivingcentre.com\/tr\/wp-json\/wp\/v2\/product_tag?post=644"}],"curies":[{"name":"wp","href":"https:\/\/api.w.org\/{rel}","templated":true}]}}