{"id":646,"date":"2023-12-07T19:05:25","date_gmt":"2023-12-07T16:05:25","guid":{"rendered":"https:\/\/lykiaworlddivingcentre.com\/product\/diver-propulsion-vehicle\/"},"modified":"2026-02-28T13:18:50","modified_gmt":"2026-02-28T10:18:50","slug":"diver-propulsion-vehicle","status":"publish","type":"product","link":"https:\/\/lykiaworlddivingcentre.com\/tr\/product\/diver-propulsion-vehicle\/","title":{"rendered":"Diver Propulsion Vehicle"},"content":{"rendered":"<p>T\u00fcpl\u00fc dal\u0131\u015fa b\u00fcy\u00fck bir zenginlik katan bu kurs esnas\u0131nda su alt\u0131nda hareket kabiliyeti olan cihazlar\u0131 g\u00fcvenlik bir \u015fekilde kullanmay\u0131 \u00f6\u011freneceksiniz.<\/p>\n<p>DPV&#8217;ler ayn\u0131 zamanda Su alt\u0131 Scooter\u2019lar\u0131 olarak da adland\u0131r\u0131lmaktad\u0131r. Y\u00fcz\u00fcn\u00fczde kocaman bir g\u00fcl\u00fcmsemeyle daha fazlas\u0131n\u0131 g\u00f6r\u00fcp, daha az hava harcay\u0131p, A noktas\u0131ndan B noktas\u0131na daha h\u0131zl\u0131 ve eforsuz gitme l\u00fcks\u00fcn\u00fc sa\u011flayacakt\u0131r.<\/p>\n","protected":false},"excerpt":{"rendered":"<h2>S\u00fcre: 2 Dal\u0131\u015f &#8211; Min. Ya\u015f: 14<\/h2>\n<h4>Neden bu kursu almal\u0131y\u0131m?<\/h4>\n<ul>\n<li>Daha fazla Dal\u0131\u015f tecr\u00fcbesine sahip olmak<\/li>\n<li>Farkl\u0131 dal\u0131\u015f \u015fekillerini \u00f6\u011frenmek<\/li>\n<li>Sualt\u0131nda daha fazla fazlas\u0131n\u0131 g\u00f6rme imkan\u0131<\/li>\n<li>Daha fazlas\u0131n\u0131 daha k\u0131sa s\u00fcrede g\u00f6rme imkan\u0131<\/li>\n<li>Uzun y\u00fczme s\u00fcrelerini azaltmak<\/li>\n<li>DPV alternatif tiplerini g\u00f6rmek ve \u00f6\u011frenmek<\/li>\n<li>\u0130nan\u0131lmaz e\u011flenceli bir deneyim ya\u015famak<\/li>\n<\/ul>\n<h4>Nas\u0131l Yap\u0131l\u0131r?<\/h4>\n<ul>\n<li>DPV kullan\u0131m\u0131<\/li>\n<li>Derinlik Y\u00f6netimi<\/li>\n<li>Problemleri \u00d6nlemek<\/li>\n<\/ul>\n","protected":false},"featured_media":194,"template":"","meta":[],"product_brand":[],"product_cat":[40,38],"product_tag":[],"class_list":{"0":"post-646","1":"product","2":"type-product","3":"status-publish","4":"has-post-thumbnail","6":"product_cat-egitime-devam","7":"product_cat-tuplu-dalis-kurslari","9":"first","10":"instock","11":"sold-individually","12":"shipping-taxable","13":"product-type-simple"},"yoast_head":"<!-- This site is optimized with the Yoast SEO Premium plugin v22.1 (Yoast SEO v27.0) - https:\/\/yoast.com\/product\/yoast-seo-premium-wordpress\/ -->\n<title>Diver Propulsion Vehicle - Lykia World Dal\u0131\u015f Merkezi | PADI 5 Y\u0131ld\u0131z IDC | \u00d6l\u00fcdeniz - Fethiye<\/title>\n<meta name=\"robots\" content=\"index, follow, max-snippet:-1, max-image-preview:large, max-video-preview:-1\" \/>\n<link rel=\"canonical\" href=\"https:\/\/lykiaworlddivingcentre.com\/product\/diver-propulsion-vehicle\/\" \/>\n<meta property=\"og:locale\" content=\"tr_TR\" \/>\n<meta property=\"og:type\" content=\"article\" \/>\n<meta property=\"og:title\" content=\"Diver Propulsion Vehicle\" \/>\n<meta property=\"og:description\" content=\"S\u00fcre: 2 Dal\u0131\u015f - Min. Ya\u015f: 14 Neden bu kursu almal\u0131y\u0131m?   Daha fazla Dal\u0131\u015f tecr\u00fcbesine sahip olmak  Farkl\u0131 dal\u0131\u015f \u015fekillerini \u00f6\u011frenmek  Sualt\u0131nda daha fazla fazlas\u0131n\u0131 g\u00f6rme imkan\u0131  Daha fazlas\u0131n\u0131 daha k\u0131sa s\u00fcrede g\u00f6rme imkan\u0131  Uzun y\u00fczme s\u00fcrelerini azaltmak  DPV alternatif tiplerini g\u00f6rmek ve \u00f6\u011frenmek  \u0130nan\u0131lmaz e\u011flenceli bir deneyim ya\u015famak  Nas\u0131l Yap\u0131l\u0131r?   DPV kullan\u0131m\u0131  Derinlik Y\u00f6netimi  Problemleri \u00d6nlemek\" \/>\n<meta property=\"og:url\" content=\"https:\/\/lykiaworlddivingcentre.com\/product\/diver-propulsion-vehicle\/\" \/>\n<meta property=\"og:site_name\" content=\"Lykia World Dal\u0131\u015f Merkezi | PADI 5 Y\u0131ld\u0131z IDC | \u00d6l\u00fcdeniz - Fethiye\" \/>\n<meta property=\"article:publisher\" content=\"https:\/\/www.facebook.com\/lykiaworlddivingcentre\" \/>\n<meta property=\"article:modified_time\" content=\"2026-02-28T10:18:50+00:00\" \/>\n<meta property=\"og:image\" content=\"https:\/\/lykiaworlddivingcentre.com\/wp-content\/uploads\/2023\/12\/PeteAtkinson_Mar23-3035.jpg\" \/>\n\t<meta property=\"og:image:width\" content=\"1333\" \/>\n\t<meta property=\"og:image:height\" content=\"2000\" \/>\n\t<meta property=\"og:image:type\" content=\"image\/jpeg\" \/>\n<meta name=\"twitter:card\" content=\"summary_large_image\" \/>\n<meta name=\"twitter:label1\" content=\"Fiyat\" \/>\n\t<meta name=\"twitter:data1\" content=\"&euro;215,00\" \/>\n\t<meta name=\"twitter:label2\" content=\"Durumu\" \/>\n\t<meta name=\"twitter:data2\" content=\"Stokta var\" \/>\n<script type=\"application\/ld+json\" class=\"yoast-schema-graph\">{\"@context\":\"https:\/\/schema.org\",\"@graph\":[{\"@type\":\"WebPage\",\"@id\":\"https:\/\/lykiaworlddivingcentre.com\/product\/diver-propulsion-vehicle\/\",\"url\":\"https:\/\/lykiaworlddivingcentre.com\/product\/diver-propulsion-vehicle\/\",\"name\":\"Diver Propulsion Vehicle - Lykia World Dal\u0131\u015f Merkezi | PADI 5 Y\u0131ld\u0131z IDC | \u00d6l\u00fcdeniz - Fethiye\",\"isPartOf\":{\"@id\":\"https:\/\/lykiaworlddivingcentre.com\/tr\/#website\"},\"primaryImageOfPage\":{\"@id\":\"https:\/\/lykiaworlddivingcentre.com\/product\/diver-propulsion-vehicle\/#primaryimage\"},\"image\":{\"@id\":\"https:\/\/lykiaworlddivingcentre.com\/product\/diver-propulsion-vehicle\/#primaryimage\"},\"thumbnailUrl\":\"https:\/\/lykiaworlddivingcentre.com\/wp-content\/uploads\/2023\/12\/PeteAtkinson_Mar23-3035.jpg\",\"datePublished\":\"2023-12-07T16:05:25+00:00\",\"dateModified\":\"2026-02-28T10:18:50+00:00\",\"breadcrumb\":{\"@id\":\"https:\/\/lykiaworlddivingcentre.com\/product\/diver-propulsion-vehicle\/#breadcrumb\"},\"inLanguage\":\"tr\",\"potentialAction\":[{\"@type\":\"ReadAction\",\"target\":[\"https:\/\/lykiaworlddivingcentre.com\/product\/diver-propulsion-vehicle\/\"]}]},{\"@type\":\"ImageObject\",\"inLanguage\":\"tr\",\"@id\":\"https:\/\/lykiaworlddivingcentre.com\/product\/diver-propulsion-vehicle\/#primaryimage\",\"url\":\"https:\/\/lykiaworlddivingcentre.com\/wp-content\/uploads\/2023\/12\/PeteAtkinson_Mar23-3035.jpg\",\"contentUrl\":\"https:\/\/lykiaworlddivingcentre.com\/wp-content\/uploads\/2023\/12\/PeteAtkinson_Mar23-3035.jpg\",\"width\":1333,\"height\":2000},{\"@type\":\"BreadcrumbList\",\"@id\":\"https:\/\/lykiaworlddivingcentre.com\/product\/diver-propulsion-vehicle\/#breadcrumb\",\"itemListElement\":[{\"@type\":\"ListItem\",\"position\":1,\"name\":\"Home\",\"item\":\"https:\/\/lykiaworlddivingcentre.com\/\"},{\"@type\":\"ListItem\",\"position\":2,\"name\":\"Shop\",\"item\":\"https:\/\/lykiaworlddivingcentre.com\/shop\/\"},{\"@type\":\"ListItem\",\"position\":3,\"name\":\"Diver Propulsion Vehicle\"}]},{\"@type\":\"WebSite\",\"@id\":\"https:\/\/lykiaworlddivingcentre.com\/tr\/#website\",\"url\":\"https:\/\/lykiaworlddivingcentre.com\/tr\/\",\"name\":\"Lykia World Diving Centre | PADI 5 Star IDC | \u00d6l\u00fcdeniz - Fethiye\",\"description\":\"\",\"publisher\":{\"@id\":\"https:\/\/lykiaworlddivingcentre.com\/tr\/#organization\"},\"alternateName\":\"Lykia World Diving Centre\",\"potentialAction\":[{\"@type\":\"SearchAction\",\"target\":{\"@type\":\"EntryPoint\",\"urlTemplate\":\"https:\/\/lykiaworlddivingcentre.com\/tr\/?s={search_term_string}\"},\"query-input\":{\"@type\":\"PropertyValueSpecification\",\"valueRequired\":true,\"valueName\":\"search_term_string\"}}],\"inLanguage\":\"tr\"},{\"@type\":\"Organization\",\"@id\":\"https:\/\/lykiaworlddivingcentre.com\/tr\/#organization\",\"name\":\"Lykia World Dal\u0131\u015f Merkezi | PADI 5 Y\u0131ld\u0131z IDC | \u00d6l\u00fcdeniz - Fethiye\",\"url\":\"https:\/\/lykiaworlddivingcentre.com\/tr\/\",\"logo\":{\"@type\":\"ImageObject\",\"inLanguage\":\"tr\",\"@id\":\"https:\/\/lykiaworlddivingcentre.com\/tr\/#\/schema\/logo\/image\/\",\"url\":\"https:\/\/lykiaworlddivingcentre.com\/wp-content\/uploads\/2023\/11\/LWDC-YATAY-Logo-idc-w600.png\",\"contentUrl\":\"https:\/\/lykiaworlddivingcentre.com\/wp-content\/uploads\/2023\/11\/LWDC-YATAY-Logo-idc-w600.png\",\"width\":600,\"height\":320,\"caption\":\"Lykia World Dal\u0131\u015f Merkezi | PADI 5 Y\u0131ld\u0131z IDC | \u00d6l\u00fcdeniz - Fethiye\"},\"image\":{\"@id\":\"https:\/\/lykiaworlddivingcentre.com\/tr\/#\/schema\/logo\/image\/\"},\"sameAs\":[\"https:\/\/www.facebook.com\/lykiaworlddivingcentre\",\"https:\/\/www.instagram.com\/lykiaworld_diving_centre\/\"],\"description\":\"Our diving adventure, which started in Marmaris in 1991, has been continuing in Fethiye \u00d6l\u00fcdeniz region for the last eight years. Since the first day we entered the sector, we have strived to add a new dimension to diving and we still maintain this passion.Lykia World Diving Centre (LWDC) is a PADI 5 star Instructor Development Centre located in Oludeniz with the best dive sites in the area right at our doorstep.\",\"email\":\"info@lykiaworlddivingcentre.com\",\"telephone\":\"+90 534 388 6261\",\"legalName\":\"AquaLykia Inc.\"}]}<\/script>\n<meta property=\"product:price:amount\" content=\"215.00\" \/>\n<meta property=\"product:price:currency\" content=\"EUR\" \/>\n<meta property=\"og:availability\" content=\"instock\" \/>\n<meta property=\"product:availability\" content=\"instock\" \/>\n<meta property=\"product:condition\" content=\"new\" \/>\n<!-- \/ Yoast SEO Premium plugin. -->","yoast_head_json":{"title":"Diver Propulsion Vehicle - Lykia World Dal\u0131\u015f Merkezi | PADI 5 Y\u0131ld\u0131z IDC | \u00d6l\u00fcdeniz - Fethiye","robots":{"index":"index","follow":"follow","max-snippet":"max-snippet:-1","max-image-preview":"max-image-preview:large","max-video-preview":"max-video-preview:-1"},"canonical":"https:\/\/lykiaworlddivingcentre.com\/product\/diver-propulsion-vehicle\/","og_locale":"tr_TR","og_type":"article","og_title":"Diver Propulsion Vehicle","og_description":"S\u00fcre: 2 Dal\u0131\u015f - Min. Ya\u015f: 14 Neden bu kursu almal\u0131y\u0131m?   Daha fazla Dal\u0131\u015f tecr\u00fcbesine sahip olmak  Farkl\u0131 dal\u0131\u015f \u015fekillerini \u00f6\u011frenmek  Sualt\u0131nda daha fazla fazlas\u0131n\u0131 g\u00f6rme imkan\u0131  Daha fazlas\u0131n\u0131 daha k\u0131sa s\u00fcrede g\u00f6rme imkan\u0131  Uzun y\u00fczme s\u00fcrelerini azaltmak  DPV alternatif tiplerini g\u00f6rmek ve \u00f6\u011frenmek  \u0130nan\u0131lmaz e\u011flenceli bir deneyim ya\u015famak  Nas\u0131l Yap\u0131l\u0131r?   DPV kullan\u0131m\u0131  Derinlik Y\u00f6netimi  Problemleri \u00d6nlemek","og_url":"https:\/\/lykiaworlddivingcentre.com\/product\/diver-propulsion-vehicle\/","og_site_name":"Lykia World Dal\u0131\u015f Merkezi | PADI 5 Y\u0131ld\u0131z IDC | \u00d6l\u00fcdeniz - Fethiye","article_publisher":"https:\/\/www.facebook.com\/lykiaworlddivingcentre","article_modified_time":"2026-02-28T10:18:50+00:00","og_image":[{"width":1333,"height":2000,"url":"https:\/\/lykiaworlddivingcentre.com\/wp-content\/uploads\/2023\/12\/PeteAtkinson_Mar23-3035.jpg","type":"image\/jpeg"}],"twitter_card":"summary_large_image","twitter_misc":{"Fiyat":"&euro;215,00","Durumu":"Stokta var"},"schema":{"@context":"https:\/\/schema.org","@graph":[{"@type":"WebPage","@id":"https:\/\/lykiaworlddivingcentre.com\/product\/diver-propulsion-vehicle\/","url":"https:\/\/lykiaworlddivingcentre.com\/product\/diver-propulsion-vehicle\/","name":"Diver Propulsion Vehicle - Lykia World Dal\u0131\u015f Merkezi | PADI 5 Y\u0131ld\u0131z IDC | \u00d6l\u00fcdeniz - Fethiye","isPartOf":{"@id":"https:\/\/lykiaworlddivingcentre.com\/tr\/#website"},"primaryImageOfPage":{"@id":"https:\/\/lykiaworlddivingcentre.com\/product\/diver-propulsion-vehicle\/#primaryimage"},"image":{"@id":"https:\/\/lykiaworlddivingcentre.com\/product\/diver-propulsion-vehicle\/#primaryimage"},"thumbnailUrl":"https:\/\/lykiaworlddivingcentre.com\/wp-content\/uploads\/2023\/12\/PeteAtkinson_Mar23-3035.jpg","datePublished":"2023-12-07T16:05:25+00:00","dateModified":"2026-02-28T10:18:50+00:00","breadcrumb":{"@id":"https:\/\/lykiaworlddivingcentre.com\/product\/diver-propulsion-vehicle\/#breadcrumb"},"inLanguage":"tr","potentialAction":[{"@type":"ReadAction","target":["https:\/\/lykiaworlddivingcentre.com\/product\/diver-propulsion-vehicle\/"]}]},{"@type":"ImageObject","inLanguage":"tr","@id":"https:\/\/lykiaworlddivingcentre.com\/product\/diver-propulsion-vehicle\/#primaryimage","url":"https:\/\/lykiaworlddivingcentre.com\/wp-content\/uploads\/2023\/12\/PeteAtkinson_Mar23-3035.jpg","contentUrl":"https:\/\/lykiaworlddivingcentre.com\/wp-content\/uploads\/2023\/12\/PeteAtkinson_Mar23-3035.jpg","width":1333,"height":2000},{"@type":"BreadcrumbList","@id":"https:\/\/lykiaworlddivingcentre.com\/product\/diver-propulsion-vehicle\/#breadcrumb","itemListElement":[{"@type":"ListItem","position":1,"name":"Home","item":"https:\/\/lykiaworlddivingcentre.com\/"},{"@type":"ListItem","position":2,"name":"Shop","item":"https:\/\/lykiaworlddivingcentre.com\/shop\/"},{"@type":"ListItem","position":3,"name":"Diver Propulsion Vehicle"}]},{"@type":"WebSite","@id":"https:\/\/lykiaworlddivingcentre.com\/tr\/#website","url":"https:\/\/lykiaworlddivingcentre.com\/tr\/","name":"Lykia World Diving Centre | PADI 5 Star IDC | \u00d6l\u00fcdeniz - Fethiye","description":"","publisher":{"@id":"https:\/\/lykiaworlddivingcentre.com\/tr\/#organization"},"alternateName":"Lykia World Diving Centre","potentialAction":[{"@type":"SearchAction","target":{"@type":"EntryPoint","urlTemplate":"https:\/\/lykiaworlddivingcentre.com\/tr\/?s={search_term_string}"},"query-input":{"@type":"PropertyValueSpecification","valueRequired":true,"valueName":"search_term_string"}}],"inLanguage":"tr"},{"@type":"Organization","@id":"https:\/\/lykiaworlddivingcentre.com\/tr\/#organization","name":"Lykia World Dal\u0131\u015f Merkezi | PADI 5 Y\u0131ld\u0131z IDC | \u00d6l\u00fcdeniz - Fethiye","url":"https:\/\/lykiaworlddivingcentre.com\/tr\/","logo":{"@type":"ImageObject","inLanguage":"tr","@id":"https:\/\/lykiaworlddivingcentre.com\/tr\/#\/schema\/logo\/image\/","url":"https:\/\/lykiaworlddivingcentre.com\/wp-content\/uploads\/2023\/11\/LWDC-YATAY-Logo-idc-w600.png","contentUrl":"https:\/\/lykiaworlddivingcentre.com\/wp-content\/uploads\/2023\/11\/LWDC-YATAY-Logo-idc-w600.png","width":600,"height":320,"caption":"Lykia World Dal\u0131\u015f Merkezi | PADI 5 Y\u0131ld\u0131z IDC | \u00d6l\u00fcdeniz - Fethiye"},"image":{"@id":"https:\/\/lykiaworlddivingcentre.com\/tr\/#\/schema\/logo\/image\/"},"sameAs":["https:\/\/www.facebook.com\/lykiaworlddivingcentre","https:\/\/www.instagram.com\/lykiaworld_diving_centre\/"],"description":"Our diving adventure, which started in Marmaris in 1991, has been continuing in Fethiye \u00d6l\u00fcdeniz region for the last eight years. Since the first day we entered the sector, we have strived to add a new dimension to diving and we still maintain this passion.Lykia World Diving Centre (LWDC) is a PADI 5 star Instructor Development Centre located in Oludeniz with the best dive sites in the area right at our doorstep.","email":"info@lykiaworlddivingcentre.com","telephone":"+90 534 388 6261","legalName":"AquaLykia Inc."}]},"product_price_amount":"215.00","product_price_currency":"EUR","og_availability":"instock","product_availability":"instock","product_condition":"new"},"_links":{"self":[{"href":"https:\/\/lykiaworlddivingcentre.com\/tr\/wp-json\/wp\/v2\/product\/646","targetHints":{"allow":["GET"]}}],"collection":[{"href":"https:\/\/lykiaworlddivingcentre.com\/tr\/wp-json\/wp\/v2\/product"}],"about":[{"href":"https:\/\/lykiaworlddivingcentre.com\/tr\/wp-json\/wp\/v2\/types\/product"}],"wp:featuredmedia":[{"embeddable":true,"href":"https:\/\/lykiaworlddivingcentre.com\/tr\/wp-json\/wp\/v2\/media\/194"}],"wp:attachment":[{"href":"https:\/\/lykiaworlddivingcentre.com\/tr\/wp-json\/wp\/v2\/media?parent=646"}],"wp:term":[{"taxonomy":"product_brand","embeddable":true,"href":"https:\/\/lykiaworlddivingcentre.com\/tr\/wp-json\/wp\/v2\/product_brand?post=646"},{"taxonomy":"product_cat","embeddable":true,"href":"https:\/\/lykiaworlddivingcentre.com\/tr\/wp-json\/wp\/v2\/product_cat?post=646"},{"taxonomy":"product_tag","embeddable":true,"href":"https:\/\/lykiaworlddivingcentre.com\/tr\/wp-json\/wp\/v2\/product_tag?post=646"}],"curies":[{"name":"wp","href":"https:\/\/api.w.org\/{rel}","templated":true}]}}