{"id":654,"date":"2023-12-07T15:44:02","date_gmt":"2023-12-07T12:44:02","guid":{"rendered":"https:\/\/lykiaworlddivingcentre.com\/product\/divemaster-course\/"},"modified":"2026-02-28T13:19:04","modified_gmt":"2026-02-28T10:19:04","slug":"dalis-lideri-kursu","status":"publish","type":"product","link":"https:\/\/lykiaworlddivingcentre.com\/tr\/product\/dalis-lideri-kursu\/","title":{"rendered":"Dal\u0131\u015f Lideri Kursu"},"content":{"rendered":"<p>T\u00fcpl\u00fc Dal\u0131\u015f tutkunu ba\u015fkalar\u0131yla payla\u015fma imkan\u0131n\u0131 PADI Divemaster olarak yapma imkan\u0131n\u0131 yakalayabilirsin. Dive Master olarak T\u00fcpl\u00fc Dal\u0131\u015f aktivitelerini y\u00f6netebilir dal\u0131\u015f kurslar\u0131na yard\u0131mc\u0131 olabilirsin.<\/p>\n<h3>Ne \u00d6\u011freneceksiniz<\/h3>\n<p>PADI Divemaster Kursu size bir lider olman\u0131z\u0131n yan\u0131 s\u0131ra dal\u0131\u015f aktivitelerinde nas\u0131l sorumluluk alaca\u011f\u0131n\u0131z\u0131 \u00f6\u011fretecektir. Teorik a\u015famada PADI \u00e7evrimi\u00e7i el kitap\u00e7\u0131\u011f\u0131n\u0131 \u00f6\u011freneceksiniz. Pratik a\u015famas\u0131nda ise E\u011fitmeninizin yard\u0131m\u0131 ile dal\u0131\u015f esnas\u0131nda ihtiya\u00e7 duyaca\u011f\u0131n\u0131z sualt\u0131 becerilerinizi geli\u015ftirme \u015fans\u0131n\u0131 elde edeceksiniz. B\u00f6ylece dal\u0131\u015f i\u00e7in gerekli organizasyon ve y\u00f6netim becerilerinizi farkl\u0131 bir a\u015famaya ta\u015f\u0131ma imkan\u0131 bulacaks\u0131n\u0131z.<\/p>\n<h4>Konu \u0130\u00e7erikleri:<\/h4>\n<p><strong>Akademik<\/strong><\/p>\n<p>\u2981 PADI Divemaster Rol\u00fc ve Karakteristikleri<br \/>\u2981 Dal\u0131\u015f \u0130daresi \u00d6\u011frenci Dal\u0131c\u0131lara yard\u0131mc\u0131 olmak<br \/>\u2981 Dal\u0131c\u0131 g\u00fcvenli\u011fi ve risk y\u00f6netimi<br \/>\u2981 Divemaster taraf\u0131ndan y\u00fcr\u00fct\u00fclen programlar ve uzmanl\u0131k becerileri<br \/>\u2981 Bir dal\u0131\u015f profesyoneli olarak kariyer s\u00fcrd\u00fcrmek<br \/>\u2981 Dal\u0131\u015f ortam\u0131nda fark\u0131ndal\u0131k<br \/>\u2981 Dal\u0131\u015f plan\u0131 ve Y\u00f6netimi<br \/>\u2981 A\u00e7\u0131k deniz dal\u0131\u015f noktas\u0131 haritaland\u0131rmas\u0131<br \/>\u2981 Dal\u0131\u015f teorisi<br \/>Su Becerileri geli\u015ftirme<br \/>Pratik uygulama<br \/>\u2981 Dal\u0131\u015f plan\u0131 ve Y\u00f6netimi<br \/>\u2981 Proje Haritalama<br \/>\u2981 Dal\u0131\u015f Birifingi<br \/>\u2981 Arama kurtarma ve derin dal\u0131\u015f senaryolar\u0131<\/p>\n<p><b>\u00c7al\u0131\u015ftaylar<\/b><\/p>\n<p>\u2981 Tekrardan aktif etme program\u0131 ve aletsiz dal\u0131\u015f kursu<br \/>\u2981 DSD (Discover Scuba Diving) \u00e7al\u0131\u015ftay\u0131<br \/>\u2981 Discover Local Diving<\/p>\n<p><strong>Pratik De\u011ferlendirmeler<\/strong><\/p>\n<p>\u2981 A\u00e7\u0131k deniz Dal\u0131c\u0131 \u00f6\u011frencileri ile<br \/>\u2981 Devam e\u011fitimi Dal\u0131c\u0131 \u00d6\u011frencileri ile<br \/>\u2981 Sertifikal\u0131 Dal\u0131c\u0131lar ile<\/p>\n<p>E\u011fitmeniniz, t\u00fcm gereksinimleri kar\u015f\u0131laman\u0131za ve yeteneklerinizi geni\u015fletmenize yard\u0131mc\u0131 olmak i\u00e7in dal\u0131\u015f uzman\u0131 e\u011fitiminizin yan\u0131 s\u0131ra PADI Deep Diver ve Search and Recovery Diver \u00f6zel dalg\u0131\u00e7 kurslar\u0131 da sunabilir.<\/p>\n<h3 class=\"fusion-responsive-typography-calculated\" data-fontsize=\"32\" data-lineheight=\"41.6px\">\u00d6nko\u015fullar &amp; Gereksinimler<\/h3>\n<p><strong>Ya\u015f S\u0131n\u0131rlamas\u0131<\/strong><br \/>18 Ya\u015f\u0131ndan g\u00fcn al\u0131yor olmak<br \/><strong>Kurs \u00d6nko\u015fullar\u0131<\/strong><br \/>Kurtarma Dal\u0131c\u0131s\u0131, 40 Kay\u0131tl\u0131 Dal\u0131\u015f, son 24 ayda al\u0131nm\u0131\u015f CPR ve \u0130lk yard\u0131m Sertifikas\u0131, Doktordan Dal\u0131\u015fa uygunluk raporu<\/p>\n<p><strong>Zaman Taahh\u00fcd\u00fc<\/strong><br \/>Yakla\u015f\u0131k 50 saat<\/p>\n<p><strong>Ekipmanlar<\/strong><\/p>\n<p>Bir dal\u0131\u015f profesyoneli olarak, dal\u0131\u015f bilgisayar\u0131, dal\u0131\u015f b\u0131\u00e7a\u011f\u0131 ve t\u00fcm di\u011fer temel t\u00fcpl\u00fc dal\u0131\u015f ekipmanlar\u0131na sahip olmak isteyebilirsiniz. Su alt\u0131 navigasyonu, arama kurtarma ve benzeri beceri al\u0131\u015ft\u0131rmalar\u0131 yap\u0131l\u0131rken pusula, i\u015faret \u015famand\u0131ralar\u0131, kald\u0131rma balonlar\u0131 ve slate\u2019e ihtiyac\u0131n\u0131z olacakt\u0131r. E\u011fitmeniniz bunlar\u0131n d\u0131\u015f\u0131nda da sizlere dal\u0131\u015f kariyeriniz i\u00e7in farkl\u0131 ekipmanlar \u00f6nerebilir. Yerel dal\u0131\u015f merkezimizle t\u00fcm bu ihtiya\u00e7lar\u0131n\u0131za y\u00f6nelik dan\u0131\u015fabilirsiniz.<\/p>\n<p><strong>Ba\u015flarken<\/strong><\/p>\n<p>PADI e-learning i\u00e7in PADI sistemine giri\u015f yap\u0131n ve hemen ba\u015flay\u0131n.<\/p>\n<p>PADI sistemi \u00fczerinden 8 bilgi geli\u015ftirme b\u00f6l\u00fcmlerini istedi\u011finiz yerde okuyabilir ve \u00f6\u011frenmeye hemen ba\u015flayabilirsiniz.<\/p>\n<p>Ayr\u0131ca referans olark Dal\u0131\u015f Lideri Klavuzuna online olarak kurs \u00f6ncesi ve sonras\u0131 eri\u015fim sa\u011flayabilirsiniz.<\/p>\n<p>Online Dal\u0131\u015f Teorisi derslerini al\u0131rken, ad\u0131m ad\u0131m dal\u0131\u015f fizi\u011fi,dal\u0131\u015f fizyolojisi,beceriler,ekipmanlar, \u00e7evre ve RDP(Dal\u0131\u015f planlama tablosu) ile ilgili e\u011fitimlere ula\u015fabileceksiniz. Ba\u015far\u0131l\u0131 \u015fekilde Online Dal\u0131\u015f Teorisi\u2019ni bitirdikten sonra Dal\u0131\u015f Lideri Final s\u0131nav\u0131 i\u00e7in yolu yar\u0131lam\u0131\u015f olacaks\u0131n\u0131z. PADI E\u011fitmeniniz sizlere bu a\u015famadan sonra su becerileri al\u0131\u015ft\u0131rmalar\u0131, workshop ve Pratik de\u011ferlendirmelerinin nas\u0131l yap\u0131laca\u011f\u0131 ve ne zaman yap\u0131laca\u011f\u0131 konusunda gerekli bilgileri ve d\u00fczenlemeleri yapacakt\u0131r.<\/p>\n<h5><strong>&gt;<a title=\"PADI El kitap\u00e7\u0131\u011f\u0131n\u0131z\u0131 al\u0131n\u0131z\" href=\"https:\/\/www.padi.com\/courses\/divemaster\" target=\"_blank\" rel=\"noopener\">PADI El kitap\u00e7\u0131\u011f\u0131n\u0131z\u0131 al\u0131n\u0131z<\/a><\/strong><\/h5>\n","protected":false},"excerpt":{"rendered":"<h2>S\u00fcre: 7-12 G\u00fcn (50s) &#8211; Min. Ya\u015f: 18<\/h2>\n<h4>Neden bu kursu almal\u0131y\u0131m?<\/h4>\n<ul>\n<li>Daha fazla Dal\u0131\u015f tecr\u00fcbesine sahip olmak<\/li>\n<li>Navigasyon prati\u011fi yapmak<\/li>\n<li>Farkl\u0131 dal\u0131\u015f \u015fekillerini \u00f6\u011frenmek<\/li>\n<li>Gezegenimizin geri kalan y\u00fczde 70&#8217;ini ke\u015ffedin<\/li>\n<li>Denizlerin korunmas\u0131n\u0131 desteklemek<\/li>\n<li>Hi\u00e7bir zaman g\u00f6remediklerini deneyimle<\/li>\n<li>Bir t\u00fcpl\u00fc dal\u0131\u015f uzman\u0131ndan \u00f6\u011frenin<\/li>\n<li>D\u00fcnyan\u0131n en tan\u0131nm\u0131\u015f scuba sertifikas\u0131na sahip olun<\/li>\n<li>Dive Master kursuna kat\u0131lma hakk\u0131na sahip ol<\/li>\n<li>PADI profesyoneli olun<\/li>\n<\/ul>\n<h4>Nas\u0131l Yap\u0131l\u0131r?<\/h4>\n<ul>\n<li>Kendinden emin ve yetenekli bir dalg\u0131\u00e7 olun<\/li>\n<li>Deniz ya\u015fam\u0131na sayg\u0131yla yakla\u015f\u0131n<\/li>\n<li>Acil Oksijen kitini kullanmak<\/li>\n<li>Gece sualt\u0131 navigasyonu<\/li>\n<li>Problemleri \u00d6nlemek<\/li>\n<\/ul>\n","protected":false},"featured_media":174,"template":"","meta":[],"product_brand":[],"product_cat":[41,38],"product_tag":[],"class_list":{"0":"post-654","1":"product","2":"type-product","3":"status-publish","4":"has-post-thumbnail","6":"product_cat-profesyonel","7":"product_cat-tuplu-dalis-kurslari","9":"first","10":"instock","11":"sold-individually","12":"shipping-taxable","13":"product-type-simple"},"yoast_head":"<!-- This site is optimized with the Yoast SEO Premium plugin v22.1 (Yoast SEO v27.0) - https:\/\/yoast.com\/product\/yoast-seo-premium-wordpress\/ -->\n<title>Dal\u0131\u015f Lideri Kursu - Lykia World Dal\u0131\u015f Merkezi | PADI 5 Y\u0131ld\u0131z IDC | \u00d6l\u00fcdeniz - Fethiye<\/title>\n<meta name=\"robots\" content=\"index, follow, max-snippet:-1, max-image-preview:large, max-video-preview:-1\" \/>\n<link rel=\"canonical\" href=\"https:\/\/lykiaworlddivingcentre.com\/tr\/product\/dalis-lideri-kursu\/\" \/>\n<meta property=\"og:locale\" content=\"tr_TR\" \/>\n<meta property=\"og:type\" content=\"article\" \/>\n<meta property=\"og:title\" content=\"Dal\u0131\u015f Lideri Kursu\" \/>\n<meta property=\"og:description\" content=\"S\u00fcre: 7-12 G\u00fcn (50s) - Min. Ya\u015f: 18 Neden bu kursu almal\u0131y\u0131m?   Daha fazla Dal\u0131\u015f tecr\u00fcbesine sahip olmak  Navigasyon prati\u011fi yapmak  Farkl\u0131 dal\u0131\u015f \u015fekillerini \u00f6\u011frenmek  Gezegenimizin geri kalan y\u00fczde 70&#039;ini ke\u015ffedin  Denizlerin korunmas\u0131n\u0131 desteklemek  Hi\u00e7bir zaman g\u00f6remediklerini deneyimle  Bir t\u00fcpl\u00fc dal\u0131\u015f uzman\u0131ndan \u00f6\u011frenin  D\u00fcnyan\u0131n en tan\u0131nm\u0131\u015f scuba sertifikas\u0131na sahip olun  Dive Master kursuna kat\u0131lma hakk\u0131na sahip ol  PADI profesyoneli olun  Nas\u0131l Yap\u0131l\u0131r?   Kendinden emin ve yetenekli bir dalg\u0131\u00e7 olun  Deniz ya\u015fam\u0131na sayg\u0131yla yakla\u015f\u0131n  Acil Oksijen kitini kullanmak  Gece sualt\u0131 navigasyonu  Problemleri \u00d6nlemek\" \/>\n<meta property=\"og:url\" content=\"https:\/\/lykiaworlddivingcentre.com\/tr\/product\/dalis-lideri-kursu\/\" \/>\n<meta property=\"og:site_name\" content=\"Lykia World Dal\u0131\u015f Merkezi | PADI 5 Y\u0131ld\u0131z IDC | \u00d6l\u00fcdeniz - Fethiye\" \/>\n<meta property=\"article:publisher\" content=\"https:\/\/www.facebook.com\/lykiaworlddivingcentre\" \/>\n<meta property=\"article:modified_time\" content=\"2026-02-28T10:19:04+00:00\" \/>\n<meta property=\"og:image\" content=\"https:\/\/lykiaworlddivingcentre.com\/wp-content\/uploads\/2023\/12\/IMG-20230417-WA0020.jpg\" \/>\n\t<meta property=\"og:image:width\" content=\"1600\" \/>\n\t<meta property=\"og:image:height\" content=\"1200\" \/>\n\t<meta property=\"og:image:type\" content=\"image\/jpeg\" \/>\n<meta name=\"twitter:card\" content=\"summary_large_image\" \/>\n<meta name=\"twitter:label1\" content=\"Fiyat\" \/>\n\t<meta name=\"twitter:data1\" content=\"&euro;879,00\" \/>\n\t<meta name=\"twitter:label2\" content=\"Durumu\" \/>\n\t<meta name=\"twitter:data2\" content=\"Stokta var\" \/>\n<script type=\"application\/ld+json\" class=\"yoast-schema-graph\">{\"@context\":\"https:\/\/schema.org\",\"@graph\":[{\"@type\":\"WebPage\",\"@id\":\"https:\/\/lykiaworlddivingcentre.com\/tr\/product\/dalis-lideri-kursu\/\",\"url\":\"https:\/\/lykiaworlddivingcentre.com\/tr\/product\/dalis-lideri-kursu\/\",\"name\":\"Dal\u0131\u015f Lideri Kursu - Lykia World Dal\u0131\u015f Merkezi | PADI 5 Y\u0131ld\u0131z IDC | \u00d6l\u00fcdeniz - Fethiye\",\"isPartOf\":{\"@id\":\"https:\/\/lykiaworlddivingcentre.com\/tr\/#website\"},\"primaryImageOfPage\":{\"@id\":\"https:\/\/lykiaworlddivingcentre.com\/tr\/product\/dalis-lideri-kursu\/#primaryimage\"},\"image\":{\"@id\":\"https:\/\/lykiaworlddivingcentre.com\/tr\/product\/dalis-lideri-kursu\/#primaryimage\"},\"thumbnailUrl\":\"https:\/\/lykiaworlddivingcentre.com\/wp-content\/uploads\/2023\/12\/IMG-20230417-WA0020.jpg\",\"datePublished\":\"2023-12-07T12:44:02+00:00\",\"dateModified\":\"2026-02-28T10:19:04+00:00\",\"breadcrumb\":{\"@id\":\"https:\/\/lykiaworlddivingcentre.com\/tr\/product\/dalis-lideri-kursu\/#breadcrumb\"},\"inLanguage\":\"tr\",\"potentialAction\":[{\"@type\":\"ReadAction\",\"target\":[\"https:\/\/lykiaworlddivingcentre.com\/tr\/product\/dalis-lideri-kursu\/\"]}]},{\"@type\":\"ImageObject\",\"inLanguage\":\"tr\",\"@id\":\"https:\/\/lykiaworlddivingcentre.com\/tr\/product\/dalis-lideri-kursu\/#primaryimage\",\"url\":\"https:\/\/lykiaworlddivingcentre.com\/wp-content\/uploads\/2023\/12\/IMG-20230417-WA0020.jpg\",\"contentUrl\":\"https:\/\/lykiaworlddivingcentre.com\/wp-content\/uploads\/2023\/12\/IMG-20230417-WA0020.jpg\",\"width\":1600,\"height\":1200},{\"@type\":\"BreadcrumbList\",\"@id\":\"https:\/\/lykiaworlddivingcentre.com\/tr\/product\/dalis-lideri-kursu\/#breadcrumb\",\"itemListElement\":[{\"@type\":\"ListItem\",\"position\":1,\"name\":\"Home\",\"item\":\"https:\/\/lykiaworlddivingcentre.com\/\"},{\"@type\":\"ListItem\",\"position\":2,\"name\":\"Shop\",\"item\":\"https:\/\/lykiaworlddivingcentre.com\/shop\/\"},{\"@type\":\"ListItem\",\"position\":3,\"name\":\"Dal\u0131\u015f Lideri Kursu\"}]},{\"@type\":\"WebSite\",\"@id\":\"https:\/\/lykiaworlddivingcentre.com\/tr\/#website\",\"url\":\"https:\/\/lykiaworlddivingcentre.com\/tr\/\",\"name\":\"Lykia World Diving Centre | PADI 5 Star IDC | \u00d6l\u00fcdeniz - Fethiye\",\"description\":\"\",\"publisher\":{\"@id\":\"https:\/\/lykiaworlddivingcentre.com\/tr\/#organization\"},\"alternateName\":\"Lykia World Diving Centre\",\"potentialAction\":[{\"@type\":\"SearchAction\",\"target\":{\"@type\":\"EntryPoint\",\"urlTemplate\":\"https:\/\/lykiaworlddivingcentre.com\/tr\/?s={search_term_string}\"},\"query-input\":{\"@type\":\"PropertyValueSpecification\",\"valueRequired\":true,\"valueName\":\"search_term_string\"}}],\"inLanguage\":\"tr\"},{\"@type\":\"Organization\",\"@id\":\"https:\/\/lykiaworlddivingcentre.com\/tr\/#organization\",\"name\":\"Lykia World Dal\u0131\u015f Merkezi | PADI 5 Y\u0131ld\u0131z IDC | \u00d6l\u00fcdeniz - Fethiye\",\"url\":\"https:\/\/lykiaworlddivingcentre.com\/tr\/\",\"logo\":{\"@type\":\"ImageObject\",\"inLanguage\":\"tr\",\"@id\":\"https:\/\/lykiaworlddivingcentre.com\/tr\/#\/schema\/logo\/image\/\",\"url\":\"https:\/\/lykiaworlddivingcentre.com\/wp-content\/uploads\/2023\/11\/LWDC-YATAY-Logo-idc-w600.png\",\"contentUrl\":\"https:\/\/lykiaworlddivingcentre.com\/wp-content\/uploads\/2023\/11\/LWDC-YATAY-Logo-idc-w600.png\",\"width\":600,\"height\":320,\"caption\":\"Lykia World Dal\u0131\u015f Merkezi | PADI 5 Y\u0131ld\u0131z IDC | \u00d6l\u00fcdeniz - Fethiye\"},\"image\":{\"@id\":\"https:\/\/lykiaworlddivingcentre.com\/tr\/#\/schema\/logo\/image\/\"},\"sameAs\":[\"https:\/\/www.facebook.com\/lykiaworlddivingcentre\",\"https:\/\/www.instagram.com\/lykiaworld_diving_centre\/\"],\"description\":\"Our diving adventure, which started in Marmaris in 1991, has been continuing in Fethiye \u00d6l\u00fcdeniz region for the last eight years. Since the first day we entered the sector, we have strived to add a new dimension to diving and we still maintain this passion.Lykia World Diving Centre (LWDC) is a PADI 5 star Instructor Development Centre located in Oludeniz with the best dive sites in the area right at our doorstep.\",\"email\":\"info@lykiaworlddivingcentre.com\",\"telephone\":\"+90 534 388 6261\",\"legalName\":\"AquaLykia Inc.\"}]}<\/script>\n<meta property=\"product:price:amount\" content=\"879.00\" \/>\n<meta property=\"product:price:currency\" content=\"EUR\" \/>\n<meta property=\"og:availability\" content=\"instock\" \/>\n<meta property=\"product:availability\" content=\"instock\" \/>\n<meta property=\"product:condition\" content=\"new\" \/>\n<!-- \/ Yoast SEO Premium plugin. -->","yoast_head_json":{"title":"Dal\u0131\u015f Lideri Kursu - Lykia World Dal\u0131\u015f Merkezi | PADI 5 Y\u0131ld\u0131z IDC | \u00d6l\u00fcdeniz - Fethiye","robots":{"index":"index","follow":"follow","max-snippet":"max-snippet:-1","max-image-preview":"max-image-preview:large","max-video-preview":"max-video-preview:-1"},"canonical":"https:\/\/lykiaworlddivingcentre.com\/tr\/product\/dalis-lideri-kursu\/","og_locale":"tr_TR","og_type":"article","og_title":"Dal\u0131\u015f Lideri Kursu","og_description":"S\u00fcre: 7-12 G\u00fcn (50s) - Min. Ya\u015f: 18 Neden bu kursu almal\u0131y\u0131m?   Daha fazla Dal\u0131\u015f tecr\u00fcbesine sahip olmak  Navigasyon prati\u011fi yapmak  Farkl\u0131 dal\u0131\u015f \u015fekillerini \u00f6\u011frenmek  Gezegenimizin geri kalan y\u00fczde 70'ini ke\u015ffedin  Denizlerin korunmas\u0131n\u0131 desteklemek  Hi\u00e7bir zaman g\u00f6remediklerini deneyimle  Bir t\u00fcpl\u00fc dal\u0131\u015f uzman\u0131ndan \u00f6\u011frenin  D\u00fcnyan\u0131n en tan\u0131nm\u0131\u015f scuba sertifikas\u0131na sahip olun  Dive Master kursuna kat\u0131lma hakk\u0131na sahip ol  PADI profesyoneli olun  Nas\u0131l Yap\u0131l\u0131r?   Kendinden emin ve yetenekli bir dalg\u0131\u00e7 olun  Deniz ya\u015fam\u0131na sayg\u0131yla yakla\u015f\u0131n  Acil Oksijen kitini kullanmak  Gece sualt\u0131 navigasyonu  Problemleri \u00d6nlemek","og_url":"https:\/\/lykiaworlddivingcentre.com\/tr\/product\/dalis-lideri-kursu\/","og_site_name":"Lykia World Dal\u0131\u015f Merkezi | PADI 5 Y\u0131ld\u0131z IDC | \u00d6l\u00fcdeniz - Fethiye","article_publisher":"https:\/\/www.facebook.com\/lykiaworlddivingcentre","article_modified_time":"2026-02-28T10:19:04+00:00","og_image":[{"width":1600,"height":1200,"url":"https:\/\/lykiaworlddivingcentre.com\/wp-content\/uploads\/2023\/12\/IMG-20230417-WA0020.jpg","type":"image\/jpeg"}],"twitter_card":"summary_large_image","twitter_misc":{"Fiyat":"&euro;879,00","Durumu":"Stokta var"},"schema":{"@context":"https:\/\/schema.org","@graph":[{"@type":"WebPage","@id":"https:\/\/lykiaworlddivingcentre.com\/tr\/product\/dalis-lideri-kursu\/","url":"https:\/\/lykiaworlddivingcentre.com\/tr\/product\/dalis-lideri-kursu\/","name":"Dal\u0131\u015f Lideri Kursu - Lykia World Dal\u0131\u015f Merkezi | PADI 5 Y\u0131ld\u0131z IDC | \u00d6l\u00fcdeniz - Fethiye","isPartOf":{"@id":"https:\/\/lykiaworlddivingcentre.com\/tr\/#website"},"primaryImageOfPage":{"@id":"https:\/\/lykiaworlddivingcentre.com\/tr\/product\/dalis-lideri-kursu\/#primaryimage"},"image":{"@id":"https:\/\/lykiaworlddivingcentre.com\/tr\/product\/dalis-lideri-kursu\/#primaryimage"},"thumbnailUrl":"https:\/\/lykiaworlddivingcentre.com\/wp-content\/uploads\/2023\/12\/IMG-20230417-WA0020.jpg","datePublished":"2023-12-07T12:44:02+00:00","dateModified":"2026-02-28T10:19:04+00:00","breadcrumb":{"@id":"https:\/\/lykiaworlddivingcentre.com\/tr\/product\/dalis-lideri-kursu\/#breadcrumb"},"inLanguage":"tr","potentialAction":[{"@type":"ReadAction","target":["https:\/\/lykiaworlddivingcentre.com\/tr\/product\/dalis-lideri-kursu\/"]}]},{"@type":"ImageObject","inLanguage":"tr","@id":"https:\/\/lykiaworlddivingcentre.com\/tr\/product\/dalis-lideri-kursu\/#primaryimage","url":"https:\/\/lykiaworlddivingcentre.com\/wp-content\/uploads\/2023\/12\/IMG-20230417-WA0020.jpg","contentUrl":"https:\/\/lykiaworlddivingcentre.com\/wp-content\/uploads\/2023\/12\/IMG-20230417-WA0020.jpg","width":1600,"height":1200},{"@type":"BreadcrumbList","@id":"https:\/\/lykiaworlddivingcentre.com\/tr\/product\/dalis-lideri-kursu\/#breadcrumb","itemListElement":[{"@type":"ListItem","position":1,"name":"Home","item":"https:\/\/lykiaworlddivingcentre.com\/"},{"@type":"ListItem","position":2,"name":"Shop","item":"https:\/\/lykiaworlddivingcentre.com\/shop\/"},{"@type":"ListItem","position":3,"name":"Dal\u0131\u015f Lideri Kursu"}]},{"@type":"WebSite","@id":"https:\/\/lykiaworlddivingcentre.com\/tr\/#website","url":"https:\/\/lykiaworlddivingcentre.com\/tr\/","name":"Lykia World Diving Centre | PADI 5 Star IDC | \u00d6l\u00fcdeniz - Fethiye","description":"","publisher":{"@id":"https:\/\/lykiaworlddivingcentre.com\/tr\/#organization"},"alternateName":"Lykia World Diving Centre","potentialAction":[{"@type":"SearchAction","target":{"@type":"EntryPoint","urlTemplate":"https:\/\/lykiaworlddivingcentre.com\/tr\/?s={search_term_string}"},"query-input":{"@type":"PropertyValueSpecification","valueRequired":true,"valueName":"search_term_string"}}],"inLanguage":"tr"},{"@type":"Organization","@id":"https:\/\/lykiaworlddivingcentre.com\/tr\/#organization","name":"Lykia World Dal\u0131\u015f Merkezi | PADI 5 Y\u0131ld\u0131z IDC | \u00d6l\u00fcdeniz - Fethiye","url":"https:\/\/lykiaworlddivingcentre.com\/tr\/","logo":{"@type":"ImageObject","inLanguage":"tr","@id":"https:\/\/lykiaworlddivingcentre.com\/tr\/#\/schema\/logo\/image\/","url":"https:\/\/lykiaworlddivingcentre.com\/wp-content\/uploads\/2023\/11\/LWDC-YATAY-Logo-idc-w600.png","contentUrl":"https:\/\/lykiaworlddivingcentre.com\/wp-content\/uploads\/2023\/11\/LWDC-YATAY-Logo-idc-w600.png","width":600,"height":320,"caption":"Lykia World Dal\u0131\u015f Merkezi | PADI 5 Y\u0131ld\u0131z IDC | \u00d6l\u00fcdeniz - Fethiye"},"image":{"@id":"https:\/\/lykiaworlddivingcentre.com\/tr\/#\/schema\/logo\/image\/"},"sameAs":["https:\/\/www.facebook.com\/lykiaworlddivingcentre","https:\/\/www.instagram.com\/lykiaworld_diving_centre\/"],"description":"Our diving adventure, which started in Marmaris in 1991, has been continuing in Fethiye \u00d6l\u00fcdeniz region for the last eight years. Since the first day we entered the sector, we have strived to add a new dimension to diving and we still maintain this passion.Lykia World Diving Centre (LWDC) is a PADI 5 star Instructor Development Centre located in Oludeniz with the best dive sites in the area right at our doorstep.","email":"info@lykiaworlddivingcentre.com","telephone":"+90 534 388 6261","legalName":"AquaLykia Inc."}]},"product_price_amount":"879.00","product_price_currency":"EUR","og_availability":"instock","product_availability":"instock","product_condition":"new"},"_links":{"self":[{"href":"https:\/\/lykiaworlddivingcentre.com\/tr\/wp-json\/wp\/v2\/product\/654","targetHints":{"allow":["GET"]}}],"collection":[{"href":"https:\/\/lykiaworlddivingcentre.com\/tr\/wp-json\/wp\/v2\/product"}],"about":[{"href":"https:\/\/lykiaworlddivingcentre.com\/tr\/wp-json\/wp\/v2\/types\/product"}],"wp:featuredmedia":[{"embeddable":true,"href":"https:\/\/lykiaworlddivingcentre.com\/tr\/wp-json\/wp\/v2\/media\/174"}],"wp:attachment":[{"href":"https:\/\/lykiaworlddivingcentre.com\/tr\/wp-json\/wp\/v2\/media?parent=654"}],"wp:term":[{"taxonomy":"product_brand","embeddable":true,"href":"https:\/\/lykiaworlddivingcentre.com\/tr\/wp-json\/wp\/v2\/product_brand?post=654"},{"taxonomy":"product_cat","embeddable":true,"href":"https:\/\/lykiaworlddivingcentre.com\/tr\/wp-json\/wp\/v2\/product_cat?post=654"},{"taxonomy":"product_tag","embeddable":true,"href":"https:\/\/lykiaworlddivingcentre.com\/tr\/wp-json\/wp\/v2\/product_tag?post=654"}],"curies":[{"name":"wp","href":"https:\/\/api.w.org\/{rel}","templated":true}]}}