{"id":656,"date":"2023-12-07T14:19:28","date_gmt":"2023-12-07T11:19:28","guid":{"rendered":"https:\/\/lykiaworlddivingcentre.com\/product\/rescue-diver\/"},"modified":"2026-02-28T13:19:11","modified_gmt":"2026-02-28T10:19:11","slug":"kurtarma-dalgicligi","status":"publish","type":"product","link":"https:\/\/lykiaworlddivingcentre.com\/tr\/product\/kurtarma-dalgicligi\/","title":{"rendered":"Kurtarma Dalg\u0131\u00e7l\u0131\u011f\u0131"},"content":{"rendered":"<p>Bu kurs boyunca sualt\u0131 ve su \u00fcst\u00fcnde kar\u015f\u0131la\u015f\u0131labilicek olas\u0131 sorunlardan sak\u0131nmay\u0131 \u00f6\u011freneceksiniz. Ayn\u0131 zamanda kendi problemlerinizin yan\u0131 s\u0131ra di\u011ferlerine de yard\u0131mc\u0131 olman\u0131z i\u00e7in ihtiyac\u0131n\u0131z olan becerileri \u00f6\u011freneceksiniz. Her kadar bu kurs olduk\u00e7a ciddi i\u00e7erikli olsa da, yapaca\u011f\u0131n\u0131z egzersizlerin tamam\u0131ndan b\u00fcy\u00fck keyif alacaks\u0131n\u0131z<\/p>\n<h3><strong>Kurs S\u00fcreci<\/strong><\/h3>\n<p>Sualt\u0131 ve y\u00fczey problemlerini nas\u0131l \u00e7\u00f6zece\u011finizi (Stres Y\u00f6netimi, Kendi Kendini Kurtarma, Panikteki Dalg\u0131\u00e7lar\u0131 Kurtarma) \u00f6\u011frenecek ve temel ilk yard\u0131m uygulamalar\u0131n\u0131 \u00f6\u011freneceksiniz. PADI-Rescue Driver k\u0131lavuzunuzu dal\u0131\u015f okulumuz arac\u0131l\u0131\u011f\u0131yla \u00e7evrimi\u00e7i olarak edinebilirsiniz. Bu k\u0131lavuz yard\u0131m\u0131yla teorik e\u011fitiminizi tamamlarken, e\u011fitmeninizle birlikte sudan kurtarma senaryolar\u0131n\u0131 da tamamlayacaks\u0131n\u0131z.<\/p>\n<h4><strong>\u015eartlar<\/strong><\/h4>\n<p>14 ya\u015f\u0131ndan g\u00fcn alm\u0131\u015f olmak<\/p>\n<h4><strong>Kurs \u00d6nko\u015fullar\u0131<\/strong><\/h4>\n<p>\u0130leri A\u00e7\u0131k Deniz Dal\u0131c\u0131 Sertifikas\u0131 (AOWD) ve Sualt\u0131 Navisgasyon kursunu tamamlam\u0131\u015f olmak. Son 24 ay i\u00e7inde EFR Birincil ve ikincil Bak\u0131m e\u011fitimini tamamlam\u0131\u015f olmak<\/p>\n<h4><strong>Kurs Bitirme \u015eartlar\u0131<\/strong><\/h4>\n<p>EFR Birincil ve ikincil Bak\u0131m e\u011fitimini tamamlam\u0131\u015f olmak<\/p>\n<h4><strong>Zaman Taahh\u00fcd\u00fc<\/strong><\/h4>\n<p>2-3 G\u00fcn i\u00e7inde yap\u0131lmas\u0131 gereken 10 Egzersiz ve 2 Dal\u0131\u015f Senaryosu ger\u00e7ekle\u015ftirilecektir.<\/p>\n<h4><strong>Ba\u015flarken<\/strong><\/h4>\n<p>Ba\u015flamak i\u00e7in ilk \u00f6nce Padi \u00e7evrimi\u00e7i Kurtama Dal\u0131c\u0131s\u0131 El Kitap\u00e7\u0131\u011f\u0131n\u0131 (PADI- Rescue Diver e-Learning ) edinmelisiniz. El kitap\u00e7\u0131\u011f\u0131ndan 5 b\u00f6l\u00fcm\u00fcn \u00e7al\u0131\u015f\u0131lmas\u0131 gerekmektedir. Ard\u0131ndan PADI E\u011fitmeninizle birlikte kurtarma egzersizleri ger\u00e7ekle\u015ftirilecektir.<br \/><a href=\"https:\/\/www.padi.com\/courses\/rescue-diver\">PADI El Kitap\u00e7\u0131\u011f\u0131n\u0131z\u0131 al\u0131n\u0131z<\/a><\/p>\n","protected":false},"excerpt":{"rendered":"<h2>S\u00fcre: 2-3 G\u00fcn &#8211; Min. Ya\u015f: 14<\/h2>\n<h4>Neden bu kursu almal\u0131y\u0131m?<\/h4>\n<ul>\n<li>Daha iyi bir dal\u0131\u015f arkada\u015f\u0131 olmak<\/li>\n<li>Navigasyon becerilerinizi geli\u015ftirmek<\/li>\n<li>Dive Master kursuna kat\u0131lma hakk\u0131na sahip ol<\/li>\n<\/ul>\n<h4>Nas\u0131l Yap\u0131l\u0131r?<\/h4>\n<ul>\n<li>Di\u011fer Dal\u0131c\u0131lara yard\u0131mc\u0131 olabilmek<\/li>\n<li>\u0130kincil ekipman sorunlar\u0131n\u0131 gidermek<\/li>\n<li>Acil Oksijen kitini kullanmak<\/li>\n<\/ul>\n","protected":false},"featured_media":168,"template":"","meta":[],"product_brand":[],"product_cat":[40,38],"product_tag":[],"class_list":{"0":"post-656","1":"product","2":"type-product","3":"status-publish","4":"has-post-thumbnail","6":"product_cat-egitime-devam","7":"product_cat-tuplu-dalis-kurslari","9":"first","10":"instock","11":"sold-individually","12":"shipping-taxable","13":"product-type-simple"},"yoast_head":"<!-- This site is optimized with the Yoast SEO Premium plugin v22.1 (Yoast SEO v27.0) - https:\/\/yoast.com\/product\/yoast-seo-premium-wordpress\/ -->\n<title>Kurtarma Dalg\u0131\u00e7l\u0131\u011f\u0131 - Lykia World Dal\u0131\u015f Merkezi | PADI 5 Y\u0131ld\u0131z IDC | \u00d6l\u00fcdeniz - Fethiye<\/title>\n<meta name=\"robots\" content=\"index, follow, max-snippet:-1, max-image-preview:large, max-video-preview:-1\" \/>\n<link rel=\"canonical\" href=\"https:\/\/lykiaworlddivingcentre.com\/product\/rescue-diver\/\" \/>\n<meta property=\"og:locale\" content=\"tr_TR\" \/>\n<meta property=\"og:type\" content=\"article\" \/>\n<meta property=\"og:title\" content=\"Kurtarma Dalg\u0131\u00e7l\u0131\u011f\u0131\" \/>\n<meta property=\"og:description\" content=\"S\u00fcre: 2-3 G\u00fcn - Min. Ya\u015f: 14 Neden bu kursu almal\u0131y\u0131m?   Daha iyi bir dal\u0131\u015f arkada\u015f\u0131 olmak  Navigasyon becerilerinizi geli\u015ftirmek  Dive Master kursuna kat\u0131lma hakk\u0131na sahip ol  Nas\u0131l Yap\u0131l\u0131r?   Di\u011fer Dal\u0131c\u0131lara yard\u0131mc\u0131 olabilmek  \u0130kincil ekipman sorunlar\u0131n\u0131 gidermek  Acil Oksijen kitini kullanmak\" \/>\n<meta property=\"og:url\" content=\"https:\/\/lykiaworlddivingcentre.com\/product\/rescue-diver\/\" \/>\n<meta property=\"og:site_name\" content=\"Lykia World Dal\u0131\u015f Merkezi | PADI 5 Y\u0131ld\u0131z IDC | \u00d6l\u00fcdeniz - Fethiye\" \/>\n<meta property=\"article:publisher\" content=\"https:\/\/www.facebook.com\/lykiaworlddivingcentre\" \/>\n<meta property=\"article:modified_time\" content=\"2026-02-28T10:19:11+00:00\" \/>\n<meta property=\"og:image\" content=\"https:\/\/lykiaworlddivingcentre.com\/wp-content\/uploads\/2023\/12\/rescue-diver-4.jpg\" \/>\n\t<meta property=\"og:image:width\" content=\"1235\" \/>\n\t<meta property=\"og:image:height\" content=\"695\" \/>\n\t<meta property=\"og:image:type\" content=\"image\/jpeg\" \/>\n<meta name=\"twitter:card\" content=\"summary_large_image\" \/>\n<meta name=\"twitter:label1\" content=\"Fiyat\" \/>\n\t<meta name=\"twitter:data1\" content=\"&euro;439,00\" \/>\n\t<meta name=\"twitter:label2\" content=\"Durumu\" \/>\n\t<meta name=\"twitter:data2\" content=\"Stokta var\" \/>\n<script type=\"application\/ld+json\" class=\"yoast-schema-graph\">{\"@context\":\"https:\/\/schema.org\",\"@graph\":[{\"@type\":\"WebPage\",\"@id\":\"https:\/\/lykiaworlddivingcentre.com\/product\/rescue-diver\/\",\"url\":\"https:\/\/lykiaworlddivingcentre.com\/product\/rescue-diver\/\",\"name\":\"Kurtarma Dalg\u0131\u00e7l\u0131\u011f\u0131 - Lykia World Dal\u0131\u015f Merkezi | PADI 5 Y\u0131ld\u0131z IDC | \u00d6l\u00fcdeniz - Fethiye\",\"isPartOf\":{\"@id\":\"https:\/\/lykiaworlddivingcentre.com\/tr\/#website\"},\"primaryImageOfPage\":{\"@id\":\"https:\/\/lykiaworlddivingcentre.com\/product\/rescue-diver\/#primaryimage\"},\"image\":{\"@id\":\"https:\/\/lykiaworlddivingcentre.com\/product\/rescue-diver\/#primaryimage\"},\"thumbnailUrl\":\"https:\/\/lykiaworlddivingcentre.com\/wp-content\/uploads\/2023\/12\/rescue-diver-4.jpg\",\"datePublished\":\"2023-12-07T11:19:28+00:00\",\"dateModified\":\"2026-02-28T10:19:11+00:00\",\"breadcrumb\":{\"@id\":\"https:\/\/lykiaworlddivingcentre.com\/product\/rescue-diver\/#breadcrumb\"},\"inLanguage\":\"tr\",\"potentialAction\":[{\"@type\":\"ReadAction\",\"target\":[\"https:\/\/lykiaworlddivingcentre.com\/product\/rescue-diver\/\"]}]},{\"@type\":\"ImageObject\",\"inLanguage\":\"tr\",\"@id\":\"https:\/\/lykiaworlddivingcentre.com\/product\/rescue-diver\/#primaryimage\",\"url\":\"https:\/\/lykiaworlddivingcentre.com\/wp-content\/uploads\/2023\/12\/rescue-diver-4.jpg\",\"contentUrl\":\"https:\/\/lykiaworlddivingcentre.com\/wp-content\/uploads\/2023\/12\/rescue-diver-4.jpg\",\"width\":1235,\"height\":695},{\"@type\":\"BreadcrumbList\",\"@id\":\"https:\/\/lykiaworlddivingcentre.com\/product\/rescue-diver\/#breadcrumb\",\"itemListElement\":[{\"@type\":\"ListItem\",\"position\":1,\"name\":\"Home\",\"item\":\"https:\/\/lykiaworlddivingcentre.com\/\"},{\"@type\":\"ListItem\",\"position\":2,\"name\":\"Shop\",\"item\":\"https:\/\/lykiaworlddivingcentre.com\/shop\/\"},{\"@type\":\"ListItem\",\"position\":3,\"name\":\"Kurtarma Dalg\u0131\u00e7l\u0131\u011f\u0131\"}]},{\"@type\":\"WebSite\",\"@id\":\"https:\/\/lykiaworlddivingcentre.com\/tr\/#website\",\"url\":\"https:\/\/lykiaworlddivingcentre.com\/tr\/\",\"name\":\"Lykia World Diving Centre | PADI 5 Star IDC | \u00d6l\u00fcdeniz - Fethiye\",\"description\":\"\",\"publisher\":{\"@id\":\"https:\/\/lykiaworlddivingcentre.com\/tr\/#organization\"},\"alternateName\":\"Lykia World Diving Centre\",\"potentialAction\":[{\"@type\":\"SearchAction\",\"target\":{\"@type\":\"EntryPoint\",\"urlTemplate\":\"https:\/\/lykiaworlddivingcentre.com\/tr\/?s={search_term_string}\"},\"query-input\":{\"@type\":\"PropertyValueSpecification\",\"valueRequired\":true,\"valueName\":\"search_term_string\"}}],\"inLanguage\":\"tr\"},{\"@type\":\"Organization\",\"@id\":\"https:\/\/lykiaworlddivingcentre.com\/tr\/#organization\",\"name\":\"Lykia World Dal\u0131\u015f Merkezi | PADI 5 Y\u0131ld\u0131z IDC | \u00d6l\u00fcdeniz - Fethiye\",\"url\":\"https:\/\/lykiaworlddivingcentre.com\/tr\/\",\"logo\":{\"@type\":\"ImageObject\",\"inLanguage\":\"tr\",\"@id\":\"https:\/\/lykiaworlddivingcentre.com\/tr\/#\/schema\/logo\/image\/\",\"url\":\"https:\/\/lykiaworlddivingcentre.com\/wp-content\/uploads\/2023\/11\/LWDC-YATAY-Logo-idc-w600.png\",\"contentUrl\":\"https:\/\/lykiaworlddivingcentre.com\/wp-content\/uploads\/2023\/11\/LWDC-YATAY-Logo-idc-w600.png\",\"width\":600,\"height\":320,\"caption\":\"Lykia World Dal\u0131\u015f Merkezi | PADI 5 Y\u0131ld\u0131z IDC | \u00d6l\u00fcdeniz - Fethiye\"},\"image\":{\"@id\":\"https:\/\/lykiaworlddivingcentre.com\/tr\/#\/schema\/logo\/image\/\"},\"sameAs\":[\"https:\/\/www.facebook.com\/lykiaworlddivingcentre\",\"https:\/\/www.instagram.com\/lykiaworld_diving_centre\/\"],\"description\":\"Our diving adventure, which started in Marmaris in 1991, has been continuing in Fethiye \u00d6l\u00fcdeniz region for the last eight years. Since the first day we entered the sector, we have strived to add a new dimension to diving and we still maintain this passion.Lykia World Diving Centre (LWDC) is a PADI 5 star Instructor Development Centre located in Oludeniz with the best dive sites in the area right at our doorstep.\",\"email\":\"info@lykiaworlddivingcentre.com\",\"telephone\":\"+90 534 388 6261\",\"legalName\":\"AquaLykia Inc.\"}]}<\/script>\n<meta property=\"product:price:amount\" content=\"439.00\" \/>\n<meta property=\"product:price:currency\" content=\"EUR\" \/>\n<meta property=\"og:availability\" content=\"instock\" \/>\n<meta property=\"product:availability\" content=\"instock\" \/>\n<meta property=\"product:condition\" content=\"new\" \/>\n<!-- \/ Yoast SEO Premium plugin. -->","yoast_head_json":{"title":"Kurtarma Dalg\u0131\u00e7l\u0131\u011f\u0131 - Lykia World Dal\u0131\u015f Merkezi | PADI 5 Y\u0131ld\u0131z IDC | \u00d6l\u00fcdeniz - Fethiye","robots":{"index":"index","follow":"follow","max-snippet":"max-snippet:-1","max-image-preview":"max-image-preview:large","max-video-preview":"max-video-preview:-1"},"canonical":"https:\/\/lykiaworlddivingcentre.com\/product\/rescue-diver\/","og_locale":"tr_TR","og_type":"article","og_title":"Kurtarma Dalg\u0131\u00e7l\u0131\u011f\u0131","og_description":"S\u00fcre: 2-3 G\u00fcn - Min. Ya\u015f: 14 Neden bu kursu almal\u0131y\u0131m?   Daha iyi bir dal\u0131\u015f arkada\u015f\u0131 olmak  Navigasyon becerilerinizi geli\u015ftirmek  Dive Master kursuna kat\u0131lma hakk\u0131na sahip ol  Nas\u0131l Yap\u0131l\u0131r?   Di\u011fer Dal\u0131c\u0131lara yard\u0131mc\u0131 olabilmek  \u0130kincil ekipman sorunlar\u0131n\u0131 gidermek  Acil Oksijen kitini kullanmak","og_url":"https:\/\/lykiaworlddivingcentre.com\/product\/rescue-diver\/","og_site_name":"Lykia World Dal\u0131\u015f Merkezi | PADI 5 Y\u0131ld\u0131z IDC | \u00d6l\u00fcdeniz - Fethiye","article_publisher":"https:\/\/www.facebook.com\/lykiaworlddivingcentre","article_modified_time":"2026-02-28T10:19:11+00:00","og_image":[{"width":1235,"height":695,"url":"https:\/\/lykiaworlddivingcentre.com\/wp-content\/uploads\/2023\/12\/rescue-diver-4.jpg","type":"image\/jpeg"}],"twitter_card":"summary_large_image","twitter_misc":{"Fiyat":"&euro;439,00","Durumu":"Stokta var"},"schema":{"@context":"https:\/\/schema.org","@graph":[{"@type":"WebPage","@id":"https:\/\/lykiaworlddivingcentre.com\/product\/rescue-diver\/","url":"https:\/\/lykiaworlddivingcentre.com\/product\/rescue-diver\/","name":"Kurtarma Dalg\u0131\u00e7l\u0131\u011f\u0131 - Lykia World Dal\u0131\u015f Merkezi | PADI 5 Y\u0131ld\u0131z IDC | \u00d6l\u00fcdeniz - Fethiye","isPartOf":{"@id":"https:\/\/lykiaworlddivingcentre.com\/tr\/#website"},"primaryImageOfPage":{"@id":"https:\/\/lykiaworlddivingcentre.com\/product\/rescue-diver\/#primaryimage"},"image":{"@id":"https:\/\/lykiaworlddivingcentre.com\/product\/rescue-diver\/#primaryimage"},"thumbnailUrl":"https:\/\/lykiaworlddivingcentre.com\/wp-content\/uploads\/2023\/12\/rescue-diver-4.jpg","datePublished":"2023-12-07T11:19:28+00:00","dateModified":"2026-02-28T10:19:11+00:00","breadcrumb":{"@id":"https:\/\/lykiaworlddivingcentre.com\/product\/rescue-diver\/#breadcrumb"},"inLanguage":"tr","potentialAction":[{"@type":"ReadAction","target":["https:\/\/lykiaworlddivingcentre.com\/product\/rescue-diver\/"]}]},{"@type":"ImageObject","inLanguage":"tr","@id":"https:\/\/lykiaworlddivingcentre.com\/product\/rescue-diver\/#primaryimage","url":"https:\/\/lykiaworlddivingcentre.com\/wp-content\/uploads\/2023\/12\/rescue-diver-4.jpg","contentUrl":"https:\/\/lykiaworlddivingcentre.com\/wp-content\/uploads\/2023\/12\/rescue-diver-4.jpg","width":1235,"height":695},{"@type":"BreadcrumbList","@id":"https:\/\/lykiaworlddivingcentre.com\/product\/rescue-diver\/#breadcrumb","itemListElement":[{"@type":"ListItem","position":1,"name":"Home","item":"https:\/\/lykiaworlddivingcentre.com\/"},{"@type":"ListItem","position":2,"name":"Shop","item":"https:\/\/lykiaworlddivingcentre.com\/shop\/"},{"@type":"ListItem","position":3,"name":"Kurtarma Dalg\u0131\u00e7l\u0131\u011f\u0131"}]},{"@type":"WebSite","@id":"https:\/\/lykiaworlddivingcentre.com\/tr\/#website","url":"https:\/\/lykiaworlddivingcentre.com\/tr\/","name":"Lykia World Diving Centre | PADI 5 Star IDC | \u00d6l\u00fcdeniz - Fethiye","description":"","publisher":{"@id":"https:\/\/lykiaworlddivingcentre.com\/tr\/#organization"},"alternateName":"Lykia World Diving Centre","potentialAction":[{"@type":"SearchAction","target":{"@type":"EntryPoint","urlTemplate":"https:\/\/lykiaworlddivingcentre.com\/tr\/?s={search_term_string}"},"query-input":{"@type":"PropertyValueSpecification","valueRequired":true,"valueName":"search_term_string"}}],"inLanguage":"tr"},{"@type":"Organization","@id":"https:\/\/lykiaworlddivingcentre.com\/tr\/#organization","name":"Lykia World Dal\u0131\u015f Merkezi | PADI 5 Y\u0131ld\u0131z IDC | \u00d6l\u00fcdeniz - Fethiye","url":"https:\/\/lykiaworlddivingcentre.com\/tr\/","logo":{"@type":"ImageObject","inLanguage":"tr","@id":"https:\/\/lykiaworlddivingcentre.com\/tr\/#\/schema\/logo\/image\/","url":"https:\/\/lykiaworlddivingcentre.com\/wp-content\/uploads\/2023\/11\/LWDC-YATAY-Logo-idc-w600.png","contentUrl":"https:\/\/lykiaworlddivingcentre.com\/wp-content\/uploads\/2023\/11\/LWDC-YATAY-Logo-idc-w600.png","width":600,"height":320,"caption":"Lykia World Dal\u0131\u015f Merkezi | PADI 5 Y\u0131ld\u0131z IDC | \u00d6l\u00fcdeniz - Fethiye"},"image":{"@id":"https:\/\/lykiaworlddivingcentre.com\/tr\/#\/schema\/logo\/image\/"},"sameAs":["https:\/\/www.facebook.com\/lykiaworlddivingcentre","https:\/\/www.instagram.com\/lykiaworld_diving_centre\/"],"description":"Our diving adventure, which started in Marmaris in 1991, has been continuing in Fethiye \u00d6l\u00fcdeniz region for the last eight years. Since the first day we entered the sector, we have strived to add a new dimension to diving and we still maintain this passion.Lykia World Diving Centre (LWDC) is a PADI 5 star Instructor Development Centre located in Oludeniz with the best dive sites in the area right at our doorstep.","email":"info@lykiaworlddivingcentre.com","telephone":"+90 534 388 6261","legalName":"AquaLykia Inc."}]},"product_price_amount":"439.00","product_price_currency":"EUR","og_availability":"instock","product_availability":"instock","product_condition":"new"},"_links":{"self":[{"href":"https:\/\/lykiaworlddivingcentre.com\/tr\/wp-json\/wp\/v2\/product\/656","targetHints":{"allow":["GET"]}}],"collection":[{"href":"https:\/\/lykiaworlddivingcentre.com\/tr\/wp-json\/wp\/v2\/product"}],"about":[{"href":"https:\/\/lykiaworlddivingcentre.com\/tr\/wp-json\/wp\/v2\/types\/product"}],"wp:featuredmedia":[{"embeddable":true,"href":"https:\/\/lykiaworlddivingcentre.com\/tr\/wp-json\/wp\/v2\/media\/168"}],"wp:attachment":[{"href":"https:\/\/lykiaworlddivingcentre.com\/tr\/wp-json\/wp\/v2\/media?parent=656"}],"wp:term":[{"taxonomy":"product_brand","embeddable":true,"href":"https:\/\/lykiaworlddivingcentre.com\/tr\/wp-json\/wp\/v2\/product_brand?post=656"},{"taxonomy":"product_cat","embeddable":true,"href":"https:\/\/lykiaworlddivingcentre.com\/tr\/wp-json\/wp\/v2\/product_cat?post=656"},{"taxonomy":"product_tag","embeddable":true,"href":"https:\/\/lykiaworlddivingcentre.com\/tr\/wp-json\/wp\/v2\/product_tag?post=656"}],"curies":[{"name":"wp","href":"https:\/\/api.w.org\/{rel}","templated":true}]}}