{"id":658,"date":"2023-12-07T13:14:27","date_gmt":"2023-12-07T10:14:27","guid":{"rendered":"https:\/\/lykiaworlddivingcentre.com\/product\/padi-advanced-open-water-diver\/"},"modified":"2026-04-04T21:05:07","modified_gmt":"2026-04-04T18:05:07","slug":"padi-advanced-open-water-diver","status":"publish","type":"product","link":"https:\/\/lykiaworlddivingcentre.com\/tr\/product\/padi-advanced-open-water-diver\/","title":{"rendered":"PADI Uzman A\u00e7\u0131k Deniz Dal\u0131c\u0131 Kursu"},"content":{"rendered":"<p>Bu kurs dal\u0131\u015f tecr\u00fcbelerinizi daha da ileri seviyeye \u00e7\u0131karman\u0131z\u0131 sa\u011flayacakt\u0131r. Bu kurs s\u00fcresince yeni dal\u0131\u015f t\u00fcrlerini \u00f6\u011frenme imkan\u0131na sahip olacaks\u0131n\u0131z (Bat\u0131k Dal\u0131\u015f\u0131, Gece Dal\u0131\u015f\u0131 ve dahas\u0131). T\u00fcm bunlar\u0131n yan\u0131 s\u0131ra Sualt\u0131 y\u00fczerlilik ve navigasyon becerilerinizi en \u00fcst seviyeye \u00e7\u0131karma imnkan\u0131n\u0131 bulacaks\u0131n\u0131z. A\u00e7\u0131k Deniz Dal\u0131c\u0131 kursuna g\u00f6re daha derine dalma imkan\u0131n\u0131za ek olarak, dal\u0131\u015f planlama konusunda da engin bilgiye sahip olacaks\u0131n\u0131z. Bu kurs sonunda 30 metreye dalma sertifikas\u0131na sahip olacaks\u0131n\u0131z.<\/p>\n<h3 class=\"fusion-responsive-typography-calculated\" data-fontsize=\"32\" data-lineheight=\"41.6px\"><b>Kurs S\u00fcreci<\/b><\/h3>\n<p>Bu kurs boyunca 5 macera dal\u0131\u015f\u0131 ger\u00e7ekle\u015ftireceksiniz. Bunlardan ikisi Derin Dal\u0131\u015f ve Sualt\u0131 Navigasyon dal\u0131\u015flar\u0131 olacakt\u0131r. Geri kalan \u00fc\u00e7 dal\u0131\u015f\u0131n\u0131z\u0131 siz kendiniz d\u00fczinelercesi i\u00e7inden se\u00e7ebilirsiniz. \u00d6rne\u011fin di\u011fer \u00fc\u00e7 dal\u0131\u015f\u0131n\u0131z\u0131 DPV, Night Dive, Bot Dal\u0131\u015f\u0131 gibi istediklerinizi se\u00e7ebilirsiniz. Teori k\u0131sm\u0131nda ise se\u00e7mi\u015f oldu\u011funuz dal\u0131\u015flar\u0131n PADI \u0130leri A\u00e7\u0131k Deniz Dal\u0131c\u0131 el kitap\u00e7\u0131\u011f\u0131 (PADI AOWD E-Learning) i\u00e7erisinde yer alan bilgilendirme b\u00f6l\u00fcmlerini \u00f6\u011frenmek olacakt\u0131r.<\/p>\n<h3 class=\"fusion-responsive-typography-calculated\" data-fontsize=\"32\" data-lineheight=\"41.6px\"><b>Ba\u015flarken<\/b><\/h3>\n<p>Ba\u015flamak i\u00e7in ilk \u00f6nce Padi \u00e7evrimi\u00e7i \u0130leri A\u00e7\u0131k Deniz Dal\u0131c\u0131 El Kitap\u00e7\u0131\u011f\u0131n\u0131 (PADI- AOWC e-Learning ) temin etmelisiniz. Se\u00e7mi\u015f oldu\u011funuz Macera Dal\u0131\u015flar\u0131 ile ilgili b\u00f6l\u00fcmleri \u00e7al\u0131\u015fman\u0131z gerekmektedir..<\/p>\n<h5><strong>&gt;<\/strong><a title=\"PADI El kitap\u00e7\u0131\u011f\u0131n\u0131z\u0131 al\u0131n\u0131z\" href=\"https:\/\/www.padi.com\/courses\/advanced-open-water\" target=\"_blank\" rel=\"noopener\"><strong>PADI El kitap\u00e7\u0131\u011f\u0131n\u0131z\u0131 al\u0131n\u0131z<\/strong><\/a><\/h5>\n","protected":false},"excerpt":{"rendered":"<h2>S\u00fcre: 2 G\u00fcn \/ 5 Dal\u0131\u015f &#8211; Min. Ya\u015f: 12<\/h2>\n<h4>Neden bu kursu almal\u0131y\u0131m?<\/h4>\n<ul>\n<li>Daha fazla Dal\u0131\u015f tecr\u00fcbesine sahip olmak<\/li>\n<li>Farkl\u0131 dal\u0131\u015f \u015fekillerini \u00f6\u011frenmek<\/li>\n<li>Maksimum 40m\/130ft derinli\u011fe dal\u0131n<\/li>\n<li>Navigasyon becerilerinizi geli\u015ftirmek<\/li>\n<\/ul>\n<h4>Nas\u0131l Yap\u0131l\u0131r?<\/h4>\n<ul>\n<li>Kendinden emin ve yetenekli bir dalg\u0131\u00e7 olun<\/li>\n<li>Y\u00fczerli\u011finizi ayarlay\u0131n<\/li>\n<li>Gece sualt\u0131 navigasyonu<\/li>\n<li>Deniz ya\u015fam\u0131n\u0131n foto\u011fraflar\u0131n\u0131 \u00e7ekin<\/li>\n<li>N\u00f6tr y\u00fczerlilik kazanmak<\/li>\n<li>Zahmetsizce gezinme, sal\u0131n\u0131m<\/li>\n<li>Do\u011fru miktarda a\u011f\u0131rl\u0131k kullan\u0131m\u0131<\/li>\n<\/ul>\n","protected":false},"featured_media":164,"template":"","meta":[],"product_brand":[],"product_cat":[40,38],"product_tag":[],"class_list":{"0":"post-658","1":"product","2":"type-product","3":"status-publish","4":"has-post-thumbnail","6":"product_cat-egitime-devam","7":"product_cat-tuplu-dalis-kurslari","9":"first","10":"instock","11":"sold-individually","12":"shipping-taxable","13":"product-type-simple"},"yoast_head":"<!-- This site is optimized with the Yoast SEO Premium plugin v22.1 (Yoast SEO v27.0) - https:\/\/yoast.com\/product\/yoast-seo-premium-wordpress\/ -->\n<title>PADI Uzman A\u00e7\u0131k Deniz Dal\u0131c\u0131 Kursu - Lykia World Dal\u0131\u015f Merkezi | PADI 5 Y\u0131ld\u0131z IDC | \u00d6l\u00fcdeniz - Fethiye<\/title>\n<meta name=\"robots\" content=\"index, follow, max-snippet:-1, max-image-preview:large, max-video-preview:-1\" \/>\n<link rel=\"canonical\" href=\"https:\/\/lykiaworlddivingcentre.com\/tr\/product\/padi-advanced-open-water-diver\/\" \/>\n<meta property=\"og:locale\" content=\"tr_TR\" \/>\n<meta property=\"og:type\" content=\"article\" \/>\n<meta property=\"og:title\" content=\"PADI Uzman A\u00e7\u0131k Deniz Dal\u0131c\u0131 Kursu\" \/>\n<meta property=\"og:description\" content=\"S\u00fcre: 2 G\u00fcn \/ 5 Dal\u0131\u015f - Min. Ya\u015f: 12 Neden bu kursu almal\u0131y\u0131m?   Daha fazla Dal\u0131\u015f tecr\u00fcbesine sahip olmak  Farkl\u0131 dal\u0131\u015f \u015fekillerini \u00f6\u011frenmek  Maksimum 40m\/130ft derinli\u011fe dal\u0131n  Navigasyon becerilerinizi geli\u015ftirmek  Nas\u0131l Yap\u0131l\u0131r?   Kendinden emin ve yetenekli bir dalg\u0131\u00e7 olun  Y\u00fczerli\u011finizi ayarlay\u0131n  Gece sualt\u0131 navigasyonu  Deniz ya\u015fam\u0131n\u0131n foto\u011fraflar\u0131n\u0131 \u00e7ekin  N\u00f6tr y\u00fczerlilik kazanmak  Zahmetsizce gezinme, sal\u0131n\u0131m  Do\u011fru miktarda a\u011f\u0131rl\u0131k kullan\u0131m\u0131\" \/>\n<meta property=\"og:url\" content=\"https:\/\/lykiaworlddivingcentre.com\/tr\/product\/padi-advanced-open-water-diver\/\" \/>\n<meta property=\"og:site_name\" content=\"Lykia World Dal\u0131\u015f Merkezi | PADI 5 Y\u0131ld\u0131z IDC | \u00d6l\u00fcdeniz - Fethiye\" \/>\n<meta property=\"article:publisher\" content=\"https:\/\/www.facebook.com\/lykiaworlddivingcentre\" \/>\n<meta property=\"article:modified_time\" content=\"2026-04-04T18:05:07+00:00\" \/>\n<meta property=\"og:image\" content=\"https:\/\/lykiaworlddivingcentre.com\/wp-content\/uploads\/2023\/12\/DJI_0206-copy.jpg\" \/>\n\t<meta property=\"og:image:width\" content=\"1374\" \/>\n\t<meta property=\"og:image:height\" content=\"2000\" \/>\n\t<meta property=\"og:image:type\" content=\"image\/jpeg\" \/>\n<meta name=\"twitter:card\" content=\"summary_large_image\" \/>\n<meta name=\"twitter:label1\" content=\"Fiyat\" \/>\n\t<meta name=\"twitter:data1\" content=\"&euro;329,00\" \/>\n\t<meta name=\"twitter:label2\" content=\"Durumu\" \/>\n\t<meta name=\"twitter:data2\" content=\"Stokta var\" \/>\n<script type=\"application\/ld+json\" class=\"yoast-schema-graph\">{\"@context\":\"https:\/\/schema.org\",\"@graph\":[{\"@type\":\"WebPage\",\"@id\":\"https:\/\/lykiaworlddivingcentre.com\/tr\/product\/padi-advanced-open-water-diver\/\",\"url\":\"https:\/\/lykiaworlddivingcentre.com\/tr\/product\/padi-advanced-open-water-diver\/\",\"name\":\"PADI Uzman A\u00e7\u0131k Deniz Dal\u0131c\u0131 Kursu - Lykia World Dal\u0131\u015f Merkezi | PADI 5 Y\u0131ld\u0131z IDC | \u00d6l\u00fcdeniz - Fethiye\",\"isPartOf\":{\"@id\":\"https:\/\/lykiaworlddivingcentre.com\/tr\/#website\"},\"primaryImageOfPage\":{\"@id\":\"https:\/\/lykiaworlddivingcentre.com\/tr\/product\/padi-advanced-open-water-diver\/#primaryimage\"},\"image\":{\"@id\":\"https:\/\/lykiaworlddivingcentre.com\/tr\/product\/padi-advanced-open-water-diver\/#primaryimage\"},\"thumbnailUrl\":\"https:\/\/lykiaworlddivingcentre.com\/wp-content\/uploads\/2023\/12\/DJI_0206-copy.jpg\",\"datePublished\":\"2023-12-07T10:14:27+00:00\",\"dateModified\":\"2026-04-04T18:05:07+00:00\",\"breadcrumb\":{\"@id\":\"https:\/\/lykiaworlddivingcentre.com\/tr\/product\/padi-advanced-open-water-diver\/#breadcrumb\"},\"inLanguage\":\"tr\",\"potentialAction\":[{\"@type\":\"ReadAction\",\"target\":[\"https:\/\/lykiaworlddivingcentre.com\/tr\/product\/padi-advanced-open-water-diver\/\"]}]},{\"@type\":\"ImageObject\",\"inLanguage\":\"tr\",\"@id\":\"https:\/\/lykiaworlddivingcentre.com\/tr\/product\/padi-advanced-open-water-diver\/#primaryimage\",\"url\":\"https:\/\/lykiaworlddivingcentre.com\/wp-content\/uploads\/2023\/12\/DJI_0206-copy.jpg\",\"contentUrl\":\"https:\/\/lykiaworlddivingcentre.com\/wp-content\/uploads\/2023\/12\/DJI_0206-copy.jpg\",\"width\":1374,\"height\":2000,\"caption\":\"default\"},{\"@type\":\"BreadcrumbList\",\"@id\":\"https:\/\/lykiaworlddivingcentre.com\/tr\/product\/padi-advanced-open-water-diver\/#breadcrumb\",\"itemListElement\":[{\"@type\":\"ListItem\",\"position\":1,\"name\":\"Home\",\"item\":\"https:\/\/lykiaworlddivingcentre.com\/\"},{\"@type\":\"ListItem\",\"position\":2,\"name\":\"Shop\",\"item\":\"https:\/\/lykiaworlddivingcentre.com\/shop\/\"},{\"@type\":\"ListItem\",\"position\":3,\"name\":\"PADI Uzman A\u00e7\u0131k Deniz Dal\u0131c\u0131 Kursu\"}]},{\"@type\":\"WebSite\",\"@id\":\"https:\/\/lykiaworlddivingcentre.com\/tr\/#website\",\"url\":\"https:\/\/lykiaworlddivingcentre.com\/tr\/\",\"name\":\"Lykia World Diving Centre | PADI 5 Star IDC | \u00d6l\u00fcdeniz - Fethiye\",\"description\":\"\",\"publisher\":{\"@id\":\"https:\/\/lykiaworlddivingcentre.com\/tr\/#organization\"},\"alternateName\":\"Lykia World Diving Centre\",\"potentialAction\":[{\"@type\":\"SearchAction\",\"target\":{\"@type\":\"EntryPoint\",\"urlTemplate\":\"https:\/\/lykiaworlddivingcentre.com\/tr\/?s={search_term_string}\"},\"query-input\":{\"@type\":\"PropertyValueSpecification\",\"valueRequired\":true,\"valueName\":\"search_term_string\"}}],\"inLanguage\":\"tr\"},{\"@type\":\"Organization\",\"@id\":\"https:\/\/lykiaworlddivingcentre.com\/tr\/#organization\",\"name\":\"Lykia World Dal\u0131\u015f Merkezi | PADI 5 Y\u0131ld\u0131z IDC | \u00d6l\u00fcdeniz - Fethiye\",\"url\":\"https:\/\/lykiaworlddivingcentre.com\/tr\/\",\"logo\":{\"@type\":\"ImageObject\",\"inLanguage\":\"tr\",\"@id\":\"https:\/\/lykiaworlddivingcentre.com\/tr\/#\/schema\/logo\/image\/\",\"url\":\"https:\/\/lykiaworlddivingcentre.com\/wp-content\/uploads\/2023\/11\/LWDC-YATAY-Logo-idc-w600.png\",\"contentUrl\":\"https:\/\/lykiaworlddivingcentre.com\/wp-content\/uploads\/2023\/11\/LWDC-YATAY-Logo-idc-w600.png\",\"width\":600,\"height\":320,\"caption\":\"Lykia World Dal\u0131\u015f Merkezi | PADI 5 Y\u0131ld\u0131z IDC | \u00d6l\u00fcdeniz - Fethiye\"},\"image\":{\"@id\":\"https:\/\/lykiaworlddivingcentre.com\/tr\/#\/schema\/logo\/image\/\"},\"sameAs\":[\"https:\/\/www.facebook.com\/lykiaworlddivingcentre\",\"https:\/\/www.instagram.com\/lykiaworld_diving_centre\/\"],\"description\":\"Our diving adventure, which started in Marmaris in 1991, has been continuing in Fethiye \u00d6l\u00fcdeniz region for the last eight years. Since the first day we entered the sector, we have strived to add a new dimension to diving and we still maintain this passion.Lykia World Diving Centre (LWDC) is a PADI 5 star Instructor Development Centre located in Oludeniz with the best dive sites in the area right at our doorstep.\",\"email\":\"info@lykiaworlddivingcentre.com\",\"telephone\":\"+90 534 388 6261\",\"legalName\":\"AquaLykia Inc.\"}]}<\/script>\n<meta property=\"product:price:amount\" content=\"329.00\" \/>\n<meta property=\"product:price:currency\" content=\"EUR\" \/>\n<meta property=\"og:availability\" content=\"instock\" \/>\n<meta property=\"product:availability\" content=\"instock\" \/>\n<meta property=\"product:condition\" content=\"new\" \/>\n<!-- \/ Yoast SEO Premium plugin. -->","yoast_head_json":{"title":"PADI Uzman A\u00e7\u0131k Deniz Dal\u0131c\u0131 Kursu - Lykia World Dal\u0131\u015f Merkezi | PADI 5 Y\u0131ld\u0131z IDC | \u00d6l\u00fcdeniz - Fethiye","robots":{"index":"index","follow":"follow","max-snippet":"max-snippet:-1","max-image-preview":"max-image-preview:large","max-video-preview":"max-video-preview:-1"},"canonical":"https:\/\/lykiaworlddivingcentre.com\/tr\/product\/padi-advanced-open-water-diver\/","og_locale":"tr_TR","og_type":"article","og_title":"PADI Uzman A\u00e7\u0131k Deniz Dal\u0131c\u0131 Kursu","og_description":"S\u00fcre: 2 G\u00fcn \/ 5 Dal\u0131\u015f - Min. Ya\u015f: 12 Neden bu kursu almal\u0131y\u0131m?   Daha fazla Dal\u0131\u015f tecr\u00fcbesine sahip olmak  Farkl\u0131 dal\u0131\u015f \u015fekillerini \u00f6\u011frenmek  Maksimum 40m\/130ft derinli\u011fe dal\u0131n  Navigasyon becerilerinizi geli\u015ftirmek  Nas\u0131l Yap\u0131l\u0131r?   Kendinden emin ve yetenekli bir dalg\u0131\u00e7 olun  Y\u00fczerli\u011finizi ayarlay\u0131n  Gece sualt\u0131 navigasyonu  Deniz ya\u015fam\u0131n\u0131n foto\u011fraflar\u0131n\u0131 \u00e7ekin  N\u00f6tr y\u00fczerlilik kazanmak  Zahmetsizce gezinme, sal\u0131n\u0131m  Do\u011fru miktarda a\u011f\u0131rl\u0131k kullan\u0131m\u0131","og_url":"https:\/\/lykiaworlddivingcentre.com\/tr\/product\/padi-advanced-open-water-diver\/","og_site_name":"Lykia World Dal\u0131\u015f Merkezi | PADI 5 Y\u0131ld\u0131z IDC | \u00d6l\u00fcdeniz - Fethiye","article_publisher":"https:\/\/www.facebook.com\/lykiaworlddivingcentre","article_modified_time":"2026-04-04T18:05:07+00:00","og_image":[{"width":1374,"height":2000,"url":"https:\/\/lykiaworlddivingcentre.com\/wp-content\/uploads\/2023\/12\/DJI_0206-copy.jpg","type":"image\/jpeg"}],"twitter_card":"summary_large_image","twitter_misc":{"Fiyat":"&euro;329,00","Durumu":"Stokta var"},"schema":{"@context":"https:\/\/schema.org","@graph":[{"@type":"WebPage","@id":"https:\/\/lykiaworlddivingcentre.com\/tr\/product\/padi-advanced-open-water-diver\/","url":"https:\/\/lykiaworlddivingcentre.com\/tr\/product\/padi-advanced-open-water-diver\/","name":"PADI Uzman A\u00e7\u0131k Deniz Dal\u0131c\u0131 Kursu - Lykia World Dal\u0131\u015f Merkezi | PADI 5 Y\u0131ld\u0131z IDC | \u00d6l\u00fcdeniz - Fethiye","isPartOf":{"@id":"https:\/\/lykiaworlddivingcentre.com\/tr\/#website"},"primaryImageOfPage":{"@id":"https:\/\/lykiaworlddivingcentre.com\/tr\/product\/padi-advanced-open-water-diver\/#primaryimage"},"image":{"@id":"https:\/\/lykiaworlddivingcentre.com\/tr\/product\/padi-advanced-open-water-diver\/#primaryimage"},"thumbnailUrl":"https:\/\/lykiaworlddivingcentre.com\/wp-content\/uploads\/2023\/12\/DJI_0206-copy.jpg","datePublished":"2023-12-07T10:14:27+00:00","dateModified":"2026-04-04T18:05:07+00:00","breadcrumb":{"@id":"https:\/\/lykiaworlddivingcentre.com\/tr\/product\/padi-advanced-open-water-diver\/#breadcrumb"},"inLanguage":"tr","potentialAction":[{"@type":"ReadAction","target":["https:\/\/lykiaworlddivingcentre.com\/tr\/product\/padi-advanced-open-water-diver\/"]}]},{"@type":"ImageObject","inLanguage":"tr","@id":"https:\/\/lykiaworlddivingcentre.com\/tr\/product\/padi-advanced-open-water-diver\/#primaryimage","url":"https:\/\/lykiaworlddivingcentre.com\/wp-content\/uploads\/2023\/12\/DJI_0206-copy.jpg","contentUrl":"https:\/\/lykiaworlddivingcentre.com\/wp-content\/uploads\/2023\/12\/DJI_0206-copy.jpg","width":1374,"height":2000,"caption":"default"},{"@type":"BreadcrumbList","@id":"https:\/\/lykiaworlddivingcentre.com\/tr\/product\/padi-advanced-open-water-diver\/#breadcrumb","itemListElement":[{"@type":"ListItem","position":1,"name":"Home","item":"https:\/\/lykiaworlddivingcentre.com\/"},{"@type":"ListItem","position":2,"name":"Shop","item":"https:\/\/lykiaworlddivingcentre.com\/shop\/"},{"@type":"ListItem","position":3,"name":"PADI Uzman A\u00e7\u0131k Deniz Dal\u0131c\u0131 Kursu"}]},{"@type":"WebSite","@id":"https:\/\/lykiaworlddivingcentre.com\/tr\/#website","url":"https:\/\/lykiaworlddivingcentre.com\/tr\/","name":"Lykia World Diving Centre | PADI 5 Star IDC | \u00d6l\u00fcdeniz - Fethiye","description":"","publisher":{"@id":"https:\/\/lykiaworlddivingcentre.com\/tr\/#organization"},"alternateName":"Lykia World Diving Centre","potentialAction":[{"@type":"SearchAction","target":{"@type":"EntryPoint","urlTemplate":"https:\/\/lykiaworlddivingcentre.com\/tr\/?s={search_term_string}"},"query-input":{"@type":"PropertyValueSpecification","valueRequired":true,"valueName":"search_term_string"}}],"inLanguage":"tr"},{"@type":"Organization","@id":"https:\/\/lykiaworlddivingcentre.com\/tr\/#organization","name":"Lykia World Dal\u0131\u015f Merkezi | PADI 5 Y\u0131ld\u0131z IDC | \u00d6l\u00fcdeniz - Fethiye","url":"https:\/\/lykiaworlddivingcentre.com\/tr\/","logo":{"@type":"ImageObject","inLanguage":"tr","@id":"https:\/\/lykiaworlddivingcentre.com\/tr\/#\/schema\/logo\/image\/","url":"https:\/\/lykiaworlddivingcentre.com\/wp-content\/uploads\/2023\/11\/LWDC-YATAY-Logo-idc-w600.png","contentUrl":"https:\/\/lykiaworlddivingcentre.com\/wp-content\/uploads\/2023\/11\/LWDC-YATAY-Logo-idc-w600.png","width":600,"height":320,"caption":"Lykia World Dal\u0131\u015f Merkezi | PADI 5 Y\u0131ld\u0131z IDC | \u00d6l\u00fcdeniz - Fethiye"},"image":{"@id":"https:\/\/lykiaworlddivingcentre.com\/tr\/#\/schema\/logo\/image\/"},"sameAs":["https:\/\/www.facebook.com\/lykiaworlddivingcentre","https:\/\/www.instagram.com\/lykiaworld_diving_centre\/"],"description":"Our diving adventure, which started in Marmaris in 1991, has been continuing in Fethiye \u00d6l\u00fcdeniz region for the last eight years. Since the first day we entered the sector, we have strived to add a new dimension to diving and we still maintain this passion.Lykia World Diving Centre (LWDC) is a PADI 5 star Instructor Development Centre located in Oludeniz with the best dive sites in the area right at our doorstep.","email":"info@lykiaworlddivingcentre.com","telephone":"+90 534 388 6261","legalName":"AquaLykia Inc."}]},"product_price_amount":"329.00","product_price_currency":"EUR","og_availability":"instock","product_availability":"instock","product_condition":"new"},"_links":{"self":[{"href":"https:\/\/lykiaworlddivingcentre.com\/tr\/wp-json\/wp\/v2\/product\/658","targetHints":{"allow":["GET"]}}],"collection":[{"href":"https:\/\/lykiaworlddivingcentre.com\/tr\/wp-json\/wp\/v2\/product"}],"about":[{"href":"https:\/\/lykiaworlddivingcentre.com\/tr\/wp-json\/wp\/v2\/types\/product"}],"wp:featuredmedia":[{"embeddable":true,"href":"https:\/\/lykiaworlddivingcentre.com\/tr\/wp-json\/wp\/v2\/media\/164"}],"wp:attachment":[{"href":"https:\/\/lykiaworlddivingcentre.com\/tr\/wp-json\/wp\/v2\/media?parent=658"}],"wp:term":[{"taxonomy":"product_brand","embeddable":true,"href":"https:\/\/lykiaworlddivingcentre.com\/tr\/wp-json\/wp\/v2\/product_brand?post=658"},{"taxonomy":"product_cat","embeddable":true,"href":"https:\/\/lykiaworlddivingcentre.com\/tr\/wp-json\/wp\/v2\/product_cat?post=658"},{"taxonomy":"product_tag","embeddable":true,"href":"https:\/\/lykiaworlddivingcentre.com\/tr\/wp-json\/wp\/v2\/product_tag?post=658"}],"curies":[{"name":"wp","href":"https:\/\/api.w.org\/{rel}","templated":true}]}}