{"id":660,"date":"2023-12-07T12:10:55","date_gmt":"2023-12-07T09:10:55","guid":{"rendered":"https:\/\/lykiaworlddivingcentre.com\/product\/padi-open-water-diver\/"},"modified":"2026-04-04T21:05:58","modified_gmt":"2026-04-04T18:05:58","slug":"padi-open-water-diver","status":"publish","type":"product","link":"https:\/\/lykiaworlddivingcentre.com\/tr\/product\/padi-open-water-diver\/","title":{"rendered":"PADI A\u00e7\u0131k Deniz Dal\u0131c\u0131 Kursu"},"content":{"rendered":"<p>Bu kurs esnas\u0131nda sualt\u0131n\u0131 ke\u015ffetmek i\u00e7in gerekli temel prosed\u00fcrleri \u00f6\u011frenmi\u015f olacaks\u0131n\u0131z. Bu program 3 g\u00fcn s\u00fcrmekte, ve iki a\u015famadan olu\u015fmaktad\u0131r. Teori a\u015famas\u0131nda PADI taraf\u0131ndan haz\u0131rlanm\u0131\u015f Padi A\u00e7\u0131kdeniz Dal\u0131c\u0131 \u00e7evrimi\u00e7i e-kitap\u00e7\u0131\u011f\u0131dan (PADI Open Water E-Learning) sorumlu olacaks\u0131n\u0131z. Bu el kitab\u0131nda bir dal\u0131c\u0131n\u0131n bilmesi gereken temel prensipleri \u00f6\u011frenmi\u015f olacaks\u0131n\u0131z. Pratik a\u015famada ise e\u011fitmeniniz rehberli\u011finde temel dal\u0131\u015f becerilerini \u00f6\u011frenecek ve g\u00fcvenli bir \u015fekilde dal\u0131\u015f\u0131n keyfini \u00e7\u0131karacaks\u0131n\u0131z. Bu kurs sonunda sertifikal\u0131 bir dalg\u0131\u00e7 olarak 18 metreye kadar dalma imkan\u0131na sahip olacaks\u0131n\u0131z.<\/p>\n<h3 class=\"fusion-responsive-typography-calculated\" data-fontsize=\"32\" data-lineheight=\"41.6px\"><strong>Kurs S\u00fcreci<\/strong><\/h3>\n<p>Teori a\u015famas\u0131nda kendi ba\u015f\u0131n\u0131za veya E\u011fitmeninizle birlikte Padi A\u00e7\u0131k deniz Dal\u0131c\u0131 el kitap\u00e7\u0131\u011f\u0131n\u0131n kapsad\u0131\u011f\u0131 t\u00fcm konular\u0131 s\u0131n\u0131f ortam\u0131nda \u00f6\u011freneceksiniz.<br \/>\nPratik a\u015famas\u0131nda ise E\u011fitmeninizin rehberli\u011finde temel dal\u0131\u015f becerileri, suya giri\u015f ve \u00e7\u0131k\u0131\u015f tekniklerini, \u00e7evresel fark\u0131ndal\u0131k konular\u0131n\u0131 \u00f6\u011freneceksiniz.<\/p>\n<h3 class=\"fusion-responsive-typography-calculated\" data-fontsize=\"32\" data-lineheight=\"41.6px\"><strong>\u015eartlar<\/strong><\/h3>\n<ul>\n<li>Minimum 12 ya\u015f\u0131nda olmal\u0131.<\/li>\n<li>Temel y\u00fczme becerileri<\/li>\n<li>Dal\u0131\u015fa engel bir sa\u011fl\u0131k sorunu bulunmamak<\/li>\n<li>Daha \u00f6nce dal\u0131\u015f deneyiminizin olmas\u0131 gerekmez.<\/li>\n<\/ul>\n<h3 class=\"fusion-responsive-typography-calculated\" data-fontsize=\"32\" data-lineheight=\"41.6px\"><strong>Kullan\u0131lan Lisanlar<\/strong><\/h3>\n<p>Kurs veren e\u011fitmenlerimizin E\u011fitim esnas\u0131nda kulland\u0131klar\u0131 di\u011fer lisanlar i\u00e7in l\u00fctfen bizimle temasa ge\u00e7iniz<\/p>\n<h3 class=\"fusion-responsive-typography-calculated\" data-fontsize=\"32\" data-lineheight=\"41.6px\"><strong>Ba\u015flarken<\/strong><\/h3>\n<p>Ba\u015flamak i\u00e7in ilk \u00f6nce Padi \u00e7evrimi\u00e7i El Kitap\u00e7\u0131\u011f\u0131n\u0131 (PADI e-Learning ) edinmeniz gerekmektedir. Evinizde bile \u00e7al\u0131\u015fabilece\u011finiz El kitap\u00e7\u0131\u011f\u0131nda tak\u0131ld\u0131\u011f\u0131n\u0131z t\u00fcm konularda e\u011fitmeninizden her zaman yard\u0131m alabilirsiniz. Pratik a\u015famas\u0131na ge\u00e7ti\u011finizde e\u011fitmeniniz her ad\u0131mda sizinle birlikte olacakt\u0131r.<\/p>\n<h5><strong>&gt;<a title=\"PADI El kitap\u00e7\u0131\u011f\u0131n\u0131z\u0131 al\u0131n\u0131z\" href=\"https:\/\/www.padi.com\/courses\/open-water-diver\" target=\"_blank\" rel=\"noopener\">PADI El kitap\u00e7\u0131\u011f\u0131n\u0131z\u0131 al\u0131n\u0131z<\/a><\/strong><\/h5>\n","protected":false},"excerpt":{"rendered":"<h2>S\u00fcre: 3 G\u00fcn &#8211; Min. Ya\u015f: 12<\/h2>\n<h4>Neden bu kursu almal\u0131y\u0131m?<\/h4>\n<ul>\n<li>Gezegenimizin geri kalan y\u00fczde 70&#8217;ini ke\u015ffedin<\/li>\n<li>Denizlerin korunmas\u0131n\u0131 desteklemek<\/li>\n<li>Hi\u00e7bir zaman g\u00f6remediklerini deneyimle<\/li>\n<li>Bir t\u00fcpl\u00fc dal\u0131\u015f uzman\u0131ndan \u00f6\u011frenin<\/li>\n<li>D\u00fcnyan\u0131n en tan\u0131nm\u0131\u015f scuba sertifikas\u0131na sahip olun<\/li>\n<\/ul>\n<h4>Nas\u0131l Yap\u0131l\u0131r?<\/h4>\n<ul>\n<li>Kendinden emin ve yetenekli bir dalg\u0131\u00e7 olun<\/li>\n<li>Dal\u0131\u015f ekipman\u0131n\u0131n haz\u0131rl\u0131\u011f\u0131 ve kullan\u0131m\u0131<\/li>\n<li>Y\u00fczerlili\u011finizi ayarlay\u0131n<\/li>\n<li>Deniz ya\u015fam\u0131na sayg\u0131yla yakla\u015f\u0131n<\/li>\n<li>Yayg\u0131n sorunlar\u0131n \u00fcstesinden gelmeyi \u00f6\u011frenin<\/li>\n<\/ul>\n","protected":false},"featured_media":160,"template":"","meta":[],"product_brand":[],"product_cat":[38,39],"product_tag":[],"class_list":{"0":"post-660","1":"product","2":"type-product","3":"status-publish","4":"has-post-thumbnail","6":"product_cat-tuplu-dalis-kurslari","7":"product_cat-yeni-baslayanlar","9":"first","10":"instock","11":"sold-individually","12":"shipping-taxable","13":"product-type-simple"},"yoast_head":"<!-- This site is optimized with the Yoast SEO Premium plugin v22.1 (Yoast SEO v27.0) - https:\/\/yoast.com\/product\/yoast-seo-premium-wordpress\/ -->\n<title>PADI A\u00e7\u0131k Deniz Dal\u0131c\u0131 Kursu - Lykia World Dal\u0131\u015f Merkezi | PADI 5 Y\u0131ld\u0131z IDC | \u00d6l\u00fcdeniz - Fethiye<\/title>\n<meta name=\"robots\" content=\"index, follow, max-snippet:-1, max-image-preview:large, max-video-preview:-1\" \/>\n<link rel=\"canonical\" href=\"https:\/\/lykiaworlddivingcentre.com\/tr\/product\/padi-open-water-diver\/\" \/>\n<meta property=\"og:locale\" content=\"tr_TR\" \/>\n<meta property=\"og:type\" content=\"article\" \/>\n<meta property=\"og:title\" content=\"PADI A\u00e7\u0131k Deniz Dal\u0131c\u0131 Kursu\" \/>\n<meta property=\"og:description\" content=\"S\u00fcre: 3 G\u00fcn - Min. Ya\u015f: 12 Neden bu kursu almal\u0131y\u0131m?   Gezegenimizin geri kalan y\u00fczde 70&#039;ini ke\u015ffedin  Denizlerin korunmas\u0131n\u0131 desteklemek  Hi\u00e7bir zaman g\u00f6remediklerini deneyimle  Bir t\u00fcpl\u00fc dal\u0131\u015f uzman\u0131ndan \u00f6\u011frenin  D\u00fcnyan\u0131n en tan\u0131nm\u0131\u015f scuba sertifikas\u0131na sahip olun  Nas\u0131l Yap\u0131l\u0131r?   Kendinden emin ve yetenekli bir dalg\u0131\u00e7 olun  Dal\u0131\u015f ekipman\u0131n\u0131n haz\u0131rl\u0131\u011f\u0131 ve kullan\u0131m\u0131  Y\u00fczerlili\u011finizi ayarlay\u0131n  Deniz ya\u015fam\u0131na sayg\u0131yla yakla\u015f\u0131n  Yayg\u0131n sorunlar\u0131n \u00fcstesinden gelmeyi \u00f6\u011frenin\" \/>\n<meta property=\"og:url\" content=\"https:\/\/lykiaworlddivingcentre.com\/tr\/product\/padi-open-water-diver\/\" \/>\n<meta property=\"og:site_name\" content=\"Lykia World Dal\u0131\u015f Merkezi | PADI 5 Y\u0131ld\u0131z IDC | \u00d6l\u00fcdeniz - Fethiye\" \/>\n<meta property=\"article:publisher\" content=\"https:\/\/www.facebook.com\/lykiaworlddivingcentre\" \/>\n<meta property=\"article:modified_time\" content=\"2026-04-04T18:05:58+00:00\" \/>\n<meta property=\"og:image\" content=\"https:\/\/lykiaworlddivingcentre.com\/wp-content\/uploads\/2023\/12\/GOPR7054-copy.jpg\" \/>\n\t<meta property=\"og:image:width\" content=\"2000\" \/>\n\t<meta property=\"og:image:height\" content=\"1500\" \/>\n\t<meta property=\"og:image:type\" content=\"image\/jpeg\" \/>\n<meta name=\"twitter:card\" content=\"summary_large_image\" \/>\n<meta name=\"twitter:label1\" content=\"Fiyat\" \/>\n\t<meta name=\"twitter:data1\" content=\"&euro;505,00\" \/>\n\t<meta name=\"twitter:label2\" content=\"Durumu\" \/>\n\t<meta name=\"twitter:data2\" content=\"Stokta var\" \/>\n<script type=\"application\/ld+json\" class=\"yoast-schema-graph\">{\"@context\":\"https:\/\/schema.org\",\"@graph\":[{\"@type\":\"WebPage\",\"@id\":\"https:\/\/lykiaworlddivingcentre.com\/tr\/product\/padi-open-water-diver\/\",\"url\":\"https:\/\/lykiaworlddivingcentre.com\/tr\/product\/padi-open-water-diver\/\",\"name\":\"PADI A\u00e7\u0131k Deniz Dal\u0131c\u0131 Kursu - Lykia World Dal\u0131\u015f Merkezi | PADI 5 Y\u0131ld\u0131z IDC | \u00d6l\u00fcdeniz - Fethiye\",\"isPartOf\":{\"@id\":\"https:\/\/lykiaworlddivingcentre.com\/tr\/#website\"},\"primaryImageOfPage\":{\"@id\":\"https:\/\/lykiaworlddivingcentre.com\/tr\/product\/padi-open-water-diver\/#primaryimage\"},\"image\":{\"@id\":\"https:\/\/lykiaworlddivingcentre.com\/tr\/product\/padi-open-water-diver\/#primaryimage\"},\"thumbnailUrl\":\"https:\/\/lykiaworlddivingcentre.com\/wp-content\/uploads\/2023\/12\/GOPR7054-copy.jpg\",\"datePublished\":\"2023-12-07T09:10:55+00:00\",\"dateModified\":\"2026-04-04T18:05:58+00:00\",\"breadcrumb\":{\"@id\":\"https:\/\/lykiaworlddivingcentre.com\/tr\/product\/padi-open-water-diver\/#breadcrumb\"},\"inLanguage\":\"tr\",\"potentialAction\":[{\"@type\":\"ReadAction\",\"target\":[\"https:\/\/lykiaworlddivingcentre.com\/tr\/product\/padi-open-water-diver\/\"]}]},{\"@type\":\"ImageObject\",\"inLanguage\":\"tr\",\"@id\":\"https:\/\/lykiaworlddivingcentre.com\/tr\/product\/padi-open-water-diver\/#primaryimage\",\"url\":\"https:\/\/lykiaworlddivingcentre.com\/wp-content\/uploads\/2023\/12\/GOPR7054-copy.jpg\",\"contentUrl\":\"https:\/\/lykiaworlddivingcentre.com\/wp-content\/uploads\/2023\/12\/GOPR7054-copy.jpg\",\"width\":2000,\"height\":1500,\"caption\":\"DCIM100GOPROGOPR7054.JPG\"},{\"@type\":\"BreadcrumbList\",\"@id\":\"https:\/\/lykiaworlddivingcentre.com\/tr\/product\/padi-open-water-diver\/#breadcrumb\",\"itemListElement\":[{\"@type\":\"ListItem\",\"position\":1,\"name\":\"Home\",\"item\":\"https:\/\/lykiaworlddivingcentre.com\/\"},{\"@type\":\"ListItem\",\"position\":2,\"name\":\"Shop\",\"item\":\"https:\/\/lykiaworlddivingcentre.com\/shop\/\"},{\"@type\":\"ListItem\",\"position\":3,\"name\":\"PADI A\u00e7\u0131k Deniz Dal\u0131c\u0131 Kursu\"}]},{\"@type\":\"WebSite\",\"@id\":\"https:\/\/lykiaworlddivingcentre.com\/tr\/#website\",\"url\":\"https:\/\/lykiaworlddivingcentre.com\/tr\/\",\"name\":\"Lykia World Diving Centre | PADI 5 Star IDC | \u00d6l\u00fcdeniz - Fethiye\",\"description\":\"\",\"publisher\":{\"@id\":\"https:\/\/lykiaworlddivingcentre.com\/tr\/#organization\"},\"alternateName\":\"Lykia World Diving Centre\",\"potentialAction\":[{\"@type\":\"SearchAction\",\"target\":{\"@type\":\"EntryPoint\",\"urlTemplate\":\"https:\/\/lykiaworlddivingcentre.com\/tr\/?s={search_term_string}\"},\"query-input\":{\"@type\":\"PropertyValueSpecification\",\"valueRequired\":true,\"valueName\":\"search_term_string\"}}],\"inLanguage\":\"tr\"},{\"@type\":\"Organization\",\"@id\":\"https:\/\/lykiaworlddivingcentre.com\/tr\/#organization\",\"name\":\"Lykia World Dal\u0131\u015f Merkezi | PADI 5 Y\u0131ld\u0131z IDC | \u00d6l\u00fcdeniz - Fethiye\",\"url\":\"https:\/\/lykiaworlddivingcentre.com\/tr\/\",\"logo\":{\"@type\":\"ImageObject\",\"inLanguage\":\"tr\",\"@id\":\"https:\/\/lykiaworlddivingcentre.com\/tr\/#\/schema\/logo\/image\/\",\"url\":\"https:\/\/lykiaworlddivingcentre.com\/wp-content\/uploads\/2023\/11\/LWDC-YATAY-Logo-idc-w600.png\",\"contentUrl\":\"https:\/\/lykiaworlddivingcentre.com\/wp-content\/uploads\/2023\/11\/LWDC-YATAY-Logo-idc-w600.png\",\"width\":600,\"height\":320,\"caption\":\"Lykia World Dal\u0131\u015f Merkezi | PADI 5 Y\u0131ld\u0131z IDC | \u00d6l\u00fcdeniz - Fethiye\"},\"image\":{\"@id\":\"https:\/\/lykiaworlddivingcentre.com\/tr\/#\/schema\/logo\/image\/\"},\"sameAs\":[\"https:\/\/www.facebook.com\/lykiaworlddivingcentre\",\"https:\/\/www.instagram.com\/lykiaworld_diving_centre\/\"],\"description\":\"Our diving adventure, which started in Marmaris in 1991, has been continuing in Fethiye \u00d6l\u00fcdeniz region for the last eight years. Since the first day we entered the sector, we have strived to add a new dimension to diving and we still maintain this passion.Lykia World Diving Centre (LWDC) is a PADI 5 star Instructor Development Centre located in Oludeniz with the best dive sites in the area right at our doorstep.\",\"email\":\"info@lykiaworlddivingcentre.com\",\"telephone\":\"+90 534 388 6261\",\"legalName\":\"AquaLykia Inc.\"}]}<\/script>\n<meta property=\"product:price:amount\" content=\"505.00\" \/>\n<meta property=\"product:price:currency\" content=\"EUR\" \/>\n<meta property=\"og:availability\" content=\"instock\" \/>\n<meta property=\"product:availability\" content=\"instock\" \/>\n<meta property=\"product:condition\" content=\"new\" \/>\n<!-- \/ Yoast SEO Premium plugin. -->","yoast_head_json":{"title":"PADI A\u00e7\u0131k Deniz Dal\u0131c\u0131 Kursu - Lykia World Dal\u0131\u015f Merkezi | PADI 5 Y\u0131ld\u0131z IDC | \u00d6l\u00fcdeniz - Fethiye","robots":{"index":"index","follow":"follow","max-snippet":"max-snippet:-1","max-image-preview":"max-image-preview:large","max-video-preview":"max-video-preview:-1"},"canonical":"https:\/\/lykiaworlddivingcentre.com\/tr\/product\/padi-open-water-diver\/","og_locale":"tr_TR","og_type":"article","og_title":"PADI A\u00e7\u0131k Deniz Dal\u0131c\u0131 Kursu","og_description":"S\u00fcre: 3 G\u00fcn - Min. Ya\u015f: 12 Neden bu kursu almal\u0131y\u0131m?   Gezegenimizin geri kalan y\u00fczde 70'ini ke\u015ffedin  Denizlerin korunmas\u0131n\u0131 desteklemek  Hi\u00e7bir zaman g\u00f6remediklerini deneyimle  Bir t\u00fcpl\u00fc dal\u0131\u015f uzman\u0131ndan \u00f6\u011frenin  D\u00fcnyan\u0131n en tan\u0131nm\u0131\u015f scuba sertifikas\u0131na sahip olun  Nas\u0131l Yap\u0131l\u0131r?   Kendinden emin ve yetenekli bir dalg\u0131\u00e7 olun  Dal\u0131\u015f ekipman\u0131n\u0131n haz\u0131rl\u0131\u011f\u0131 ve kullan\u0131m\u0131  Y\u00fczerlili\u011finizi ayarlay\u0131n  Deniz ya\u015fam\u0131na sayg\u0131yla yakla\u015f\u0131n  Yayg\u0131n sorunlar\u0131n \u00fcstesinden gelmeyi \u00f6\u011frenin","og_url":"https:\/\/lykiaworlddivingcentre.com\/tr\/product\/padi-open-water-diver\/","og_site_name":"Lykia World Dal\u0131\u015f Merkezi | PADI 5 Y\u0131ld\u0131z IDC | \u00d6l\u00fcdeniz - Fethiye","article_publisher":"https:\/\/www.facebook.com\/lykiaworlddivingcentre","article_modified_time":"2026-04-04T18:05:58+00:00","og_image":[{"width":2000,"height":1500,"url":"https:\/\/lykiaworlddivingcentre.com\/wp-content\/uploads\/2023\/12\/GOPR7054-copy.jpg","type":"image\/jpeg"}],"twitter_card":"summary_large_image","twitter_misc":{"Fiyat":"&euro;505,00","Durumu":"Stokta var"},"schema":{"@context":"https:\/\/schema.org","@graph":[{"@type":"WebPage","@id":"https:\/\/lykiaworlddivingcentre.com\/tr\/product\/padi-open-water-diver\/","url":"https:\/\/lykiaworlddivingcentre.com\/tr\/product\/padi-open-water-diver\/","name":"PADI A\u00e7\u0131k Deniz Dal\u0131c\u0131 Kursu - Lykia World Dal\u0131\u015f Merkezi | PADI 5 Y\u0131ld\u0131z IDC | \u00d6l\u00fcdeniz - Fethiye","isPartOf":{"@id":"https:\/\/lykiaworlddivingcentre.com\/tr\/#website"},"primaryImageOfPage":{"@id":"https:\/\/lykiaworlddivingcentre.com\/tr\/product\/padi-open-water-diver\/#primaryimage"},"image":{"@id":"https:\/\/lykiaworlddivingcentre.com\/tr\/product\/padi-open-water-diver\/#primaryimage"},"thumbnailUrl":"https:\/\/lykiaworlddivingcentre.com\/wp-content\/uploads\/2023\/12\/GOPR7054-copy.jpg","datePublished":"2023-12-07T09:10:55+00:00","dateModified":"2026-04-04T18:05:58+00:00","breadcrumb":{"@id":"https:\/\/lykiaworlddivingcentre.com\/tr\/product\/padi-open-water-diver\/#breadcrumb"},"inLanguage":"tr","potentialAction":[{"@type":"ReadAction","target":["https:\/\/lykiaworlddivingcentre.com\/tr\/product\/padi-open-water-diver\/"]}]},{"@type":"ImageObject","inLanguage":"tr","@id":"https:\/\/lykiaworlddivingcentre.com\/tr\/product\/padi-open-water-diver\/#primaryimage","url":"https:\/\/lykiaworlddivingcentre.com\/wp-content\/uploads\/2023\/12\/GOPR7054-copy.jpg","contentUrl":"https:\/\/lykiaworlddivingcentre.com\/wp-content\/uploads\/2023\/12\/GOPR7054-copy.jpg","width":2000,"height":1500,"caption":"DCIM100GOPROGOPR7054.JPG"},{"@type":"BreadcrumbList","@id":"https:\/\/lykiaworlddivingcentre.com\/tr\/product\/padi-open-water-diver\/#breadcrumb","itemListElement":[{"@type":"ListItem","position":1,"name":"Home","item":"https:\/\/lykiaworlddivingcentre.com\/"},{"@type":"ListItem","position":2,"name":"Shop","item":"https:\/\/lykiaworlddivingcentre.com\/shop\/"},{"@type":"ListItem","position":3,"name":"PADI A\u00e7\u0131k Deniz Dal\u0131c\u0131 Kursu"}]},{"@type":"WebSite","@id":"https:\/\/lykiaworlddivingcentre.com\/tr\/#website","url":"https:\/\/lykiaworlddivingcentre.com\/tr\/","name":"Lykia World Diving Centre | PADI 5 Star IDC | \u00d6l\u00fcdeniz - Fethiye","description":"","publisher":{"@id":"https:\/\/lykiaworlddivingcentre.com\/tr\/#organization"},"alternateName":"Lykia World Diving Centre","potentialAction":[{"@type":"SearchAction","target":{"@type":"EntryPoint","urlTemplate":"https:\/\/lykiaworlddivingcentre.com\/tr\/?s={search_term_string}"},"query-input":{"@type":"PropertyValueSpecification","valueRequired":true,"valueName":"search_term_string"}}],"inLanguage":"tr"},{"@type":"Organization","@id":"https:\/\/lykiaworlddivingcentre.com\/tr\/#organization","name":"Lykia World Dal\u0131\u015f Merkezi | PADI 5 Y\u0131ld\u0131z IDC | \u00d6l\u00fcdeniz - Fethiye","url":"https:\/\/lykiaworlddivingcentre.com\/tr\/","logo":{"@type":"ImageObject","inLanguage":"tr","@id":"https:\/\/lykiaworlddivingcentre.com\/tr\/#\/schema\/logo\/image\/","url":"https:\/\/lykiaworlddivingcentre.com\/wp-content\/uploads\/2023\/11\/LWDC-YATAY-Logo-idc-w600.png","contentUrl":"https:\/\/lykiaworlddivingcentre.com\/wp-content\/uploads\/2023\/11\/LWDC-YATAY-Logo-idc-w600.png","width":600,"height":320,"caption":"Lykia World Dal\u0131\u015f Merkezi | PADI 5 Y\u0131ld\u0131z IDC | \u00d6l\u00fcdeniz - Fethiye"},"image":{"@id":"https:\/\/lykiaworlddivingcentre.com\/tr\/#\/schema\/logo\/image\/"},"sameAs":["https:\/\/www.facebook.com\/lykiaworlddivingcentre","https:\/\/www.instagram.com\/lykiaworld_diving_centre\/"],"description":"Our diving adventure, which started in Marmaris in 1991, has been continuing in Fethiye \u00d6l\u00fcdeniz region for the last eight years. Since the first day we entered the sector, we have strived to add a new dimension to diving and we still maintain this passion.Lykia World Diving Centre (LWDC) is a PADI 5 star Instructor Development Centre located in Oludeniz with the best dive sites in the area right at our doorstep.","email":"info@lykiaworlddivingcentre.com","telephone":"+90 534 388 6261","legalName":"AquaLykia Inc."}]},"product_price_amount":"505.00","product_price_currency":"EUR","og_availability":"instock","product_availability":"instock","product_condition":"new"},"_links":{"self":[{"href":"https:\/\/lykiaworlddivingcentre.com\/tr\/wp-json\/wp\/v2\/product\/660","targetHints":{"allow":["GET"]}}],"collection":[{"href":"https:\/\/lykiaworlddivingcentre.com\/tr\/wp-json\/wp\/v2\/product"}],"about":[{"href":"https:\/\/lykiaworlddivingcentre.com\/tr\/wp-json\/wp\/v2\/types\/product"}],"wp:featuredmedia":[{"embeddable":true,"href":"https:\/\/lykiaworlddivingcentre.com\/tr\/wp-json\/wp\/v2\/media\/160"}],"wp:attachment":[{"href":"https:\/\/lykiaworlddivingcentre.com\/tr\/wp-json\/wp\/v2\/media?parent=660"}],"wp:term":[{"taxonomy":"product_brand","embeddable":true,"href":"https:\/\/lykiaworlddivingcentre.com\/tr\/wp-json\/wp\/v2\/product_brand?post=660"},{"taxonomy":"product_cat","embeddable":true,"href":"https:\/\/lykiaworlddivingcentre.com\/tr\/wp-json\/wp\/v2\/product_cat?post=660"},{"taxonomy":"product_tag","embeddable":true,"href":"https:\/\/lykiaworlddivingcentre.com\/tr\/wp-json\/wp\/v2\/product_tag?post=660"}],"curies":[{"name":"wp","href":"https:\/\/api.w.org\/{rel}","templated":true}]}}