{"id":662,"date":"2023-12-07T11:23:59","date_gmt":"2023-12-07T08:23:59","guid":{"rendered":"https:\/\/lykiaworlddivingcentre.com\/product\/padi-scuba-diver\/"},"modified":"2026-04-04T21:06:48","modified_gmt":"2026-04-04T18:06:48","slug":"padi-tuplu-dalis-kursu","status":"publish","type":"product","link":"https:\/\/lykiaworlddivingcentre.com\/tr\/product\/padi-tuplu-dalis-kursu\/","title":{"rendered":"PADI T\u00fcpl\u00fc Dal\u0131c\u0131 Kursu"},"content":{"rendered":"<p>E\u011fer yeterli zaman\u0131n\u0131z yok ancak Sertifikal\u0131 Dal\u0131c\u0131 olmak istiyorsan\u0131z bu kurs tam size g\u00f6redir<\/p>\n<h3 class=\"fusion-responsive-typography-calculated\" data-fontsize=\"32\" data-lineheight=\"41.6px\"><b>A\u00e7\u0131klama<\/b><\/h3>\n<p>T\u00fcpl\u00fc Dal\u0131c\u0131 (PADI Scuba Diver) Kursu Padi A\u00e7\u0131k Deniz Dal\u0131c\u0131 (PADI Open Water Diver) kursunun y\u00fczde 60\u2019\u0131n\u0131 kapsamaktad\u0131r. Bu kurs zaman\u0131 k\u0131s\u0131tl\u0131 olan ancak Dal\u0131c\u0131 sertifikas\u0131na sahip olmak isteyenler i\u00e7in muhte\u015fem bir se\u00e7enektir. Bu kurs bitiminde ;<br \/>\n&#8211; Azami 12 metreye dalabilceksiniz<br \/>\n&#8211; Belli bir seviyeye kadar Temel Dal\u0131c\u0131 prensipleri ve yeteneklerine sahip olacaks\u0131n\u0131z<br \/>\n&#8211; PADI A\u00e7\u0131k Deniz Dal\u0131c\u0131 Kursuna (PADI Open Water Diver) devam etmek istedi\u011fini takdirde bu kursunda sine haz\u0131r olacaks\u0131n\u0131z.<br \/>\n&#8211; Bu kursa kat\u0131labilmek i\u00e7in en az 12 ya\u015f\u0131na basm\u0131\u015f olman\u0131z ve dal\u0131\u015fa engel hi\u00e7 bir sa\u011fl\u0131k probleminiz olmamas\u0131 gereklidir. Daha \u00f6ncesinde T\u00fcpl\u00fc Dal\u0131\u015f bilgi ve becerilerine sahip olman\u0131z gerekli de\u011fildir.<\/p>\n<h4><b>Kurs S\u00fcreci<\/b><\/h4>\n<p>Bu kurs teorik ve Pratik olmak \u00fczere iki a\u015famadan olu\u015fuyor. Teori a\u015famas\u0131nda Padi A\u00e7\u0131kdeniz Dal\u0131c\u0131 \u00e7evrimi\u00e7i kitap\u00e7\u0131\u011f\u0131n\u0131n (PADI Open Water E-Learning) ilk 3 b\u00f6l\u00fcm\u00fcnden sorumlu olacaks\u0131n\u0131z. Pratik a\u015famas\u0131nda ise ilk 3 s\u0131\u011f su dal\u0131\u015f\u0131 becerilerinden ve ilk 2 a\u00e7\u0131k deniz dal\u0131\u015f\u0131 becerilerinden sorumlu olacaks\u0131n\u0131z. T\u00fcm bu s\u00fcre\u00e7leri Padi E\u011fitimciniz rehberli\u011finde tamamlaman\u0131z\u0131n ard\u0131ndan 12 metreye kadar dalmak \u00fczere sertifika alm\u0131\u015f olacaks\u0131n\u0131z.<\/p>\n<h3 class=\"fusion-responsive-typography-calculated\" data-fontsize=\"32\" data-lineheight=\"41.6px\"><b>Kullan\u0131lan Lisanlar<\/b><\/h3>\n<p>Kurs veren e\u011fitmenlerimizin E\u011fitim esnas\u0131nda kulland\u0131klar\u0131 di\u011fer lisanlar i\u00e7in l\u00fctfen bizimle temasa ge\u00e7iniz.<\/p>\n<h3 class=\"fusion-responsive-typography-calculated\" data-fontsize=\"32\" data-lineheight=\"41.6px\"><b>Ekipmanlar<\/b><\/h3>\n<p>Kendi ekipmanlar\u0131n\u0131z yoksa, Merkezimiz size gerekli ekipmanlar\u0131 kullan\u0131m\u0131za verecektir..<\/p>\n<h3 class=\"fusion-responsive-typography-calculated\" data-fontsize=\"32\" data-lineheight=\"41.6px\"><b>Ba\u015flarken<\/b><\/h3>\n<p class=\" translation-block\">Ba\u015flamak i\u00e7in ilk \u00f6nce Padi \u00e7evrimi\u00e7i Kitap\u00e7\u0131\u011f\u0131n\u0131 (PADI e-Learning ) sat\u0131n alman\u0131z gerekmektedir. Bu i\u015flemleri yaparken Dal\u0131\u015f E\u011fitmenlerimiz size yard\u0131mc\u0131 olacaklard\u0131r.<\/p>\n","protected":false},"excerpt":{"rendered":"<h2>S\u00fcre: 2s &#8211; Min. Ya\u015f: 12<\/h2>\n<h4>Neden bu kursu almal\u0131y\u0131m?<\/h4>\n<ul>\n<li>Daha fazla Dal\u0131\u015f tecr\u00fcbesine sahip olmak<\/li>\n<li>Navigasyon prati\u011fi yapmak<\/li>\n<li>Farkl\u0131 dal\u0131\u015f \u015fekillerini \u00f6\u011frenmek<\/li>\n<li>Gezegenimizin geri kalan y\u00fczde 70&#8217;ini ke\u015ffedin<\/li>\n<li>Denizlerin korunmas\u0131n\u0131 desteklemek<\/li>\n<li>Hi\u00e7bir zaman g\u00f6remediklerini deneyimle<\/li>\n<\/ul>\n<h4>Nas\u0131l Yap\u0131l\u0131r?<\/h4>\n<ul>\n<li>Kendinden emin ve yetenekli bir dalg\u0131\u00e7 olun<\/li>\n<li>Dal\u0131\u015f ekipman\u0131n\u0131n haz\u0131rl\u0131\u011f\u0131 ve kullan\u0131m\u0131<\/li>\n<li>Y\u00fczerli\u011finizi ayarlay\u0131n<\/li>\n<li>Deniz ya\u015fam\u0131na sayg\u0131yla yakla\u015f\u0131n<\/li>\n<\/ul>\n","protected":false},"featured_media":144,"template":"","meta":[],"product_brand":[],"product_cat":[38,39],"product_tag":[],"class_list":{"0":"post-662","1":"product","2":"type-product","3":"status-publish","4":"has-post-thumbnail","6":"product_cat-tuplu-dalis-kurslari","7":"product_cat-yeni-baslayanlar","9":"first","10":"instock","11":"sold-individually","12":"product-type-simple"},"yoast_head":"<!-- This site is optimized with the Yoast SEO Premium plugin v22.1 (Yoast SEO v27.0) - https:\/\/yoast.com\/product\/yoast-seo-premium-wordpress\/ -->\n<title>PADI T\u00fcpl\u00fc Dal\u0131c\u0131 Kursu - Lykia World Dal\u0131\u015f Merkezi | PADI 5 Y\u0131ld\u0131z IDC | \u00d6l\u00fcdeniz - Fethiye<\/title>\n<meta name=\"robots\" content=\"index, follow, max-snippet:-1, max-image-preview:large, max-video-preview:-1\" \/>\n<link rel=\"canonical\" href=\"https:\/\/lykiaworlddivingcentre.com\/tr\/product\/padi-tuplu-dalis-kursu\/\" \/>\n<meta property=\"og:locale\" content=\"tr_TR\" \/>\n<meta property=\"og:type\" content=\"article\" \/>\n<meta property=\"og:title\" content=\"PADI T\u00fcpl\u00fc Dal\u0131c\u0131 Kursu\" \/>\n<meta property=\"og:description\" content=\"S\u00fcre: 2s - Min. Ya\u015f: 12 Neden bu kursu almal\u0131y\u0131m?   Daha fazla Dal\u0131\u015f tecr\u00fcbesine sahip olmak  Navigasyon prati\u011fi yapmak  Farkl\u0131 dal\u0131\u015f \u015fekillerini \u00f6\u011frenmek  Gezegenimizin geri kalan y\u00fczde 70&#039;ini ke\u015ffedin  Denizlerin korunmas\u0131n\u0131 desteklemek  Hi\u00e7bir zaman g\u00f6remediklerini deneyimle  Nas\u0131l Yap\u0131l\u0131r?   Kendinden emin ve yetenekli bir dalg\u0131\u00e7 olun  Dal\u0131\u015f ekipman\u0131n\u0131n haz\u0131rl\u0131\u011f\u0131 ve kullan\u0131m\u0131  Y\u00fczerli\u011finizi ayarlay\u0131n  Deniz ya\u015fam\u0131na sayg\u0131yla yakla\u015f\u0131n\" \/>\n<meta property=\"og:url\" content=\"https:\/\/lykiaworlddivingcentre.com\/tr\/product\/padi-tuplu-dalis-kursu\/\" \/>\n<meta property=\"og:site_name\" content=\"Lykia World Dal\u0131\u015f Merkezi | PADI 5 Y\u0131ld\u0131z IDC | \u00d6l\u00fcdeniz - Fethiye\" \/>\n<meta property=\"article:publisher\" content=\"https:\/\/www.facebook.com\/lykiaworlddivingcentre\" \/>\n<meta property=\"article:modified_time\" content=\"2026-04-04T18:06:48+00:00\" \/>\n<meta property=\"og:image\" content=\"https:\/\/lykiaworlddivingcentre.com\/wp-content\/uploads\/2023\/12\/a621beafd882df7de12060231d3b7de9.jpg\" \/>\n\t<meta property=\"og:image:width\" content=\"1920\" \/>\n\t<meta property=\"og:image:height\" content=\"2400\" \/>\n\t<meta property=\"og:image:type\" content=\"image\/jpeg\" \/>\n<meta name=\"twitter:card\" content=\"summary_large_image\" \/>\n<meta name=\"twitter:label1\" content=\"Fiyat\" \/>\n\t<meta name=\"twitter:data1\" content=\"&euro;285,00\" \/>\n\t<meta name=\"twitter:label2\" content=\"Durumu\" \/>\n\t<meta name=\"twitter:data2\" content=\"Stokta var\" \/>\n<script type=\"application\/ld+json\" class=\"yoast-schema-graph\">{\"@context\":\"https:\/\/schema.org\",\"@graph\":[{\"@type\":\"WebPage\",\"@id\":\"https:\/\/lykiaworlddivingcentre.com\/tr\/product\/padi-tuplu-dalis-kursu\/\",\"url\":\"https:\/\/lykiaworlddivingcentre.com\/tr\/product\/padi-tuplu-dalis-kursu\/\",\"name\":\"PADI T\u00fcpl\u00fc Dal\u0131c\u0131 Kursu - Lykia World Dal\u0131\u015f Merkezi | PADI 5 Y\u0131ld\u0131z IDC | \u00d6l\u00fcdeniz - Fethiye\",\"isPartOf\":{\"@id\":\"https:\/\/lykiaworlddivingcentre.com\/tr\/#website\"},\"primaryImageOfPage\":{\"@id\":\"https:\/\/lykiaworlddivingcentre.com\/tr\/product\/padi-tuplu-dalis-kursu\/#primaryimage\"},\"image\":{\"@id\":\"https:\/\/lykiaworlddivingcentre.com\/tr\/product\/padi-tuplu-dalis-kursu\/#primaryimage\"},\"thumbnailUrl\":\"https:\/\/lykiaworlddivingcentre.com\/wp-content\/uploads\/2023\/12\/a621beafd882df7de12060231d3b7de9.jpg\",\"datePublished\":\"2023-12-07T08:23:59+00:00\",\"dateModified\":\"2026-04-04T18:06:48+00:00\",\"breadcrumb\":{\"@id\":\"https:\/\/lykiaworlddivingcentre.com\/tr\/product\/padi-tuplu-dalis-kursu\/#breadcrumb\"},\"inLanguage\":\"tr\",\"potentialAction\":[{\"@type\":\"ReadAction\",\"target\":[\"https:\/\/lykiaworlddivingcentre.com\/tr\/product\/padi-tuplu-dalis-kursu\/\"]}]},{\"@type\":\"ImageObject\",\"inLanguage\":\"tr\",\"@id\":\"https:\/\/lykiaworlddivingcentre.com\/tr\/product\/padi-tuplu-dalis-kursu\/#primaryimage\",\"url\":\"https:\/\/lykiaworlddivingcentre.com\/wp-content\/uploads\/2023\/12\/a621beafd882df7de12060231d3b7de9.jpg\",\"contentUrl\":\"https:\/\/lykiaworlddivingcentre.com\/wp-content\/uploads\/2023\/12\/a621beafd882df7de12060231d3b7de9.jpg\",\"width\":1920,\"height\":2400},{\"@type\":\"BreadcrumbList\",\"@id\":\"https:\/\/lykiaworlddivingcentre.com\/tr\/product\/padi-tuplu-dalis-kursu\/#breadcrumb\",\"itemListElement\":[{\"@type\":\"ListItem\",\"position\":1,\"name\":\"Home\",\"item\":\"https:\/\/lykiaworlddivingcentre.com\/\"},{\"@type\":\"ListItem\",\"position\":2,\"name\":\"Shop\",\"item\":\"https:\/\/lykiaworlddivingcentre.com\/shop\/\"},{\"@type\":\"ListItem\",\"position\":3,\"name\":\"PADI T\u00fcpl\u00fc Dal\u0131c\u0131 Kursu\"}]},{\"@type\":\"WebSite\",\"@id\":\"https:\/\/lykiaworlddivingcentre.com\/tr\/#website\",\"url\":\"https:\/\/lykiaworlddivingcentre.com\/tr\/\",\"name\":\"Lykia World Diving Centre | PADI 5 Star IDC | \u00d6l\u00fcdeniz - Fethiye\",\"description\":\"\",\"publisher\":{\"@id\":\"https:\/\/lykiaworlddivingcentre.com\/tr\/#organization\"},\"alternateName\":\"Lykia World Diving Centre\",\"potentialAction\":[{\"@type\":\"SearchAction\",\"target\":{\"@type\":\"EntryPoint\",\"urlTemplate\":\"https:\/\/lykiaworlddivingcentre.com\/tr\/?s={search_term_string}\"},\"query-input\":{\"@type\":\"PropertyValueSpecification\",\"valueRequired\":true,\"valueName\":\"search_term_string\"}}],\"inLanguage\":\"tr\"},{\"@type\":\"Organization\",\"@id\":\"https:\/\/lykiaworlddivingcentre.com\/tr\/#organization\",\"name\":\"Lykia World Dal\u0131\u015f Merkezi | PADI 5 Y\u0131ld\u0131z IDC | \u00d6l\u00fcdeniz - Fethiye\",\"url\":\"https:\/\/lykiaworlddivingcentre.com\/tr\/\",\"logo\":{\"@type\":\"ImageObject\",\"inLanguage\":\"tr\",\"@id\":\"https:\/\/lykiaworlddivingcentre.com\/tr\/#\/schema\/logo\/image\/\",\"url\":\"https:\/\/lykiaworlddivingcentre.com\/wp-content\/uploads\/2023\/11\/LWDC-YATAY-Logo-idc-w600.png\",\"contentUrl\":\"https:\/\/lykiaworlddivingcentre.com\/wp-content\/uploads\/2023\/11\/LWDC-YATAY-Logo-idc-w600.png\",\"width\":600,\"height\":320,\"caption\":\"Lykia World Dal\u0131\u015f Merkezi | PADI 5 Y\u0131ld\u0131z IDC | \u00d6l\u00fcdeniz - Fethiye\"},\"image\":{\"@id\":\"https:\/\/lykiaworlddivingcentre.com\/tr\/#\/schema\/logo\/image\/\"},\"sameAs\":[\"https:\/\/www.facebook.com\/lykiaworlddivingcentre\",\"https:\/\/www.instagram.com\/lykiaworld_diving_centre\/\"],\"description\":\"Our diving adventure, which started in Marmaris in 1991, has been continuing in Fethiye \u00d6l\u00fcdeniz region for the last eight years. Since the first day we entered the sector, we have strived to add a new dimension to diving and we still maintain this passion.Lykia World Diving Centre (LWDC) is a PADI 5 star Instructor Development Centre located in Oludeniz with the best dive sites in the area right at our doorstep.\",\"email\":\"info@lykiaworlddivingcentre.com\",\"telephone\":\"+90 534 388 6261\",\"legalName\":\"AquaLykia Inc.\"}]}<\/script>\n<meta property=\"product:price:amount\" content=\"285.00\" \/>\n<meta property=\"product:price:currency\" content=\"EUR\" \/>\n<meta property=\"og:availability\" content=\"instock\" \/>\n<meta property=\"product:availability\" content=\"instock\" \/>\n<meta property=\"product:condition\" content=\"new\" \/>\n<!-- \/ Yoast SEO Premium plugin. -->","yoast_head_json":{"title":"PADI T\u00fcpl\u00fc Dal\u0131c\u0131 Kursu - Lykia World Dal\u0131\u015f Merkezi | PADI 5 Y\u0131ld\u0131z IDC | \u00d6l\u00fcdeniz - Fethiye","robots":{"index":"index","follow":"follow","max-snippet":"max-snippet:-1","max-image-preview":"max-image-preview:large","max-video-preview":"max-video-preview:-1"},"canonical":"https:\/\/lykiaworlddivingcentre.com\/tr\/product\/padi-tuplu-dalis-kursu\/","og_locale":"tr_TR","og_type":"article","og_title":"PADI T\u00fcpl\u00fc Dal\u0131c\u0131 Kursu","og_description":"S\u00fcre: 2s - Min. Ya\u015f: 12 Neden bu kursu almal\u0131y\u0131m?   Daha fazla Dal\u0131\u015f tecr\u00fcbesine sahip olmak  Navigasyon prati\u011fi yapmak  Farkl\u0131 dal\u0131\u015f \u015fekillerini \u00f6\u011frenmek  Gezegenimizin geri kalan y\u00fczde 70'ini ke\u015ffedin  Denizlerin korunmas\u0131n\u0131 desteklemek  Hi\u00e7bir zaman g\u00f6remediklerini deneyimle  Nas\u0131l Yap\u0131l\u0131r?   Kendinden emin ve yetenekli bir dalg\u0131\u00e7 olun  Dal\u0131\u015f ekipman\u0131n\u0131n haz\u0131rl\u0131\u011f\u0131 ve kullan\u0131m\u0131  Y\u00fczerli\u011finizi ayarlay\u0131n  Deniz ya\u015fam\u0131na sayg\u0131yla yakla\u015f\u0131n","og_url":"https:\/\/lykiaworlddivingcentre.com\/tr\/product\/padi-tuplu-dalis-kursu\/","og_site_name":"Lykia World Dal\u0131\u015f Merkezi | PADI 5 Y\u0131ld\u0131z IDC | \u00d6l\u00fcdeniz - Fethiye","article_publisher":"https:\/\/www.facebook.com\/lykiaworlddivingcentre","article_modified_time":"2026-04-04T18:06:48+00:00","og_image":[{"width":1920,"height":2400,"url":"https:\/\/lykiaworlddivingcentre.com\/wp-content\/uploads\/2023\/12\/a621beafd882df7de12060231d3b7de9.jpg","type":"image\/jpeg"}],"twitter_card":"summary_large_image","twitter_misc":{"Fiyat":"&euro;285,00","Durumu":"Stokta var"},"schema":{"@context":"https:\/\/schema.org","@graph":[{"@type":"WebPage","@id":"https:\/\/lykiaworlddivingcentre.com\/tr\/product\/padi-tuplu-dalis-kursu\/","url":"https:\/\/lykiaworlddivingcentre.com\/tr\/product\/padi-tuplu-dalis-kursu\/","name":"PADI T\u00fcpl\u00fc Dal\u0131c\u0131 Kursu - Lykia World Dal\u0131\u015f Merkezi | PADI 5 Y\u0131ld\u0131z IDC | \u00d6l\u00fcdeniz - Fethiye","isPartOf":{"@id":"https:\/\/lykiaworlddivingcentre.com\/tr\/#website"},"primaryImageOfPage":{"@id":"https:\/\/lykiaworlddivingcentre.com\/tr\/product\/padi-tuplu-dalis-kursu\/#primaryimage"},"image":{"@id":"https:\/\/lykiaworlddivingcentre.com\/tr\/product\/padi-tuplu-dalis-kursu\/#primaryimage"},"thumbnailUrl":"https:\/\/lykiaworlddivingcentre.com\/wp-content\/uploads\/2023\/12\/a621beafd882df7de12060231d3b7de9.jpg","datePublished":"2023-12-07T08:23:59+00:00","dateModified":"2026-04-04T18:06:48+00:00","breadcrumb":{"@id":"https:\/\/lykiaworlddivingcentre.com\/tr\/product\/padi-tuplu-dalis-kursu\/#breadcrumb"},"inLanguage":"tr","potentialAction":[{"@type":"ReadAction","target":["https:\/\/lykiaworlddivingcentre.com\/tr\/product\/padi-tuplu-dalis-kursu\/"]}]},{"@type":"ImageObject","inLanguage":"tr","@id":"https:\/\/lykiaworlddivingcentre.com\/tr\/product\/padi-tuplu-dalis-kursu\/#primaryimage","url":"https:\/\/lykiaworlddivingcentre.com\/wp-content\/uploads\/2023\/12\/a621beafd882df7de12060231d3b7de9.jpg","contentUrl":"https:\/\/lykiaworlddivingcentre.com\/wp-content\/uploads\/2023\/12\/a621beafd882df7de12060231d3b7de9.jpg","width":1920,"height":2400},{"@type":"BreadcrumbList","@id":"https:\/\/lykiaworlddivingcentre.com\/tr\/product\/padi-tuplu-dalis-kursu\/#breadcrumb","itemListElement":[{"@type":"ListItem","position":1,"name":"Home","item":"https:\/\/lykiaworlddivingcentre.com\/"},{"@type":"ListItem","position":2,"name":"Shop","item":"https:\/\/lykiaworlddivingcentre.com\/shop\/"},{"@type":"ListItem","position":3,"name":"PADI T\u00fcpl\u00fc Dal\u0131c\u0131 Kursu"}]},{"@type":"WebSite","@id":"https:\/\/lykiaworlddivingcentre.com\/tr\/#website","url":"https:\/\/lykiaworlddivingcentre.com\/tr\/","name":"Lykia World Diving Centre | PADI 5 Star IDC | \u00d6l\u00fcdeniz - Fethiye","description":"","publisher":{"@id":"https:\/\/lykiaworlddivingcentre.com\/tr\/#organization"},"alternateName":"Lykia World Diving Centre","potentialAction":[{"@type":"SearchAction","target":{"@type":"EntryPoint","urlTemplate":"https:\/\/lykiaworlddivingcentre.com\/tr\/?s={search_term_string}"},"query-input":{"@type":"PropertyValueSpecification","valueRequired":true,"valueName":"search_term_string"}}],"inLanguage":"tr"},{"@type":"Organization","@id":"https:\/\/lykiaworlddivingcentre.com\/tr\/#organization","name":"Lykia World Dal\u0131\u015f Merkezi | PADI 5 Y\u0131ld\u0131z IDC | \u00d6l\u00fcdeniz - Fethiye","url":"https:\/\/lykiaworlddivingcentre.com\/tr\/","logo":{"@type":"ImageObject","inLanguage":"tr","@id":"https:\/\/lykiaworlddivingcentre.com\/tr\/#\/schema\/logo\/image\/","url":"https:\/\/lykiaworlddivingcentre.com\/wp-content\/uploads\/2023\/11\/LWDC-YATAY-Logo-idc-w600.png","contentUrl":"https:\/\/lykiaworlddivingcentre.com\/wp-content\/uploads\/2023\/11\/LWDC-YATAY-Logo-idc-w600.png","width":600,"height":320,"caption":"Lykia World Dal\u0131\u015f Merkezi | PADI 5 Y\u0131ld\u0131z IDC | \u00d6l\u00fcdeniz - Fethiye"},"image":{"@id":"https:\/\/lykiaworlddivingcentre.com\/tr\/#\/schema\/logo\/image\/"},"sameAs":["https:\/\/www.facebook.com\/lykiaworlddivingcentre","https:\/\/www.instagram.com\/lykiaworld_diving_centre\/"],"description":"Our diving adventure, which started in Marmaris in 1991, has been continuing in Fethiye \u00d6l\u00fcdeniz region for the last eight years. Since the first day we entered the sector, we have strived to add a new dimension to diving and we still maintain this passion.Lykia World Diving Centre (LWDC) is a PADI 5 star Instructor Development Centre located in Oludeniz with the best dive sites in the area right at our doorstep.","email":"info@lykiaworlddivingcentre.com","telephone":"+90 534 388 6261","legalName":"AquaLykia Inc."}]},"product_price_amount":"285.00","product_price_currency":"EUR","og_availability":"instock","product_availability":"instock","product_condition":"new"},"_links":{"self":[{"href":"https:\/\/lykiaworlddivingcentre.com\/tr\/wp-json\/wp\/v2\/product\/662","targetHints":{"allow":["GET"]}}],"collection":[{"href":"https:\/\/lykiaworlddivingcentre.com\/tr\/wp-json\/wp\/v2\/product"}],"about":[{"href":"https:\/\/lykiaworlddivingcentre.com\/tr\/wp-json\/wp\/v2\/types\/product"}],"wp:featuredmedia":[{"embeddable":true,"href":"https:\/\/lykiaworlddivingcentre.com\/tr\/wp-json\/wp\/v2\/media\/144"}],"wp:attachment":[{"href":"https:\/\/lykiaworlddivingcentre.com\/tr\/wp-json\/wp\/v2\/media?parent=662"}],"wp:term":[{"taxonomy":"product_brand","embeddable":true,"href":"https:\/\/lykiaworlddivingcentre.com\/tr\/wp-json\/wp\/v2\/product_brand?post=662"},{"taxonomy":"product_cat","embeddable":true,"href":"https:\/\/lykiaworlddivingcentre.com\/tr\/wp-json\/wp\/v2\/product_cat?post=662"},{"taxonomy":"product_tag","embeddable":true,"href":"https:\/\/lykiaworlddivingcentre.com\/tr\/wp-json\/wp\/v2\/product_tag?post=662"}],"curies":[{"name":"wp","href":"https:\/\/api.w.org\/{rel}","templated":true}]}}