{"id":664,"date":"2023-11-30T18:10:38","date_gmt":"2023-11-30T15:10:38","guid":{"rendered":"https:\/\/lykiaworlddivingcentre.com\/product\/dsd-discover-scuba-diving\/"},"modified":"2026-04-04T21:07:31","modified_gmt":"2026-04-04T18:07:31","slug":"dsd-discover-scuba-diving","status":"publish","type":"product","link":"https:\/\/lykiaworlddivingcentre.com\/tr\/product\/dsd-discover-scuba-diving\/","title":{"rendered":"PADI DSD (Deneme Dal\u0131\u015f\u0131)"},"content":{"rendered":"<p>Neredeyse herkes sualt\u0131nda nefes alman\u0131n nas\u0131l bir \u015fey oldu\u011funu merak etmektedir. Daha \u00f6nce tecr\u00fcbeniz yok fakat su alt\u0131nda soluman\u0131n ayr\u0131cal\u0131\u011f\u0131n\u0131 ya\u015famak istiyorsan\u0131z T\u00fcpl\u00fc Dal\u0131\u015f\u0131 Ke\u015ffet (DSD-Discover Scuba Diving) sizin i\u00e7in en g\u00fczel deneyim olacakt\u0131r.. Bu g\u00fczel deneyimi kazanabilmek i\u00e7in 12 ya\u015f\u0131n\u0131za basm\u0131\u015f olman\u0131z yeterli.<\/p>\n<h3 class=\"fusion-responsive-typography-calculated\" data-fontsize=\"32\" data-lineheight=\"41.6px\">Kurs S\u00fcreci<\/h3>\n<p class=\" translation-block\">Dal\u0131\u015f i\u00e7in gerekli olan temel prosed\u00fcrleri ve becerileri PADI e\u011fitmeninizin rehberli\u011finde kolayl\u0131kla \u00f6\u011frenebilirsiniz. \u00dcstelik gelecekte dal\u0131\u015f kursu almak istiyorsan\u0131z bu programda \u00f6\u011frendikleriniz kredi olarak de\u011ferlendiriliyor. Temel olarak bu programda \u015funlar\u0131 \u00f6\u011freneceksiniz;<\/p>\n<ul>\n<li class=\" translation-block\">Dal\u0131\u015f ekipman\u0131 haz\u0131rlay\u0131n ve ekipman\u0131n\u0131z\u0131 su alt\u0131nda kullan\u0131n<\/li>\n<li class=\" translation-block\">Su alt\u0131nda nefes alman\u0131n nas\u0131l bir duygu oldu\u011funu deneyimleyin<\/li>\n<li class=\" translation-block\">Her dalg\u0131c\u0131n dal\u0131\u015f s\u0131ras\u0131nda kulland\u0131\u011f\u0131 temel becerileri<\/li>\n<\/ul>\n<h3 class=\"fusion-responsive-typography-calculated\" data-fontsize=\"32\" data-lineheight=\"41.6px\">Kullan\u0131lan Lisanlar<\/h3>\n<p>Kurs veren e\u011fitmenlerimizin E\u011fitim esnas\u0131nda kulland\u0131klar\u0131 di\u011fer lisanlar i\u00e7in l\u00fctfen bizimle temasa ge\u00e7iniz<\/p>\n<h3 class=\"fusion-responsive-typography-calculated\" data-fontsize=\"32\" data-lineheight=\"41.6px\">Ba\u015flarken<\/h3>\n<p>Kat\u0131lmak istedi\u011finiz takdirde size ba\u015fvurunuz doldurtulacak ve ard\u0131ndan T\u00fcpl\u00fc dal\u0131\u015f i\u00e7in gerekli t\u00fcm prensipler ve temel bilgilerin \u00f6\u011fretilmesinin ard\u0131ndan ekipmanlar\u0131n\u0131z\u0131n verilmesiyle ilk dal\u0131\u015f\u0131n\u0131za ge\u00e7ilecektir.<\/p>\n","protected":false},"excerpt":{"rendered":"<h2>S\u00fcre: 2s \u2013 Min. Ya\u015f: 12<\/h2>\n<p>Sualt\u0131 d\u00fcnyas\u0131n\u0131 ke\u015ffetmenin en h\u0131zl\u0131 ve en kolay ba\u015flang\u0131\u00e7 noktas\u0131. Bu bir scuba sertifika program\u0131 olmasa da temel dal\u0131\u015f prensiplerini ve su alt\u0131nda nefes alma hissini \u00f6\u011frenebilece\u011finiz harika bir programd\u0131r.<\/p>\n<h4>Neden bu kursu almal\u0131y\u0131m?<\/h4>\n<ul>\n<li>Gezegenimizin geri kalan y\u00fczde 70&#8217;ini ke\u015ffedin<\/li>\n<li>Sualt\u0131nda daha fazla fazlas\u0131n\u0131 g\u00f6rme imkan\u0131<\/li>\n<\/ul>\n<h4>Nas\u0131l Yap\u0131l\u0131r?<\/h4>\n<ul>\n<li>Kendinden emin ve yetenekli bir dalg\u0131\u00e7 olun<\/li>\n<li>Deniz ya\u015fam\u0131na sayg\u0131yla yakla\u015f\u0131n<\/li>\n<li>Dal\u0131\u015f ekipman\u0131n\u0131n haz\u0131rl\u0131\u011f\u0131 ve kullan\u0131m\u0131<\/li>\n<\/ul>\n","protected":false},"featured_media":132,"template":"","meta":[],"product_brand":[],"product_cat":[38,39],"product_tag":[],"class_list":{"0":"post-664","1":"product","2":"type-product","3":"status-publish","4":"has-post-thumbnail","6":"product_cat-tuplu-dalis-kurslari","7":"product_cat-yeni-baslayanlar","9":"first","10":"instock","11":"sold-individually","12":"shipping-taxable","13":"product-type-simple"},"yoast_head":"<!-- This site is optimized with the Yoast SEO Premium plugin v22.1 (Yoast SEO v27.0) - https:\/\/yoast.com\/product\/yoast-seo-premium-wordpress\/ -->\n<title>PADI DSD (Deneme Dal\u0131\u015f\u0131) - Lykia World Dal\u0131\u015f Merkezi | PADI 5 Y\u0131ld\u0131z IDC | \u00d6l\u00fcdeniz - Fethiye<\/title>\n<meta name=\"robots\" content=\"index, follow, max-snippet:-1, max-image-preview:large, max-video-preview:-1\" \/>\n<link rel=\"canonical\" href=\"https:\/\/lykiaworlddivingcentre.com\/tr\/product\/dsd-discover-scuba-diving\/\" \/>\n<meta property=\"og:locale\" content=\"tr_TR\" \/>\n<meta property=\"og:type\" content=\"article\" \/>\n<meta property=\"og:title\" content=\"PADI DSD (Deneme Dal\u0131\u015f\u0131)\" \/>\n<meta property=\"og:description\" content=\"S\u00fcre: 2s \u2013 Min. Ya\u015f: 12 Sualt\u0131 d\u00fcnyas\u0131n\u0131 ke\u015ffetmenin en h\u0131zl\u0131 ve en kolay ba\u015flang\u0131\u00e7 noktas\u0131. Bu bir scuba sertifika program\u0131 olmasa da temel dal\u0131\u015f prensiplerini ve su alt\u0131nda nefes alma hissini \u00f6\u011frenebilece\u011finiz harika bir programd\u0131r. Neden bu kursu almal\u0131y\u0131m?   Gezegenimizin geri kalan y\u00fczde 70&#039;ini ke\u015ffedin  Sualt\u0131nda daha fazla fazlas\u0131n\u0131 g\u00f6rme imkan\u0131  Nas\u0131l Yap\u0131l\u0131r?   Kendinden emin ve yetenekli bir dalg\u0131\u00e7 olun  Deniz ya\u015fam\u0131na sayg\u0131yla yakla\u015f\u0131n  Dal\u0131\u015f ekipman\u0131n\u0131n haz\u0131rl\u0131\u011f\u0131 ve kullan\u0131m\u0131\" \/>\n<meta property=\"og:url\" content=\"https:\/\/lykiaworlddivingcentre.com\/tr\/product\/dsd-discover-scuba-diving\/\" \/>\n<meta property=\"og:site_name\" content=\"Lykia World Dal\u0131\u015f Merkezi | PADI 5 Y\u0131ld\u0131z IDC | \u00d6l\u00fcdeniz - Fethiye\" \/>\n<meta property=\"article:publisher\" content=\"https:\/\/www.facebook.com\/lykiaworlddivingcentre\" \/>\n<meta property=\"article:modified_time\" content=\"2026-04-04T18:07:31+00:00\" \/>\n<meta property=\"og:image\" content=\"https:\/\/lykiaworlddivingcentre.com\/wp-content\/uploads\/2023\/11\/581d23894bb4125f87a2f754dee16f4e.jpg\" \/>\n\t<meta property=\"og:image:width\" content=\"1920\" \/>\n\t<meta property=\"og:image:height\" content=\"2400\" \/>\n\t<meta property=\"og:image:type\" content=\"image\/jpeg\" \/>\n<meta name=\"twitter:card\" content=\"summary_large_image\" \/>\n<meta name=\"twitter:label1\" content=\"Fiyat\" \/>\n\t<meta name=\"twitter:data1\" content=\"&euro;119,00\" \/>\n\t<meta name=\"twitter:label2\" content=\"Durumu\" \/>\n\t<meta name=\"twitter:data2\" content=\"Stokta var\" \/>\n<script type=\"application\/ld+json\" class=\"yoast-schema-graph\">{\"@context\":\"https:\/\/schema.org\",\"@graph\":[{\"@type\":\"WebPage\",\"@id\":\"https:\/\/lykiaworlddivingcentre.com\/tr\/product\/dsd-discover-scuba-diving\/\",\"url\":\"https:\/\/lykiaworlddivingcentre.com\/tr\/product\/dsd-discover-scuba-diving\/\",\"name\":\"PADI DSD (Deneme Dal\u0131\u015f\u0131) - Lykia World Dal\u0131\u015f Merkezi | PADI 5 Y\u0131ld\u0131z IDC | \u00d6l\u00fcdeniz - Fethiye\",\"isPartOf\":{\"@id\":\"https:\/\/lykiaworlddivingcentre.com\/tr\/#website\"},\"primaryImageOfPage\":{\"@id\":\"https:\/\/lykiaworlddivingcentre.com\/tr\/product\/dsd-discover-scuba-diving\/#primaryimage\"},\"image\":{\"@id\":\"https:\/\/lykiaworlddivingcentre.com\/tr\/product\/dsd-discover-scuba-diving\/#primaryimage\"},\"thumbnailUrl\":\"https:\/\/lykiaworlddivingcentre.com\/wp-content\/uploads\/2023\/11\/581d23894bb4125f87a2f754dee16f4e.jpg\",\"datePublished\":\"2023-11-30T15:10:38+00:00\",\"dateModified\":\"2026-04-04T18:07:31+00:00\",\"breadcrumb\":{\"@id\":\"https:\/\/lykiaworlddivingcentre.com\/tr\/product\/dsd-discover-scuba-diving\/#breadcrumb\"},\"inLanguage\":\"tr\",\"potentialAction\":[{\"@type\":\"ReadAction\",\"target\":[\"https:\/\/lykiaworlddivingcentre.com\/tr\/product\/dsd-discover-scuba-diving\/\"]}]},{\"@type\":\"ImageObject\",\"inLanguage\":\"tr\",\"@id\":\"https:\/\/lykiaworlddivingcentre.com\/tr\/product\/dsd-discover-scuba-diving\/#primaryimage\",\"url\":\"https:\/\/lykiaworlddivingcentre.com\/wp-content\/uploads\/2023\/11\/581d23894bb4125f87a2f754dee16f4e.jpg\",\"contentUrl\":\"https:\/\/lykiaworlddivingcentre.com\/wp-content\/uploads\/2023\/11\/581d23894bb4125f87a2f754dee16f4e.jpg\",\"width\":1920,\"height\":2400},{\"@type\":\"BreadcrumbList\",\"@id\":\"https:\/\/lykiaworlddivingcentre.com\/tr\/product\/dsd-discover-scuba-diving\/#breadcrumb\",\"itemListElement\":[{\"@type\":\"ListItem\",\"position\":1,\"name\":\"Home\",\"item\":\"https:\/\/lykiaworlddivingcentre.com\/\"},{\"@type\":\"ListItem\",\"position\":2,\"name\":\"Shop\",\"item\":\"https:\/\/lykiaworlddivingcentre.com\/shop\/\"},{\"@type\":\"ListItem\",\"position\":3,\"name\":\"PADI DSD (Deneme Dal\u0131\u015f\u0131)\"}]},{\"@type\":\"WebSite\",\"@id\":\"https:\/\/lykiaworlddivingcentre.com\/tr\/#website\",\"url\":\"https:\/\/lykiaworlddivingcentre.com\/tr\/\",\"name\":\"Lykia World Diving Centre | PADI 5 Star IDC | \u00d6l\u00fcdeniz - Fethiye\",\"description\":\"\",\"publisher\":{\"@id\":\"https:\/\/lykiaworlddivingcentre.com\/tr\/#organization\"},\"alternateName\":\"Lykia World Diving Centre\",\"potentialAction\":[{\"@type\":\"SearchAction\",\"target\":{\"@type\":\"EntryPoint\",\"urlTemplate\":\"https:\/\/lykiaworlddivingcentre.com\/tr\/?s={search_term_string}\"},\"query-input\":{\"@type\":\"PropertyValueSpecification\",\"valueRequired\":true,\"valueName\":\"search_term_string\"}}],\"inLanguage\":\"tr\"},{\"@type\":\"Organization\",\"@id\":\"https:\/\/lykiaworlddivingcentre.com\/tr\/#organization\",\"name\":\"Lykia World Dal\u0131\u015f Merkezi | PADI 5 Y\u0131ld\u0131z IDC | \u00d6l\u00fcdeniz - Fethiye\",\"url\":\"https:\/\/lykiaworlddivingcentre.com\/tr\/\",\"logo\":{\"@type\":\"ImageObject\",\"inLanguage\":\"tr\",\"@id\":\"https:\/\/lykiaworlddivingcentre.com\/tr\/#\/schema\/logo\/image\/\",\"url\":\"https:\/\/lykiaworlddivingcentre.com\/wp-content\/uploads\/2023\/11\/LWDC-YATAY-Logo-idc-w600.png\",\"contentUrl\":\"https:\/\/lykiaworlddivingcentre.com\/wp-content\/uploads\/2023\/11\/LWDC-YATAY-Logo-idc-w600.png\",\"width\":600,\"height\":320,\"caption\":\"Lykia World Dal\u0131\u015f Merkezi | PADI 5 Y\u0131ld\u0131z IDC | \u00d6l\u00fcdeniz - Fethiye\"},\"image\":{\"@id\":\"https:\/\/lykiaworlddivingcentre.com\/tr\/#\/schema\/logo\/image\/\"},\"sameAs\":[\"https:\/\/www.facebook.com\/lykiaworlddivingcentre\",\"https:\/\/www.instagram.com\/lykiaworld_diving_centre\/\"],\"description\":\"Our diving adventure, which started in Marmaris in 1991, has been continuing in Fethiye \u00d6l\u00fcdeniz region for the last eight years. Since the first day we entered the sector, we have strived to add a new dimension to diving and we still maintain this passion.Lykia World Diving Centre (LWDC) is a PADI 5 star Instructor Development Centre located in Oludeniz with the best dive sites in the area right at our doorstep.\",\"email\":\"info@lykiaworlddivingcentre.com\",\"telephone\":\"+90 534 388 6261\",\"legalName\":\"AquaLykia Inc.\"}]}<\/script>\n<meta property=\"product:price:amount\" content=\"119.00\" \/>\n<meta property=\"product:price:currency\" content=\"EUR\" \/>\n<meta property=\"og:availability\" content=\"instock\" \/>\n<meta property=\"product:availability\" content=\"instock\" \/>\n<meta property=\"product:condition\" content=\"new\" \/>\n<!-- \/ Yoast SEO Premium plugin. -->","yoast_head_json":{"title":"PADI DSD (Deneme Dal\u0131\u015f\u0131) - Lykia World Dal\u0131\u015f Merkezi | PADI 5 Y\u0131ld\u0131z IDC | \u00d6l\u00fcdeniz - Fethiye","robots":{"index":"index","follow":"follow","max-snippet":"max-snippet:-1","max-image-preview":"max-image-preview:large","max-video-preview":"max-video-preview:-1"},"canonical":"https:\/\/lykiaworlddivingcentre.com\/tr\/product\/dsd-discover-scuba-diving\/","og_locale":"tr_TR","og_type":"article","og_title":"PADI DSD (Deneme Dal\u0131\u015f\u0131)","og_description":"S\u00fcre: 2s \u2013 Min. Ya\u015f: 12 Sualt\u0131 d\u00fcnyas\u0131n\u0131 ke\u015ffetmenin en h\u0131zl\u0131 ve en kolay ba\u015flang\u0131\u00e7 noktas\u0131. Bu bir scuba sertifika program\u0131 olmasa da temel dal\u0131\u015f prensiplerini ve su alt\u0131nda nefes alma hissini \u00f6\u011frenebilece\u011finiz harika bir programd\u0131r. Neden bu kursu almal\u0131y\u0131m?   Gezegenimizin geri kalan y\u00fczde 70'ini ke\u015ffedin  Sualt\u0131nda daha fazla fazlas\u0131n\u0131 g\u00f6rme imkan\u0131  Nas\u0131l Yap\u0131l\u0131r?   Kendinden emin ve yetenekli bir dalg\u0131\u00e7 olun  Deniz ya\u015fam\u0131na sayg\u0131yla yakla\u015f\u0131n  Dal\u0131\u015f ekipman\u0131n\u0131n haz\u0131rl\u0131\u011f\u0131 ve kullan\u0131m\u0131","og_url":"https:\/\/lykiaworlddivingcentre.com\/tr\/product\/dsd-discover-scuba-diving\/","og_site_name":"Lykia World Dal\u0131\u015f Merkezi | PADI 5 Y\u0131ld\u0131z IDC | \u00d6l\u00fcdeniz - Fethiye","article_publisher":"https:\/\/www.facebook.com\/lykiaworlddivingcentre","article_modified_time":"2026-04-04T18:07:31+00:00","og_image":[{"width":1920,"height":2400,"url":"https:\/\/lykiaworlddivingcentre.com\/wp-content\/uploads\/2023\/11\/581d23894bb4125f87a2f754dee16f4e.jpg","type":"image\/jpeg"}],"twitter_card":"summary_large_image","twitter_misc":{"Fiyat":"&euro;119,00","Durumu":"Stokta var"},"schema":{"@context":"https:\/\/schema.org","@graph":[{"@type":"WebPage","@id":"https:\/\/lykiaworlddivingcentre.com\/tr\/product\/dsd-discover-scuba-diving\/","url":"https:\/\/lykiaworlddivingcentre.com\/tr\/product\/dsd-discover-scuba-diving\/","name":"PADI DSD (Deneme Dal\u0131\u015f\u0131) - Lykia World Dal\u0131\u015f Merkezi | PADI 5 Y\u0131ld\u0131z IDC | \u00d6l\u00fcdeniz - Fethiye","isPartOf":{"@id":"https:\/\/lykiaworlddivingcentre.com\/tr\/#website"},"primaryImageOfPage":{"@id":"https:\/\/lykiaworlddivingcentre.com\/tr\/product\/dsd-discover-scuba-diving\/#primaryimage"},"image":{"@id":"https:\/\/lykiaworlddivingcentre.com\/tr\/product\/dsd-discover-scuba-diving\/#primaryimage"},"thumbnailUrl":"https:\/\/lykiaworlddivingcentre.com\/wp-content\/uploads\/2023\/11\/581d23894bb4125f87a2f754dee16f4e.jpg","datePublished":"2023-11-30T15:10:38+00:00","dateModified":"2026-04-04T18:07:31+00:00","breadcrumb":{"@id":"https:\/\/lykiaworlddivingcentre.com\/tr\/product\/dsd-discover-scuba-diving\/#breadcrumb"},"inLanguage":"tr","potentialAction":[{"@type":"ReadAction","target":["https:\/\/lykiaworlddivingcentre.com\/tr\/product\/dsd-discover-scuba-diving\/"]}]},{"@type":"ImageObject","inLanguage":"tr","@id":"https:\/\/lykiaworlddivingcentre.com\/tr\/product\/dsd-discover-scuba-diving\/#primaryimage","url":"https:\/\/lykiaworlddivingcentre.com\/wp-content\/uploads\/2023\/11\/581d23894bb4125f87a2f754dee16f4e.jpg","contentUrl":"https:\/\/lykiaworlddivingcentre.com\/wp-content\/uploads\/2023\/11\/581d23894bb4125f87a2f754dee16f4e.jpg","width":1920,"height":2400},{"@type":"BreadcrumbList","@id":"https:\/\/lykiaworlddivingcentre.com\/tr\/product\/dsd-discover-scuba-diving\/#breadcrumb","itemListElement":[{"@type":"ListItem","position":1,"name":"Home","item":"https:\/\/lykiaworlddivingcentre.com\/"},{"@type":"ListItem","position":2,"name":"Shop","item":"https:\/\/lykiaworlddivingcentre.com\/shop\/"},{"@type":"ListItem","position":3,"name":"PADI DSD (Deneme Dal\u0131\u015f\u0131)"}]},{"@type":"WebSite","@id":"https:\/\/lykiaworlddivingcentre.com\/tr\/#website","url":"https:\/\/lykiaworlddivingcentre.com\/tr\/","name":"Lykia World Diving Centre | PADI 5 Star IDC | \u00d6l\u00fcdeniz - Fethiye","description":"","publisher":{"@id":"https:\/\/lykiaworlddivingcentre.com\/tr\/#organization"},"alternateName":"Lykia World Diving Centre","potentialAction":[{"@type":"SearchAction","target":{"@type":"EntryPoint","urlTemplate":"https:\/\/lykiaworlddivingcentre.com\/tr\/?s={search_term_string}"},"query-input":{"@type":"PropertyValueSpecification","valueRequired":true,"valueName":"search_term_string"}}],"inLanguage":"tr"},{"@type":"Organization","@id":"https:\/\/lykiaworlddivingcentre.com\/tr\/#organization","name":"Lykia World Dal\u0131\u015f Merkezi | PADI 5 Y\u0131ld\u0131z IDC | \u00d6l\u00fcdeniz - Fethiye","url":"https:\/\/lykiaworlddivingcentre.com\/tr\/","logo":{"@type":"ImageObject","inLanguage":"tr","@id":"https:\/\/lykiaworlddivingcentre.com\/tr\/#\/schema\/logo\/image\/","url":"https:\/\/lykiaworlddivingcentre.com\/wp-content\/uploads\/2023\/11\/LWDC-YATAY-Logo-idc-w600.png","contentUrl":"https:\/\/lykiaworlddivingcentre.com\/wp-content\/uploads\/2023\/11\/LWDC-YATAY-Logo-idc-w600.png","width":600,"height":320,"caption":"Lykia World Dal\u0131\u015f Merkezi | PADI 5 Y\u0131ld\u0131z IDC | \u00d6l\u00fcdeniz - Fethiye"},"image":{"@id":"https:\/\/lykiaworlddivingcentre.com\/tr\/#\/schema\/logo\/image\/"},"sameAs":["https:\/\/www.facebook.com\/lykiaworlddivingcentre","https:\/\/www.instagram.com\/lykiaworld_diving_centre\/"],"description":"Our diving adventure, which started in Marmaris in 1991, has been continuing in Fethiye \u00d6l\u00fcdeniz region for the last eight years. Since the first day we entered the sector, we have strived to add a new dimension to diving and we still maintain this passion.Lykia World Diving Centre (LWDC) is a PADI 5 star Instructor Development Centre located in Oludeniz with the best dive sites in the area right at our doorstep.","email":"info@lykiaworlddivingcentre.com","telephone":"+90 534 388 6261","legalName":"AquaLykia Inc."}]},"product_price_amount":"119.00","product_price_currency":"EUR","og_availability":"instock","product_availability":"instock","product_condition":"new"},"_links":{"self":[{"href":"https:\/\/lykiaworlddivingcentre.com\/tr\/wp-json\/wp\/v2\/product\/664","targetHints":{"allow":["GET"]}}],"collection":[{"href":"https:\/\/lykiaworlddivingcentre.com\/tr\/wp-json\/wp\/v2\/product"}],"about":[{"href":"https:\/\/lykiaworlddivingcentre.com\/tr\/wp-json\/wp\/v2\/types\/product"}],"wp:featuredmedia":[{"embeddable":true,"href":"https:\/\/lykiaworlddivingcentre.com\/tr\/wp-json\/wp\/v2\/media\/132"}],"wp:attachment":[{"href":"https:\/\/lykiaworlddivingcentre.com\/tr\/wp-json\/wp\/v2\/media?parent=664"}],"wp:term":[{"taxonomy":"product_brand","embeddable":true,"href":"https:\/\/lykiaworlddivingcentre.com\/tr\/wp-json\/wp\/v2\/product_brand?post=664"},{"taxonomy":"product_cat","embeddable":true,"href":"https:\/\/lykiaworlddivingcentre.com\/tr\/wp-json\/wp\/v2\/product_cat?post=664"},{"taxonomy":"product_tag","embeddable":true,"href":"https:\/\/lykiaworlddivingcentre.com\/tr\/wp-json\/wp\/v2\/product_tag?post=664"}],"curies":[{"name":"wp","href":"https:\/\/api.w.org\/{rel}","templated":true}]}}