{"id":960,"date":"2024-03-13T17:49:59","date_gmt":"2024-03-13T14:49:59","guid":{"rendered":"https:\/\/lykiaworlddivingcentre.com\/product\/boots-5mm-hard-sole\/"},"modified":"2026-02-28T13:16:51","modified_gmt":"2026-02-28T10:16:51","slug":"boots-5mm-hard-sole","status":"publish","type":"product","link":"https:\/\/lykiaworlddivingcentre.com\/tr\/product\/boots-5mm-hard-sole\/","title":{"rendered":"SoprasSub 5mm sert tabanl\u0131 dal\u0131\u015f botu"},"content":{"rendered":"","protected":false},"excerpt":{"rendered":"","protected":false},"featured_media":816,"template":"","meta":[],"product_brand":[],"product_cat":[90,82],"product_tag":[],"class_list":{"0":"post-960","1":"product","2":"type-product","3":"status-publish","4":"has-post-thumbnail","6":"product_cat-botlar","7":"product_cat-dalis-ekipmanlari","9":"first","10":"instock","11":"shipping-taxable","12":"product-type-variable"},"yoast_head":"<!-- This site is optimized with the Yoast SEO Premium plugin v22.1 (Yoast SEO v27.0) - https:\/\/yoast.com\/product\/yoast-seo-premium-wordpress\/ -->\n<title>SoprasSub 5mm sert tabanl\u0131 dal\u0131\u015f botu - Lykia World Dal\u0131\u015f Merkezi | PADI 5 Y\u0131ld\u0131z IDC | \u00d6l\u00fcdeniz - Fethiye<\/title>\n<meta name=\"robots\" content=\"index, follow, max-snippet:-1, max-image-preview:large, max-video-preview:-1\" \/>\n<link rel=\"canonical\" href=\"https:\/\/lykiaworlddivingcentre.com\/product\/boots-5mm-hard-sole-2\/\" \/>\n<meta property=\"og:locale\" content=\"tr_TR\" \/>\n<meta property=\"og:type\" content=\"article\" \/>\n<meta property=\"og:title\" content=\"SoprasSub 5mm sert tabanl\u0131 dal\u0131\u015f botu\" \/>\n<meta property=\"og:url\" content=\"https:\/\/lykiaworlddivingcentre.com\/product\/boots-5mm-hard-sole-2\/\" \/>\n<meta property=\"og:site_name\" content=\"Lykia World Dal\u0131\u015f Merkezi | PADI 5 Y\u0131ld\u0131z IDC | \u00d6l\u00fcdeniz - Fethiye\" \/>\n<meta property=\"article:publisher\" content=\"https:\/\/www.facebook.com\/lykiaworlddivingcentre\" \/>\n<meta property=\"article:modified_time\" content=\"2026-02-28T10:16:51+00:00\" \/>\n<meta property=\"og:image\" content=\"https:\/\/lykiaworlddivingcentre.com\/wp-content\/uploads\/2024\/03\/Boots-5mm-hard-sole.jpg\" \/>\n\t<meta property=\"og:image:width\" content=\"1500\" \/>\n\t<meta property=\"og:image:height\" content=\"1500\" \/>\n\t<meta property=\"og:image:type\" content=\"image\/jpeg\" \/>\n<meta name=\"twitter:card\" content=\"summary_large_image\" \/>\n<meta name=\"twitter:label1\" content=\"Durumu\" \/>\n\t<meta name=\"twitter:data1\" content=\"Stokta var\" \/>\n<script type=\"application\/ld+json\" class=\"yoast-schema-graph\">{\"@context\":\"https:\/\/schema.org\",\"@graph\":[{\"@type\":\"WebPage\",\"@id\":\"https:\/\/lykiaworlddivingcentre.com\/product\/boots-5mm-hard-sole-2\/\",\"url\":\"https:\/\/lykiaworlddivingcentre.com\/product\/boots-5mm-hard-sole-2\/\",\"name\":\"SoprasSub 5mm sert tabanl\u0131 dal\u0131\u015f botu - Lykia World Dal\u0131\u015f Merkezi | PADI 5 Y\u0131ld\u0131z IDC | \u00d6l\u00fcdeniz - Fethiye\",\"isPartOf\":{\"@id\":\"https:\/\/lykiaworlddivingcentre.com\/tr\/#website\"},\"primaryImageOfPage\":{\"@id\":\"https:\/\/lykiaworlddivingcentre.com\/product\/boots-5mm-hard-sole-2\/#primaryimage\"},\"image\":{\"@id\":\"https:\/\/lykiaworlddivingcentre.com\/product\/boots-5mm-hard-sole-2\/#primaryimage\"},\"thumbnailUrl\":\"https:\/\/lykiaworlddivingcentre.com\/wp-content\/uploads\/2024\/03\/Boots-5mm-hard-sole.jpg\",\"datePublished\":\"2024-03-13T14:49:59+00:00\",\"dateModified\":\"2026-02-28T10:16:51+00:00\",\"breadcrumb\":{\"@id\":\"https:\/\/lykiaworlddivingcentre.com\/product\/boots-5mm-hard-sole-2\/#breadcrumb\"},\"inLanguage\":\"tr\",\"potentialAction\":[{\"@type\":\"ReadAction\",\"target\":[\"https:\/\/lykiaworlddivingcentre.com\/product\/boots-5mm-hard-sole-2\/\"]}]},{\"@type\":\"ImageObject\",\"inLanguage\":\"tr\",\"@id\":\"https:\/\/lykiaworlddivingcentre.com\/product\/boots-5mm-hard-sole-2\/#primaryimage\",\"url\":\"https:\/\/lykiaworlddivingcentre.com\/wp-content\/uploads\/2024\/03\/Boots-5mm-hard-sole.jpg\",\"contentUrl\":\"https:\/\/lykiaworlddivingcentre.com\/wp-content\/uploads\/2024\/03\/Boots-5mm-hard-sole.jpg\",\"width\":1500,\"height\":1500},{\"@type\":\"BreadcrumbList\",\"@id\":\"https:\/\/lykiaworlddivingcentre.com\/product\/boots-5mm-hard-sole-2\/#breadcrumb\",\"itemListElement\":[{\"@type\":\"ListItem\",\"position\":1,\"name\":\"Home\",\"item\":\"https:\/\/lykiaworlddivingcentre.com\/\"},{\"@type\":\"ListItem\",\"position\":2,\"name\":\"Shop\",\"item\":\"https:\/\/lykiaworlddivingcentre.com\/shop\/\"},{\"@type\":\"ListItem\",\"position\":3,\"name\":\"SoprasSub 5mm sert tabanl\u0131 dal\u0131\u015f botu\"}]},{\"@type\":\"WebSite\",\"@id\":\"https:\/\/lykiaworlddivingcentre.com\/tr\/#website\",\"url\":\"https:\/\/lykiaworlddivingcentre.com\/tr\/\",\"name\":\"Lykia World Diving Centre | PADI 5 Star IDC | \u00d6l\u00fcdeniz - Fethiye\",\"description\":\"\",\"publisher\":{\"@id\":\"https:\/\/lykiaworlddivingcentre.com\/tr\/#organization\"},\"alternateName\":\"Lykia World Diving Centre\",\"potentialAction\":[{\"@type\":\"SearchAction\",\"target\":{\"@type\":\"EntryPoint\",\"urlTemplate\":\"https:\/\/lykiaworlddivingcentre.com\/tr\/?s={search_term_string}\"},\"query-input\":{\"@type\":\"PropertyValueSpecification\",\"valueRequired\":true,\"valueName\":\"search_term_string\"}}],\"inLanguage\":\"tr\"},{\"@type\":\"Organization\",\"@id\":\"https:\/\/lykiaworlddivingcentre.com\/tr\/#organization\",\"name\":\"Lykia World Dal\u0131\u015f Merkezi | PADI 5 Y\u0131ld\u0131z IDC | \u00d6l\u00fcdeniz - Fethiye\",\"url\":\"https:\/\/lykiaworlddivingcentre.com\/tr\/\",\"logo\":{\"@type\":\"ImageObject\",\"inLanguage\":\"tr\",\"@id\":\"https:\/\/lykiaworlddivingcentre.com\/tr\/#\/schema\/logo\/image\/\",\"url\":\"https:\/\/lykiaworlddivingcentre.com\/wp-content\/uploads\/2023\/11\/LWDC-YATAY-Logo-idc-w600.png\",\"contentUrl\":\"https:\/\/lykiaworlddivingcentre.com\/wp-content\/uploads\/2023\/11\/LWDC-YATAY-Logo-idc-w600.png\",\"width\":600,\"height\":320,\"caption\":\"Lykia World Dal\u0131\u015f Merkezi | PADI 5 Y\u0131ld\u0131z IDC | \u00d6l\u00fcdeniz - Fethiye\"},\"image\":{\"@id\":\"https:\/\/lykiaworlddivingcentre.com\/tr\/#\/schema\/logo\/image\/\"},\"sameAs\":[\"https:\/\/www.facebook.com\/lykiaworlddivingcentre\",\"https:\/\/www.instagram.com\/lykiaworld_diving_centre\/\"],\"description\":\"Our diving adventure, which started in Marmaris in 1991, has been continuing in Fethiye \u00d6l\u00fcdeniz region for the last eight years. Since the first day we entered the sector, we have strived to add a new dimension to diving and we still maintain this passion.Lykia World Diving Centre (LWDC) is a PADI 5 star Instructor Development Centre located in Oludeniz with the best dive sites in the area right at our doorstep.\",\"email\":\"info@lykiaworlddivingcentre.com\",\"telephone\":\"+90 534 388 6261\",\"legalName\":\"AquaLykia Inc.\"}]}<\/script>\n<meta property=\"og:availability\" content=\"instock\" \/>\n<meta property=\"product:availability\" content=\"instock\" \/>\n<meta property=\"product:condition\" content=\"new\" \/>\n<!-- \/ Yoast SEO Premium plugin. -->","yoast_head_json":{"title":"SoprasSub 5mm sert tabanl\u0131 dal\u0131\u015f botu - Lykia World Dal\u0131\u015f Merkezi | PADI 5 Y\u0131ld\u0131z IDC | \u00d6l\u00fcdeniz - Fethiye","robots":{"index":"index","follow":"follow","max-snippet":"max-snippet:-1","max-image-preview":"max-image-preview:large","max-video-preview":"max-video-preview:-1"},"canonical":"https:\/\/lykiaworlddivingcentre.com\/product\/boots-5mm-hard-sole-2\/","og_locale":"tr_TR","og_type":"article","og_title":"SoprasSub 5mm sert tabanl\u0131 dal\u0131\u015f botu","og_url":"https:\/\/lykiaworlddivingcentre.com\/product\/boots-5mm-hard-sole-2\/","og_site_name":"Lykia World Dal\u0131\u015f Merkezi | PADI 5 Y\u0131ld\u0131z IDC | \u00d6l\u00fcdeniz - Fethiye","article_publisher":"https:\/\/www.facebook.com\/lykiaworlddivingcentre","article_modified_time":"2026-02-28T10:16:51+00:00","og_image":[{"width":1500,"height":1500,"url":"https:\/\/lykiaworlddivingcentre.com\/wp-content\/uploads\/2024\/03\/Boots-5mm-hard-sole.jpg","type":"image\/jpeg"}],"twitter_card":"summary_large_image","twitter_misc":{"Durumu":"Stokta var"},"schema":{"@context":"https:\/\/schema.org","@graph":[{"@type":"WebPage","@id":"https:\/\/lykiaworlddivingcentre.com\/product\/boots-5mm-hard-sole-2\/","url":"https:\/\/lykiaworlddivingcentre.com\/product\/boots-5mm-hard-sole-2\/","name":"SoprasSub 5mm sert tabanl\u0131 dal\u0131\u015f botu - Lykia World Dal\u0131\u015f Merkezi | PADI 5 Y\u0131ld\u0131z IDC | \u00d6l\u00fcdeniz - Fethiye","isPartOf":{"@id":"https:\/\/lykiaworlddivingcentre.com\/tr\/#website"},"primaryImageOfPage":{"@id":"https:\/\/lykiaworlddivingcentre.com\/product\/boots-5mm-hard-sole-2\/#primaryimage"},"image":{"@id":"https:\/\/lykiaworlddivingcentre.com\/product\/boots-5mm-hard-sole-2\/#primaryimage"},"thumbnailUrl":"https:\/\/lykiaworlddivingcentre.com\/wp-content\/uploads\/2024\/03\/Boots-5mm-hard-sole.jpg","datePublished":"2024-03-13T14:49:59+00:00","dateModified":"2026-02-28T10:16:51+00:00","breadcrumb":{"@id":"https:\/\/lykiaworlddivingcentre.com\/product\/boots-5mm-hard-sole-2\/#breadcrumb"},"inLanguage":"tr","potentialAction":[{"@type":"ReadAction","target":["https:\/\/lykiaworlddivingcentre.com\/product\/boots-5mm-hard-sole-2\/"]}]},{"@type":"ImageObject","inLanguage":"tr","@id":"https:\/\/lykiaworlddivingcentre.com\/product\/boots-5mm-hard-sole-2\/#primaryimage","url":"https:\/\/lykiaworlddivingcentre.com\/wp-content\/uploads\/2024\/03\/Boots-5mm-hard-sole.jpg","contentUrl":"https:\/\/lykiaworlddivingcentre.com\/wp-content\/uploads\/2024\/03\/Boots-5mm-hard-sole.jpg","width":1500,"height":1500},{"@type":"BreadcrumbList","@id":"https:\/\/lykiaworlddivingcentre.com\/product\/boots-5mm-hard-sole-2\/#breadcrumb","itemListElement":[{"@type":"ListItem","position":1,"name":"Home","item":"https:\/\/lykiaworlddivingcentre.com\/"},{"@type":"ListItem","position":2,"name":"Shop","item":"https:\/\/lykiaworlddivingcentre.com\/shop\/"},{"@type":"ListItem","position":3,"name":"SoprasSub 5mm sert tabanl\u0131 dal\u0131\u015f botu"}]},{"@type":"WebSite","@id":"https:\/\/lykiaworlddivingcentre.com\/tr\/#website","url":"https:\/\/lykiaworlddivingcentre.com\/tr\/","name":"Lykia World Diving Centre | PADI 5 Star IDC | \u00d6l\u00fcdeniz - Fethiye","description":"","publisher":{"@id":"https:\/\/lykiaworlddivingcentre.com\/tr\/#organization"},"alternateName":"Lykia World Diving Centre","potentialAction":[{"@type":"SearchAction","target":{"@type":"EntryPoint","urlTemplate":"https:\/\/lykiaworlddivingcentre.com\/tr\/?s={search_term_string}"},"query-input":{"@type":"PropertyValueSpecification","valueRequired":true,"valueName":"search_term_string"}}],"inLanguage":"tr"},{"@type":"Organization","@id":"https:\/\/lykiaworlddivingcentre.com\/tr\/#organization","name":"Lykia World Dal\u0131\u015f Merkezi | PADI 5 Y\u0131ld\u0131z IDC | \u00d6l\u00fcdeniz - Fethiye","url":"https:\/\/lykiaworlddivingcentre.com\/tr\/","logo":{"@type":"ImageObject","inLanguage":"tr","@id":"https:\/\/lykiaworlddivingcentre.com\/tr\/#\/schema\/logo\/image\/","url":"https:\/\/lykiaworlddivingcentre.com\/wp-content\/uploads\/2023\/11\/LWDC-YATAY-Logo-idc-w600.png","contentUrl":"https:\/\/lykiaworlddivingcentre.com\/wp-content\/uploads\/2023\/11\/LWDC-YATAY-Logo-idc-w600.png","width":600,"height":320,"caption":"Lykia World Dal\u0131\u015f Merkezi | PADI 5 Y\u0131ld\u0131z IDC | \u00d6l\u00fcdeniz - Fethiye"},"image":{"@id":"https:\/\/lykiaworlddivingcentre.com\/tr\/#\/schema\/logo\/image\/"},"sameAs":["https:\/\/www.facebook.com\/lykiaworlddivingcentre","https:\/\/www.instagram.com\/lykiaworld_diving_centre\/"],"description":"Our diving adventure, which started in Marmaris in 1991, has been continuing in Fethiye \u00d6l\u00fcdeniz region for the last eight years. Since the first day we entered the sector, we have strived to add a new dimension to diving and we still maintain this passion.Lykia World Diving Centre (LWDC) is a PADI 5 star Instructor Development Centre located in Oludeniz with the best dive sites in the area right at our doorstep.","email":"info@lykiaworlddivingcentre.com","telephone":"+90 534 388 6261","legalName":"AquaLykia Inc."}]},"og_availability":"instock","product_availability":"instock","product_condition":"new"},"_links":{"self":[{"href":"https:\/\/lykiaworlddivingcentre.com\/tr\/wp-json\/wp\/v2\/product\/960","targetHints":{"allow":["GET"]}}],"collection":[{"href":"https:\/\/lykiaworlddivingcentre.com\/tr\/wp-json\/wp\/v2\/product"}],"about":[{"href":"https:\/\/lykiaworlddivingcentre.com\/tr\/wp-json\/wp\/v2\/types\/product"}],"wp:featuredmedia":[{"embeddable":true,"href":"https:\/\/lykiaworlddivingcentre.com\/tr\/wp-json\/wp\/v2\/media\/816"}],"wp:attachment":[{"href":"https:\/\/lykiaworlddivingcentre.com\/tr\/wp-json\/wp\/v2\/media?parent=960"}],"wp:term":[{"taxonomy":"product_brand","embeddable":true,"href":"https:\/\/lykiaworlddivingcentre.com\/tr\/wp-json\/wp\/v2\/product_brand?post=960"},{"taxonomy":"product_cat","embeddable":true,"href":"https:\/\/lykiaworlddivingcentre.com\/tr\/wp-json\/wp\/v2\/product_cat?post=960"},{"taxonomy":"product_tag","embeddable":true,"href":"https:\/\/lykiaworlddivingcentre.com\/tr\/wp-json\/wp\/v2\/product_tag?post=960"}],"curies":[{"name":"wp","href":"https:\/\/api.w.org\/{rel}","templated":true}]}}